{"id":11988,"date":"2025-12-18T18:00:18","date_gmt":"2025-12-18T18:00:18","guid":{"rendered":"https:\/\/mirus.ch\/protection-des-donnees\/"},"modified":"2026-03-12T09:35:19","modified_gmt":"2026-03-12T09:35:19","slug":"protection-des-donnees","status":"publish","type":"page","link":"https:\/\/mirus.ch\/fr\/protection-des-donnees\/","title":{"rendered":"Protection des donn\u00e9es"},"content":{"rendered":"\t\t<div data-elementor-type=\"wp-page\" data-elementor-id=\"11988\" class=\"elementor elementor-11988 elementor-11964\" data-elementor-post-type=\"page\">\n\t\t\t\t<div class=\"elementor-element elementor-element-62c74b7 e-flex e-con-boxed e-con e-parent\" data-id=\"62c74b7\" data-element_type=\"container\" data-e-type=\"container\">\n\t\t\t\t\t<div class=\"e-con-inner\">\n\t\t\t\t<div class=\"elementor-element elementor-element-34e2b74 elementor-widget elementor-widget-heading\" data-id=\"34e2b74\" data-element_type=\"widget\" data-e-type=\"widget\" data-widget_type=\"heading.default\">\n\t\t\t\t<div class=\"elementor-widget-container\">\n\t\t\t\t\t<h1 class=\"elementor-heading-title elementor-size-default\">Protection des donn\u00e9es<\/h1>\t\t\t\t<\/div>\n\t\t\t\t<\/div>\n\t\t\t\t<div class=\"elementor-element elementor-element-0ca6c6f elementor-widget elementor-widget-text-editor\" data-id=\"0ca6c6f\" data-element_type=\"widget\" data-e-type=\"widget\" data-widget_type=\"text-editor.default\">\n\t\t\t\t<div class=\"elementor-widget-container\">\n\t\t\t\t\t\t\t\t\t<p>La gestion responsable de vos donn\u00e9es personnelles est une pr\u00e9occupation centrale pour Mirus Software AG. <br>Dans cette d\u00e9claration de protection des donn\u00e9es, nous d\u00e9crivons comment et pourquoi nous traitons les donn\u00e9es personnelles. <\/p><p> <\/p><p><a href=\"https:\/\/mirus.ch\/wp-content\/uploads\/2025\/12\/Datenschutzerklaerung_Mirus_Software_AG_0723-1.pdf\" target=\"_blank\" rel=\"noopener\">Politique de confidentialit\u00e9 Mirus Software AG<\/a><\/p>\t\t\t\t\t\t\t\t<\/div>\n\t\t\t\t<\/div>\n\t\t\t\t\t<\/div>\n\t\t\t\t<\/div>\n\t\t\t\t<\/div>\n\t\t","protected":false},"excerpt":{"rendered":"<p>Protection des donn\u00e9es La gestion responsable de vos donn\u00e9es personnelles est une pr\u00e9occupation centrale pour Mirus Software AG. Dans cette d\u00e9claration de protection des donn\u00e9es, nous d\u00e9crivons comment et pourquoi nous traitons les donn\u00e9es personnelles. Politique de confidentialit\u00e9 Mirus Software AG<\/p>\n","protected":false},"author":4,"featured_media":0,"parent":0,"menu_order":0,"comment_status":"closed","ping_status":"closed","template":"","meta":{"_acf_changed":false,"inline_featured_image":false,"footnotes":""},"event":[],"class_list":["post-11988","page","type-page","status-publish","hentry"],"acf":[],"yoast_head":"<!-- This site is optimized with the Yoast SEO plugin v27.1.1 - https:\/\/yoast.com\/product\/yoast-seo-wordpress\/ -->\n<title>Protection des donn\u00e9es | Mirus<\/title>\n<meta name=\"robots\" content=\"index, follow, max-snippet:-1, max-image-preview:large, max-video-preview:-1\" \/>\n<link rel=\"canonical\" href=\"https:\/\/mirus.ch\/fr\/protection-des-donnees\/\" \/>\n<meta property=\"og:locale\" content=\"fr_FR\" \/>\n<meta property=\"og:type\" content=\"article\" \/>\n<meta property=\"og:title\" content=\"Protection des donn\u00e9es | Mirus\" \/>\n<meta property=\"og:description\" content=\"Protection des donn\u00e9es La gestion responsable de vos donn\u00e9es personnelles est une pr\u00e9occupation centrale pour Mirus Software AG. Dans cette d\u00e9claration de protection des donn\u00e9es, nous d\u00e9crivons comment et pourquoi nous traitons les donn\u00e9es personnelles. Politique de confidentialit\u00e9 Mirus Software AG\" \/>\n<meta property=\"og:url\" content=\"https:\/\/mirus.ch\/fr\/protection-des-donnees\/\" \/>\n<meta property=\"og:site_name\" content=\"Mirus\" \/>\n<meta property=\"article:modified_time\" content=\"2026-03-12T09:35:19+00:00\" \/>\n<meta name=\"twitter:card\" content=\"summary_large_image\" \/>\n<script type=\"application\/ld+json\" class=\"yoast-schema-graph\">{\"@context\":\"https:\/\/schema.org\",\"@graph\":[{\"@type\":\"WebPage\",\"@id\":\"https:\/\/mirus.ch\/fr\/protection-des-donnees\/\",\"url\":\"https:\/\/mirus.ch\/fr\/protection-des-donnees\/\",\"name\":\"Protection des donn\u00e9es | Mirus\",\"isPartOf\":{\"@id\":\"https:\/\/mirus.ch\/fr\/#website\"},\"datePublished\":\"2025-12-18T18:00:18+00:00\",\"dateModified\":\"2026-03-12T09:35:19+00:00\",\"breadcrumb\":{\"@id\":\"https:\/\/mirus.ch\/fr\/protection-des-donnees\/#breadcrumb\"},\"inLanguage\":\"fr-FR\",\"potentialAction\":[{\"@type\":\"ReadAction\",\"target\":[\"https:\/\/mirus.ch\/fr\/protection-des-donnees\/\"]}]},{\"@type\":\"BreadcrumbList\",\"@id\":\"https:\/\/mirus.ch\/fr\/protection-des-donnees\/#breadcrumb\",\"itemListElement\":[{\"@type\":\"ListItem\",\"position\":1,\"name\":\"Home\",\"item\":\"https:\/\/mirus.ch\/fr\/home\/\"},{\"@type\":\"ListItem\",\"position\":2,\"name\":\"Protection des donn\u00e9es\"}]},{\"@type\":\"WebSite\",\"@id\":\"https:\/\/mirus.ch\/fr\/#website\",\"url\":\"https:\/\/mirus.ch\/fr\/\",\"name\":\"Mirus Software AG\",\"description\":\"Software und Service mit Herzblut\",\"publisher\":{\"@id\":\"https:\/\/mirus.ch\/fr\/#organization\"},\"alternateName\":\"Mirus Schweiz\",\"potentialAction\":[{\"@type\":\"SearchAction\",\"target\":{\"@type\":\"EntryPoint\",\"urlTemplate\":\"https:\/\/mirus.ch\/fr\/?s={search_term_string}\"},\"query-input\":{\"@type\":\"PropertyValueSpecification\",\"valueRequired\":true,\"valueName\":\"search_term_string\"}}],\"inLanguage\":\"fr-FR\"},{\"@type\":\"Organization\",\"@id\":\"https:\/\/mirus.ch\/fr\/#organization\",\"name\":\"Mirus software AG\",\"url\":\"https:\/\/mirus.ch\/fr\/\",\"logo\":{\"@type\":\"ImageObject\",\"inLanguage\":\"fr-FR\",\"@id\":\"https:\/\/mirus.ch\/fr\/#\/schema\/logo\/image\/\",\"url\":\"https:\/\/mirus.ch\/wp-content\/uploads\/2025\/07\/mirus-logo-rgb-turquise.png\",\"contentUrl\":\"https:\/\/mirus.ch\/wp-content\/uploads\/2025\/07\/mirus-logo-rgb-turquise.png\",\"width\":529,\"height\":123,\"caption\":\"Mirus software AG\"},\"image\":{\"@id\":\"https:\/\/mirus.ch\/fr\/#\/schema\/logo\/image\/\"},\"sameAs\":[\"https:\/\/www.linkedin.com\/company\/mirussoftwareag\/\"]}]}<\/script>\n<!-- \/ Yoast SEO plugin. -->","yoast_head_json":{"title":"Protection des donn\u00e9es | Mirus","robots":{"index":"index","follow":"follow","max-snippet":"max-snippet:-1","max-image-preview":"max-image-preview:large","max-video-preview":"max-video-preview:-1"},"canonical":"https:\/\/mirus.ch\/fr\/protection-des-donnees\/","og_locale":"fr_FR","og_type":"article","og_title":"Protection des donn\u00e9es | Mirus","og_description":"Protection des donn\u00e9es La gestion responsable de vos donn\u00e9es personnelles est une pr\u00e9occupation centrale pour Mirus Software AG. Dans cette d\u00e9claration de protection des donn\u00e9es, nous d\u00e9crivons comment et pourquoi nous traitons les donn\u00e9es personnelles. Politique de confidentialit\u00e9 Mirus Software AG","og_url":"https:\/\/mirus.ch\/fr\/protection-des-donnees\/","og_site_name":"Mirus","article_modified_time":"2026-03-12T09:35:19+00:00","twitter_card":"summary_large_image","schema":{"@context":"https:\/\/schema.org","@graph":[{"@type":"WebPage","@id":"https:\/\/mirus.ch\/fr\/protection-des-donnees\/","url":"https:\/\/mirus.ch\/fr\/protection-des-donnees\/","name":"Protection des donn\u00e9es | Mirus","isPartOf":{"@id":"https:\/\/mirus.ch\/fr\/#website"},"datePublished":"2025-12-18T18:00:18+00:00","dateModified":"2026-03-12T09:35:19+00:00","breadcrumb":{"@id":"https:\/\/mirus.ch\/fr\/protection-des-donnees\/#breadcrumb"},"inLanguage":"fr-FR","potentialAction":[{"@type":"ReadAction","target":["https:\/\/mirus.ch\/fr\/protection-des-donnees\/"]}]},{"@type":"BreadcrumbList","@id":"https:\/\/mirus.ch\/fr\/protection-des-donnees\/#breadcrumb","itemListElement":[{"@type":"ListItem","position":1,"name":"Home","item":"https:\/\/mirus.ch\/fr\/home\/"},{"@type":"ListItem","position":2,"name":"Protection des donn\u00e9es"}]},{"@type":"WebSite","@id":"https:\/\/mirus.ch\/fr\/#website","url":"https:\/\/mirus.ch\/fr\/","name":"Mirus Software AG","description":"Software und Service mit Herzblut","publisher":{"@id":"https:\/\/mirus.ch\/fr\/#organization"},"alternateName":"Mirus Schweiz","potentialAction":[{"@type":"SearchAction","target":{"@type":"EntryPoint","urlTemplate":"https:\/\/mirus.ch\/fr\/?s={search_term_string}"},"query-input":{"@type":"PropertyValueSpecification","valueRequired":true,"valueName":"search_term_string"}}],"inLanguage":"fr-FR"},{"@type":"Organization","@id":"https:\/\/mirus.ch\/fr\/#organization","name":"Mirus software AG","url":"https:\/\/mirus.ch\/fr\/","logo":{"@type":"ImageObject","inLanguage":"fr-FR","@id":"https:\/\/mirus.ch\/fr\/#\/schema\/logo\/image\/","url":"https:\/\/mirus.ch\/wp-content\/uploads\/2025\/07\/mirus-logo-rgb-turquise.png","contentUrl":"https:\/\/mirus.ch\/wp-content\/uploads\/2025\/07\/mirus-logo-rgb-turquise.png","width":529,"height":123,"caption":"Mirus software AG"},"image":{"@id":"https:\/\/mirus.ch\/fr\/#\/schema\/logo\/image\/"},"sameAs":["https:\/\/www.linkedin.com\/company\/mirussoftwareag\/"]}]}},"_links":{"self":[{"href":"https:\/\/mirus.ch\/fr\/wp-json\/wp\/v2\/pages\/11988","targetHints":{"allow":["GET"]}}],"collection":[{"href":"https:\/\/mirus.ch\/fr\/wp-json\/wp\/v2\/pages"}],"about":[{"href":"https:\/\/mirus.ch\/fr\/wp-json\/wp\/v2\/types\/page"}],"author":[{"embeddable":true,"href":"https:\/\/mirus.ch\/fr\/wp-json\/wp\/v2\/users\/4"}],"replies":[{"embeddable":true,"href":"https:\/\/mirus.ch\/fr\/wp-json\/wp\/v2\/comments?post=11988"}],"version-history":[{"count":6,"href":"https:\/\/mirus.ch\/fr\/wp-json\/wp\/v2\/pages\/11988\/revisions"}],"predecessor-version":[{"id":13049,"href":"https:\/\/mirus.ch\/fr\/wp-json\/wp\/v2\/pages\/11988\/revisions\/13049"}],"wp:attachment":[{"href":"https:\/\/mirus.ch\/fr\/wp-json\/wp\/v2\/media?parent=11988"}],"wp:term":[{"taxonomy":"event","embeddable":true,"href":"https:\/\/mirus.ch\/fr\/wp-json\/wp\/v2\/event?post=11988"}],"curies":[{"name":"wp","href":"https:\/\/api.w.org\/{rel}","templated":true}]}}