{"id":12108,"date":"2025-12-09T14:49:57","date_gmt":"2025-12-09T14:49:57","guid":{"rendered":"https:\/\/mirus.ch\/connaissance\/formation-continue\/formation-continue-webinaire-mirus-time\/"},"modified":"2026-04-15T08:05:45","modified_gmt":"2026-04-15T08:05:45","slug":"formation-continue-webinaire-mirus-time","status":"publish","type":"page","link":"https:\/\/mirus.ch\/fr\/connaissance\/formation-continue\/formation-continue-webinaire-mirus-time\/","title":{"rendered":"[Weiterbildung] Mirus Time Webinar"},"content":{"rendered":"\t\t<div data-elementor-type=\"wp-page\" data-elementor-id=\"12108\" class=\"elementor elementor-12108 elementor-11829\" data-elementor-post-type=\"page\">\n\t\t\t\t<div class=\"elementor-element elementor-element-4756bd7c e-flex e-con-boxed e-con e-parent\" data-id=\"4756bd7c\" data-element_type=\"container\" data-e-type=\"container\">\n\t\t\t\t\t<div class=\"e-con-inner\">\n\t\t<div class=\"elementor-element elementor-element-7c334efd e-con-full e-flex e-con e-child\" data-id=\"7c334efd\" data-element_type=\"container\" data-e-type=\"container\">\n\t\t\t\t<div class=\"elementor-element elementor-element-16de981 elementor-widget elementor-widget-heading\" data-id=\"16de981\" data-element_type=\"widget\" data-e-type=\"widget\" data-widget_type=\"heading.default\">\n\t\t\t\t<div class=\"elementor-widget-container\">\n\t\t\t\t\t<h1 class=\"elementor-heading-title elementor-size-default\">Webinaire Mirus TIME<\/h1>\t\t\t\t<\/div>\n\t\t\t\t<\/div>\n\t\t\t\t<\/div>\n\t\t\t\t<div class=\"elementor-element elementor-element-73efb605 elementor-widget elementor-widget-image\" data-id=\"73efb605\" data-element_type=\"widget\" data-e-type=\"widget\" data-widget_type=\"image.default\">\n\t\t\t\t<div class=\"elementor-widget-container\">\n\t\t\t\t\t\t\t\t\t\t\t\t\t\t\t<img fetchpriority=\"high\" decoding=\"async\" width=\"1200\" height=\"900\" src=\"https:\/\/mirus.ch\/wp-content\/uploads\/2026\/03\/mirus-webinar-fra.jpg\" class=\"attachment-full size-full wp-image-13350\" alt=\"Mirus Webinar - Mirus TIME\" srcset=\"https:\/\/mirus.ch\/wp-content\/uploads\/2026\/03\/mirus-webinar-fra.jpg 1200w, https:\/\/mirus.ch\/wp-content\/uploads\/2026\/03\/mirus-webinar-fra-300x225.jpg 300w, https:\/\/mirus.ch\/wp-content\/uploads\/2026\/03\/mirus-webinar-fra-1024x768.jpg 1024w, https:\/\/mirus.ch\/wp-content\/uploads\/2026\/03\/mirus-webinar-fra-768x576.jpg 768w\" sizes=\"(max-width: 1200px) 100vw, 1200px\" \/>\t\t\t\t\t\t\t\t\t\t\t\t\t\t\t<\/div>\n\t\t\t\t<\/div>\n\t\t\t\t\t<\/div>\n\t\t\t\t<\/div>\n\t\t<div class=\"elementor-element elementor-element-7f4d91d0 e-flex e-con-boxed e-con e-parent\" data-id=\"7f4d91d0\" data-element_type=\"container\" data-e-type=\"container\" data-settings=\"{&quot;background_background&quot;:&quot;classic&quot;}\">\n\t\t\t\t\t<div class=\"e-con-inner\">\n\t\t<div class=\"elementor-element elementor-element-7af20b34 e-con-full e-flex e-con e-child\" data-id=\"7af20b34\" data-element_type=\"container\" data-e-type=\"container\">\n\t\t\t\t<div class=\"elementor-element elementor-element-5ad62365 elementor-widget__width-initial elementor-widget elementor-widget-text-editor\" data-id=\"5ad62365\" data-element_type=\"widget\" data-e-type=\"widget\" data-widget_type=\"text-editor.default\">\n\t\t\t\t<div class=\"elementor-widget-container\">\n\t\t\t\t\t\t\t\t\t<p><span style=\"font-weight: 400;\">Le <strong>webinaire Mirus TIME<\/strong> est sp\u00e9cialement con\u00e7u pour rendre la <\/span><b>transition obligatoire<\/b><span style=\"font-weight: 400;\"> aussi simple, s\u00fbre et efficace que possible pour les utilisateurs. <strong>Profitez d\u00e8s maintenant de votre remise de 50 % pour r\u00e9servation anticip\u00e9e !<\/strong><\/span><\/p>\t\t\t\t\t\t\t\t<\/div>\n\t\t\t\t<\/div>\n\t\t\t\t<div class=\"elementor-element elementor-element-56cf7365 elementor-widget elementor-widget-heading\" data-id=\"56cf7365\" data-element_type=\"widget\" data-e-type=\"widget\" data-widget_type=\"heading.default\">\n\t\t\t\t<div class=\"elementor-widget-container\">\n\t\t\t\t\t<h2 class=\"elementor-heading-title elementor-size-default\">Vous passez \u00e0 Mirus TIME et vous souhaitez l\u2019utiliser en toute s\u00e9curit\u00e9 au quotidien&nbsp;?\n<\/h2>\t\t\t\t<\/div>\n\t\t\t\t<\/div>\n\t\t\t\t<div class=\"elementor-element elementor-element-15561cce elementor-widget__width-initial elementor-widget elementor-widget-text-editor\" data-id=\"15561cce\" data-element_type=\"widget\" data-e-type=\"widget\" data-widget_type=\"text-editor.default\">\n\t\t\t\t<div class=\"elementor-widget-container\">\n\t\t\t\t\t\t\t\t\t<p><span style=\"font-weight: 400;\">Votre \u00e9tablissement met en \u0153uvre Mirus TIME et vous serez \u00e0 l&rsquo;avenir responsable de la planification des services, de la saisie des temps ou du contr\u00f4le des heures de travail. <\/span><span style=\"font-weight: 400;\">Dans le webinaire Mirus TIME, vous apprendrez pr\u00e9cis\u00e9ment les fonctions dont vous avez besoin au quotidien dans le cadre de la migration, de la planification \u00e0 la transmission transparente des temps au service de la paie.<\/span><\/p>\t\t\t\t\t\t\t\t<\/div>\n\t\t\t\t<\/div>\n\t\t\t\t<div class=\"elementor-element elementor-element-1c13162a elementor-widget elementor-widget-heading\" data-id=\"1c13162a\" data-element_type=\"widget\" data-e-type=\"widget\" data-widget_type=\"heading.default\">\n\t\t\t\t<div class=\"elementor-widget-container\">\n\t\t\t\t\t<h2 class=\"elementor-heading-title elementor-size-default\">\u00c0 qui s\u2019adresse le webinaire&nbsp;?<\/h2>\t\t\t\t<\/div>\n\t\t\t\t<\/div>\n\t\t\t\t<div class=\"elementor-element elementor-element-5cc64b9f elementor-widget__width-initial elementor-widget elementor-widget-text-editor\" data-id=\"5cc64b9f\" data-element_type=\"widget\" data-e-type=\"widget\" data-widget_type=\"text-editor.default\">\n\t\t\t\t<div class=\"elementor-widget-container\">\n\t\t\t\t\t\t\t\t\t<ul><li style=\"font-weight: 400;\" aria-level=\"1\"><span style=\"font-weight: 400;\">Aux utilisateurs de Mirus qui passent maintenant \u00e0 Mirus TIME et qui ont besoin d&rsquo;une prise en main s\u00e9curis\u00e9e de la nouvelle interface et de la nouvelle logique.<\/span><\/li><li style=\"font-weight: 400;\" aria-level=\"1\"><span style=\"font-weight: 400;\"><span style=\"font-weight: 400;\">Aux responsables RH, aux planificateurs et aux sup\u00e9rieurs hi\u00e9rarchiques qui g\u00e8rent la planification des collaborateurs et les temps de travail directement dans Mirus TIME.<\/span><\/span><\/li><li style=\"font-weight: 400;\" aria-level=\"1\">Aux collaborateurs qui contr\u00f4lent les temps de travail, v\u00e9rifient les soldes ou mettent \u00e0 disposition des donn\u00e9es pour les salaires et le controlling et qui ne veulent plus de ruptures de m\u00e9dias.<\/li><\/ul>\t\t\t\t\t\t\t\t<\/div>\n\t\t\t\t<\/div>\n\t\t\t\t<div class=\"elementor-element elementor-element-29c239e elementor-widget elementor-widget-heading\" data-id=\"29c239e\" data-element_type=\"widget\" data-e-type=\"widget\" data-widget_type=\"heading.default\">\n\t\t\t\t<div class=\"elementor-widget-container\">\n\t\t\t\t\t<h2 class=\"elementor-heading-title elementor-size-default\">Pourquoi ce webinaire est-il n\u00e9cessaire&nbsp;?\n<\/h2>\t\t\t\t<\/div>\n\t\t\t\t<\/div>\n\t\t\t\t<div class=\"elementor-element elementor-element-1566395e elementor-widget__width-initial elementor-widget elementor-widget-text-editor\" data-id=\"1566395e\" data-element_type=\"widget\" data-e-type=\"widget\" data-widget_type=\"text-editor.default\">\n\t\t\t\t<div class=\"elementor-widget-container\">\n\t\t\t\t\t\t\t\t\t<ul><li style=\"font-weight: 400;\" aria-level=\"1\"><span style=\"font-weight: 400;\">Parce que Mirus TIME propose de nouvelles fonctions \u00e9tendues (plannings en temps r\u00e9el, calcul automatique des heures selon la CCNT\/LTr, soldes en temps r\u00e9el) et qu&rsquo;elles doivent \u00eatre utilis\u00e9es correctement d\u00e8s le d\u00e9but.<\/span><\/li><li style=\"font-weight: 400;\" aria-level=\"1\"><span style=\"font-weight: 400;\"><span style=\"font-weight: 400;\">Pour que votre transition soit non seulement technique, mais aussi organisationnelle&nbsp;: le webinaire montre comment reproduire les logiques de planification existantes dans Mirus TIME et \u00e9viter les erreurs typiques lors de la migration.<\/span><\/span><\/li><li style=\"font-weight: 400;\" aria-level=\"1\">Afin de garantir que la nouvelle cha\u00eene de processus \u2013 du plan de service \u00e0 la saisie des temps, en passant par le d\u00e9compte des salaires \u2013 fonctionne sans probl\u00e8me et que toutes les personnes impliqu\u00e9es sachent ce qui change au quotidien.<\/li><\/ul><div> <\/div>\t\t\t\t\t\t\t\t<\/div>\n\t\t\t\t<\/div>\n\t\t\t\t<div class=\"elementor-element elementor-element-4fa6d451 elementor-widget elementor-widget-heading\" data-id=\"4fa6d451\" data-element_type=\"widget\" data-e-type=\"widget\" data-widget_type=\"heading.default\">\n\t\t\t\t<div class=\"elementor-widget-container\">\n\t\t\t\t\t<h2 class=\"elementor-heading-title elementor-size-default\">\u00cates-vous int\u00e9ress\u00e9(e) ?<\/h2>\t\t\t\t<\/div>\n\t\t\t\t<\/div>\n\t\t\t\t<div class=\"elementor-element elementor-element-539b1510 elementor-widget__width-initial elementor-widget elementor-widget-text-editor\" data-id=\"539b1510\" data-element_type=\"widget\" data-e-type=\"widget\" data-widget_type=\"text-editor.default\">\n\t\t\t\t<div class=\"elementor-widget-container\">\n\t\t\t\t\t\t\t\t\t<p><span style=\"font-weight: 400;\">Le webinaire de transition Mirus TIME est r\u00e9alis\u00e9 sous forme de formation en ligne, ce qui vous permet d\u2019y participer confortablement depuis votre lieu de travail ou votre bureau \u00e0 domicile.<\/span><\/p>\n<p><span style=\"font-weight: 400;\">Le webinaire de transition Mirus TIME est r\u00e9alis\u00e9 sous forme de formation en ligne avec plusieurs entreprises participantes de votre secteur \u2013 vous b\u00e9n\u00e9ficiez ainsi d&rsquo;un \u00e9change d&rsquo;exp\u00e9riences avec d&rsquo;autres utilisateurs, confortablement depuis votre poste de travail ou votre domicile.<\/span><\/p>\n<p><strong>S\u00e9lectionnez simplement la date souhait\u00e9e ci-dessous et inscrivez-vous ! <\/strong><\/p>\n<h3><span style=\"font-weight: 400;\">Conditions d&rsquo;annulation :<\/span><\/h3>\n<p><span style=\"font-weight: 400;\">Jusqu&rsquo;\u00e0 quatre semaines avant le d\u00e9but du cours, vous pouvez annuler gratuitement votre inscription ou la reporter \u00e0 une autre date.<\/span><\/p>\n<p><span style=\"font-weight: 400;\">Jusqu&rsquo;\u00e0 15 jours avant le d\u00e9but du cours, nous vous offrons la possibilit\u00e9 de changer de date.<\/span><\/p>\n<p><span style=\"font-weight: 400;\">Dans les deux derni\u00e8res semaines pr\u00e9ce\u00e9dent le cours, veuillez noter que nous ne pouvons plus effectuer de modifications.<\/span><\/p>\n<h5><strong>Webinaire Mirus TIME : prix initial 880 CHF (prix par personne)<\/strong><\/h5>\n<h5><strong><span style=\"text-decoration: underline;\">actuellement :<br><\/span>50 % de remise pour r\u00e9servation anticip\u00e9e jusqu\u2019au 30 avril 2026, seulement 440,- CHF \/ par personne<\/strong><\/h5>\n<h5>&nbsp;<\/h5>\n<h5><strong>Tarifs du webinaire:<\/strong><\/h5>\n<h5>\u2192 1re personne CHF 880.\u2013 (440.\u2014 jusqu\u00e0 fin avril 2026)<br>\u2192 Chaque personne suppl\u00e9mentaire CHF 660.\u2013 (440.\u2014 jusqu\u00e0 fin avril 2026)<\/h5>\t\t\t\t\t\t\t\t<\/div>\n\t\t\t\t<\/div>\n\t\t\t\t<\/div>\n\t\t\t\t\t<\/div>\n\t\t\t\t<\/div>\n\t\t<div class=\"elementor-element elementor-element-8eb3881 e-flex e-con-boxed e-con e-parent\" data-id=\"8eb3881\" data-element_type=\"container\" data-e-type=\"container\" data-settings=\"{&quot;background_background&quot;:&quot;classic&quot;}\">\n\t\t\t\t\t<div class=\"e-con-inner\">\n\t\t\t\t<div class=\"elementor-element elementor-element-a86601f elementor-widget__width-inherit elementor-widget elementor-widget-ameliaeventslistbooking\" data-id=\"a86601f\" data-element_type=\"widget\" data-e-type=\"widget\" data-widget_type=\"ameliaeventslistbooking.default\">\n\t\t\t\t<div class=\"elementor-widget-container\">\n\t\t\t\t\t<script>\n  if (typeof hasAmeliaEvent === 'undefined') {\n    var hasAmeliaEvent = true;\n  }\n  if (typeof hasEventApiCall === 'undefined' && ('' === '' && '' !== '1')) {\n    var hasEventApiCall = true;\n  }\n  var hasEventShortcode = (typeof hasEventShortcode === 'undefined') ? false : true;\n  var ameliaShortcodeData = (typeof ameliaShortcodeData === 'undefined') ? [] : ameliaShortcodeData;\n  ameliaShortcodeData.push(\n    {\n      'hasApiCall': (typeof hasEventApiCall !== 'undefined') && hasEventApiCall,\n      'trigger': '',\n      'trigger_type': '',\n      'triggered_form': 'elf',\n      'in_dialog': '',\n      'counter': '1000',\n      'employee': '',\n      'eventId': '',\n      'eventRecurring': 0,\n      'eventTag': \"{FR}\",\n      'locationId': \"1\"\n    }\n  );\n  var ameliaShortcodeDataTriggered = (typeof ameliaShortcodeDataTriggered === 'undefined') ? [] : ameliaShortcodeDataTriggered;\n  if (ameliaShortcodeData[ameliaShortcodeData.length - 1].trigger !== '') {\n    if (ameliaShortcodeDataTriggered.filter(a => a.counter === ameliaShortcodeData[ameliaShortcodeData.length - 1].counter).length === 0) {\n      ameliaShortcodeDataTriggered.push(ameliaShortcodeData.pop());\n    } else {\n      ameliaShortcodeData.pop()\n    }\n  }\n  if (typeof hasEventApiCall !== 'undefined' && hasEventApiCall) {\n    hasEventApiCall = false;\n  }\n<\/script>\n\n<div\n  id=\"amelia-v2-booking-1000\"\n  class=\"amelia-v2-booking\"\n>\n    <events-list-form-wrapper><\/div>\n\t\t\t\t<\/div>\n\t\t\t\t<\/div>\n\t\t\t\t\t<\/div>\n\t\t\t\t<\/div>\n\t\t\t\t<\/div>\n\t\t","protected":false},"excerpt":{"rendered":"<p>Webinaire Mirus TIME Le webinaire Mirus TIME est sp\u00e9cialement con\u00e7u pour rendre la transition obligatoire aussi simple, s\u00fbre et efficace que possible pour les utilisateurs. Profitez d\u00e8s maintenant de votre remise de 50 % pour r\u00e9servation anticip\u00e9e ! Vous passez \u00e0 Mirus TIME et vous souhaitez l\u2019utiliser en toute s\u00e9curit\u00e9 au quotidien&nbsp;? Votre \u00e9tablissement met [&hellip;]<\/p>\n","protected":false},"author":3,"featured_media":0,"parent":8314,"menu_order":0,"comment_status":"closed","ping_status":"closed","template":"","meta":{"_acf_changed":false,"inline_featured_image":false,"footnotes":""},"event":[],"class_list":["post-12108","page","type-page","status-publish","hentry"],"acf":[],"yoast_head":"<!-- This site is optimized with the Yoast SEO plugin v27.1.1 - https:\/\/yoast.com\/product\/yoast-seo-wordpress\/ -->\n<title>[Weiterbildung] Mirus Time Webinar | Mirus<\/title>\n<meta name=\"robots\" content=\"index, follow, max-snippet:-1, max-image-preview:large, max-video-preview:-1\" \/>\n<link rel=\"canonical\" href=\"https:\/\/mirus.ch\/fr\/connaissance\/formation-continue\/formation-continue-webinaire-mirus-time\/\" \/>\n<meta property=\"og:locale\" content=\"fr_FR\" \/>\n<meta property=\"og:type\" content=\"article\" \/>\n<meta property=\"og:title\" content=\"[Weiterbildung] Mirus Time Webinar | Mirus\" \/>\n<meta property=\"og:description\" content=\"Webinaire Mirus TIME Le webinaire Mirus TIME est sp\u00e9cialement con\u00e7u pour rendre la transition obligatoire aussi simple, s\u00fbre et efficace que possible pour les utilisateurs. Profitez d\u00e8s maintenant de votre remise de 50 % pour r\u00e9servation anticip\u00e9e ! Vous passez \u00e0 Mirus TIME et vous souhaitez l\u2019utiliser en toute s\u00e9curit\u00e9 au quotidien&nbsp;? Votre \u00e9tablissement met [&hellip;]\" \/>\n<meta property=\"og:url\" content=\"https:\/\/mirus.ch\/fr\/connaissance\/formation-continue\/formation-continue-webinaire-mirus-time\/\" \/>\n<meta property=\"og:site_name\" content=\"Mirus\" \/>\n<meta property=\"article:modified_time\" content=\"2026-04-15T08:05:45+00:00\" \/>\n<meta property=\"og:image\" content=\"https:\/\/mirus.ch\/wp-content\/uploads\/2026\/03\/mirus-webinar-fra.jpg\" \/>\n\t<meta property=\"og:image:width\" content=\"1200\" \/>\n\t<meta property=\"og:image:height\" content=\"900\" \/>\n\t<meta property=\"og:image:type\" content=\"image\/jpeg\" \/>\n<meta name=\"twitter:card\" content=\"summary_large_image\" \/>\n<meta name=\"twitter:label1\" content=\"Dur\u00e9e de lecture estim\u00e9e\" \/>\n\t<meta name=\"twitter:data1\" content=\"3 minutes\" \/>\n<script type=\"application\/ld+json\" class=\"yoast-schema-graph\">{\"@context\":\"https:\/\/schema.org\",\"@graph\":[{\"@type\":\"WebPage\",\"@id\":\"https:\/\/mirus.ch\/fr\/connaissance\/formation-continue\/formation-continue-webinaire-mirus-time\/\",\"url\":\"https:\/\/mirus.ch\/fr\/connaissance\/formation-continue\/formation-continue-webinaire-mirus-time\/\",\"name\":\"[Weiterbildung] Mirus Time Webinar | Mirus\",\"isPartOf\":{\"@id\":\"https:\/\/mirus.ch\/fr\/#website\"},\"primaryImageOfPage\":{\"@id\":\"https:\/\/mirus.ch\/fr\/connaissance\/formation-continue\/formation-continue-webinaire-mirus-time\/#primaryimage\"},\"image\":{\"@id\":\"https:\/\/mirus.ch\/fr\/connaissance\/formation-continue\/formation-continue-webinaire-mirus-time\/#primaryimage\"},\"thumbnailUrl\":\"https:\/\/mirus.ch\/wp-content\/uploads\/2026\/03\/mirus-webinar-fra.jpg\",\"datePublished\":\"2025-12-09T14:49:57+00:00\",\"dateModified\":\"2026-04-15T08:05:45+00:00\",\"breadcrumb\":{\"@id\":\"https:\/\/mirus.ch\/fr\/connaissance\/formation-continue\/formation-continue-webinaire-mirus-time\/#breadcrumb\"},\"inLanguage\":\"fr-FR\",\"potentialAction\":[{\"@type\":\"ReadAction\",\"target\":[\"https:\/\/mirus.ch\/fr\/connaissance\/formation-continue\/formation-continue-webinaire-mirus-time\/\"]}]},{\"@type\":\"ImageObject\",\"inLanguage\":\"fr-FR\",\"@id\":\"https:\/\/mirus.ch\/fr\/connaissance\/formation-continue\/formation-continue-webinaire-mirus-time\/#primaryimage\",\"url\":\"https:\/\/mirus.ch\/wp-content\/uploads\/2026\/03\/mirus-webinar-fra.jpg\",\"contentUrl\":\"https:\/\/mirus.ch\/wp-content\/uploads\/2026\/03\/mirus-webinar-fra.jpg\"},{\"@type\":\"BreadcrumbList\",\"@id\":\"https:\/\/mirus.ch\/fr\/connaissance\/formation-continue\/formation-continue-webinaire-mirus-time\/#breadcrumb\",\"itemListElement\":[{\"@type\":\"ListItem\",\"position\":1,\"name\":\"Home\",\"item\":\"https:\/\/mirus.ch\/fr\/home\/\"},{\"@type\":\"ListItem\",\"position\":2,\"name\":\"Actualit\u00e9s\",\"item\":\"https:\/\/mirus.ch\/fr\/aktuelles\/\"},{\"@type\":\"ListItem\",\"position\":3,\"name\":\"Formation continue\",\"item\":\"https:\/\/mirus.ch\/fr\/connaissance\/formation-continue\/\"},{\"@type\":\"ListItem\",\"position\":4,\"name\":\"[Weiterbildung] Mirus Time Webinar\"}]},{\"@type\":\"WebSite\",\"@id\":\"https:\/\/mirus.ch\/fr\/#website\",\"url\":\"https:\/\/mirus.ch\/fr\/\",\"name\":\"Mirus Software AG\",\"description\":\"Software und Service mit Herzblut\",\"publisher\":{\"@id\":\"https:\/\/mirus.ch\/fr\/#organization\"},\"alternateName\":\"Mirus Schweiz\",\"potentialAction\":[{\"@type\":\"SearchAction\",\"target\":{\"@type\":\"EntryPoint\",\"urlTemplate\":\"https:\/\/mirus.ch\/fr\/?s={search_term_string}\"},\"query-input\":{\"@type\":\"PropertyValueSpecification\",\"valueRequired\":true,\"valueName\":\"search_term_string\"}}],\"inLanguage\":\"fr-FR\"},{\"@type\":\"Organization\",\"@id\":\"https:\/\/mirus.ch\/fr\/#organization\",\"name\":\"Mirus software AG\",\"url\":\"https:\/\/mirus.ch\/fr\/\",\"logo\":{\"@type\":\"ImageObject\",\"inLanguage\":\"fr-FR\",\"@id\":\"https:\/\/mirus.ch\/fr\/#\/schema\/logo\/image\/\",\"url\":\"https:\/\/mirus.ch\/wp-content\/uploads\/2025\/07\/mirus-logo-rgb-turquise.png\",\"contentUrl\":\"https:\/\/mirus.ch\/wp-content\/uploads\/2025\/07\/mirus-logo-rgb-turquise.png\",\"width\":529,\"height\":123,\"caption\":\"Mirus software AG\"},\"image\":{\"@id\":\"https:\/\/mirus.ch\/fr\/#\/schema\/logo\/image\/\"},\"sameAs\":[\"https:\/\/www.linkedin.com\/company\/mirussoftwareag\/\"]}]}<\/script>\n<!-- \/ Yoast SEO plugin. -->","yoast_head_json":{"title":"[Weiterbildung] Mirus Time Webinar | Mirus","robots":{"index":"index","follow":"follow","max-snippet":"max-snippet:-1","max-image-preview":"max-image-preview:large","max-video-preview":"max-video-preview:-1"},"canonical":"https:\/\/mirus.ch\/fr\/connaissance\/formation-continue\/formation-continue-webinaire-mirus-time\/","og_locale":"fr_FR","og_type":"article","og_title":"[Weiterbildung] Mirus Time Webinar | Mirus","og_description":"Webinaire Mirus TIME Le webinaire Mirus TIME est sp\u00e9cialement con\u00e7u pour rendre la transition obligatoire aussi simple, s\u00fbre et efficace que possible pour les utilisateurs. Profitez d\u00e8s maintenant de votre remise de 50 % pour r\u00e9servation anticip\u00e9e ! Vous passez \u00e0 Mirus TIME et vous souhaitez l\u2019utiliser en toute s\u00e9curit\u00e9 au quotidien&nbsp;? Votre \u00e9tablissement met [&hellip;]","og_url":"https:\/\/mirus.ch\/fr\/connaissance\/formation-continue\/formation-continue-webinaire-mirus-time\/","og_site_name":"Mirus","article_modified_time":"2026-04-15T08:05:45+00:00","og_image":[{"width":1200,"height":900,"url":"https:\/\/mirus.ch\/wp-content\/uploads\/2026\/03\/mirus-webinar-fra.jpg","type":"image\/jpeg"}],"twitter_card":"summary_large_image","twitter_misc":{"Dur\u00e9e de lecture estim\u00e9e":"3 minutes"},"schema":{"@context":"https:\/\/schema.org","@graph":[{"@type":"WebPage","@id":"https:\/\/mirus.ch\/fr\/connaissance\/formation-continue\/formation-continue-webinaire-mirus-time\/","url":"https:\/\/mirus.ch\/fr\/connaissance\/formation-continue\/formation-continue-webinaire-mirus-time\/","name":"[Weiterbildung] Mirus Time Webinar | Mirus","isPartOf":{"@id":"https:\/\/mirus.ch\/fr\/#website"},"primaryImageOfPage":{"@id":"https:\/\/mirus.ch\/fr\/connaissance\/formation-continue\/formation-continue-webinaire-mirus-time\/#primaryimage"},"image":{"@id":"https:\/\/mirus.ch\/fr\/connaissance\/formation-continue\/formation-continue-webinaire-mirus-time\/#primaryimage"},"thumbnailUrl":"https:\/\/mirus.ch\/wp-content\/uploads\/2026\/03\/mirus-webinar-fra.jpg","datePublished":"2025-12-09T14:49:57+00:00","dateModified":"2026-04-15T08:05:45+00:00","breadcrumb":{"@id":"https:\/\/mirus.ch\/fr\/connaissance\/formation-continue\/formation-continue-webinaire-mirus-time\/#breadcrumb"},"inLanguage":"fr-FR","potentialAction":[{"@type":"ReadAction","target":["https:\/\/mirus.ch\/fr\/connaissance\/formation-continue\/formation-continue-webinaire-mirus-time\/"]}]},{"@type":"ImageObject","inLanguage":"fr-FR","@id":"https:\/\/mirus.ch\/fr\/connaissance\/formation-continue\/formation-continue-webinaire-mirus-time\/#primaryimage","url":"https:\/\/mirus.ch\/wp-content\/uploads\/2026\/03\/mirus-webinar-fra.jpg","contentUrl":"https:\/\/mirus.ch\/wp-content\/uploads\/2026\/03\/mirus-webinar-fra.jpg"},{"@type":"BreadcrumbList","@id":"https:\/\/mirus.ch\/fr\/connaissance\/formation-continue\/formation-continue-webinaire-mirus-time\/#breadcrumb","itemListElement":[{"@type":"ListItem","position":1,"name":"Home","item":"https:\/\/mirus.ch\/fr\/home\/"},{"@type":"ListItem","position":2,"name":"Actualit\u00e9s","item":"https:\/\/mirus.ch\/fr\/aktuelles\/"},{"@type":"ListItem","position":3,"name":"Formation continue","item":"https:\/\/mirus.ch\/fr\/connaissance\/formation-continue\/"},{"@type":"ListItem","position":4,"name":"[Weiterbildung] Mirus Time Webinar"}]},{"@type":"WebSite","@id":"https:\/\/mirus.ch\/fr\/#website","url":"https:\/\/mirus.ch\/fr\/","name":"Mirus Software AG","description":"Software und Service mit Herzblut","publisher":{"@id":"https:\/\/mirus.ch\/fr\/#organization"},"alternateName":"Mirus Schweiz","potentialAction":[{"@type":"SearchAction","target":{"@type":"EntryPoint","urlTemplate":"https:\/\/mirus.ch\/fr\/?s={search_term_string}"},"query-input":{"@type":"PropertyValueSpecification","valueRequired":true,"valueName":"search_term_string"}}],"inLanguage":"fr-FR"},{"@type":"Organization","@id":"https:\/\/mirus.ch\/fr\/#organization","name":"Mirus software AG","url":"https:\/\/mirus.ch\/fr\/","logo":{"@type":"ImageObject","inLanguage":"fr-FR","@id":"https:\/\/mirus.ch\/fr\/#\/schema\/logo\/image\/","url":"https:\/\/mirus.ch\/wp-content\/uploads\/2025\/07\/mirus-logo-rgb-turquise.png","contentUrl":"https:\/\/mirus.ch\/wp-content\/uploads\/2025\/07\/mirus-logo-rgb-turquise.png","width":529,"height":123,"caption":"Mirus software AG"},"image":{"@id":"https:\/\/mirus.ch\/fr\/#\/schema\/logo\/image\/"},"sameAs":["https:\/\/www.linkedin.com\/company\/mirussoftwareag\/"]}]}},"_links":{"self":[{"href":"https:\/\/mirus.ch\/fr\/wp-json\/wp\/v2\/pages\/12108","targetHints":{"allow":["GET"]}}],"collection":[{"href":"https:\/\/mirus.ch\/fr\/wp-json\/wp\/v2\/pages"}],"about":[{"href":"https:\/\/mirus.ch\/fr\/wp-json\/wp\/v2\/types\/page"}],"author":[{"embeddable":true,"href":"https:\/\/mirus.ch\/fr\/wp-json\/wp\/v2\/users\/3"}],"replies":[{"embeddable":true,"href":"https:\/\/mirus.ch\/fr\/wp-json\/wp\/v2\/comments?post=12108"}],"version-history":[{"count":25,"href":"https:\/\/mirus.ch\/fr\/wp-json\/wp\/v2\/pages\/12108\/revisions"}],"predecessor-version":[{"id":13496,"href":"https:\/\/mirus.ch\/fr\/wp-json\/wp\/v2\/pages\/12108\/revisions\/13496"}],"up":[{"embeddable":true,"href":"https:\/\/mirus.ch\/fr\/wp-json\/wp\/v2\/pages\/8314"}],"wp:attachment":[{"href":"https:\/\/mirus.ch\/fr\/wp-json\/wp\/v2\/media?parent=12108"}],"wp:term":[{"taxonomy":"event","embeddable":true,"href":"https:\/\/mirus.ch\/fr\/wp-json\/wp\/v2\/event?post=12108"}],"curies":[{"name":"wp","href":"https:\/\/api.w.org\/{rel}","templated":true}]}}