{"id":12613,"date":"2026-01-09T13:53:15","date_gmt":"2026-01-09T13:53:15","guid":{"rendered":"https:\/\/mirus.ch\/connaissance\/formation-continue\/formation-continue-formation-de-groupe-mirus-time\/"},"modified":"2026-04-08T14:17:47","modified_gmt":"2026-04-08T14:17:47","slug":"formation-continue-formation-de-groupe-mirus-time","status":"publish","type":"page","link":"https:\/\/mirus.ch\/fr\/connaissance\/formation-continue\/formation-continue-formation-de-groupe-mirus-time\/","title":{"rendered":"[Formation continue] Formation de groupe Mirus Time"},"content":{"rendered":"\t\t<div data-elementor-type=\"wp-page\" data-elementor-id=\"12613\" class=\"elementor elementor-12613 elementor-12034\" data-elementor-post-type=\"page\">\n\t\t\t\t<div class=\"elementor-element elementor-element-4756bd7c e-flex e-con-boxed e-con e-parent\" data-id=\"4756bd7c\" data-element_type=\"container\" data-e-type=\"container\">\n\t\t\t\t\t<div class=\"e-con-inner\">\n\t\t<div class=\"elementor-element elementor-element-7c334efd e-con-full e-flex e-con e-child\" data-id=\"7c334efd\" data-element_type=\"container\" data-e-type=\"container\">\n\t\t\t\t<div class=\"elementor-element elementor-element-16de981 elementor-widget elementor-widget-heading\" data-id=\"16de981\" data-element_type=\"widget\" data-e-type=\"widget\" data-widget_type=\"heading.default\">\n\t\t\t\t<div class=\"elementor-widget-container\">\n\t\t\t\t\t<h1 class=\"elementor-heading-title elementor-size-default\"> Formation de groupe Mirus Time<\/h1>\t\t\t\t<\/div>\n\t\t\t\t<\/div>\n\t\t\t\t<\/div>\n\t\t\t\t<div class=\"elementor-element elementor-element-73efb605 elementor-widget elementor-widget-image\" data-id=\"73efb605\" data-element_type=\"widget\" data-e-type=\"widget\" data-widget_type=\"image.default\">\n\t\t\t\t<div class=\"elementor-widget-container\">\n\t\t\t\t\t\t\t\t\t\t\t\t\t\t\t<img fetchpriority=\"high\" decoding=\"async\" width=\"1200\" height=\"900\" src=\"https:\/\/mirus.ch\/wp-content\/uploads\/2025\/06\/weiterbildung_0001_2.jpg\" class=\"attachment-full size-full wp-image-7640\" alt=\"Weiterbildung 1\" srcset=\"https:\/\/mirus.ch\/wp-content\/uploads\/2025\/06\/weiterbildung_0001_2.jpg 1200w, https:\/\/mirus.ch\/wp-content\/uploads\/2025\/06\/weiterbildung_0001_2-300x225.jpg 300w, https:\/\/mirus.ch\/wp-content\/uploads\/2025\/06\/weiterbildung_0001_2-1024x768.jpg 1024w, https:\/\/mirus.ch\/wp-content\/uploads\/2025\/06\/weiterbildung_0001_2-768x576.jpg 768w\" sizes=\"(max-width: 1200px) 100vw, 1200px\" \/>\t\t\t\t\t\t\t\t\t\t\t\t\t\t\t<\/div>\n\t\t\t\t<\/div>\n\t\t\t\t\t<\/div>\n\t\t\t\t<\/div>\n\t\t<div class=\"elementor-element elementor-element-7f4d91d0 e-flex e-con-boxed e-con e-parent\" data-id=\"7f4d91d0\" data-element_type=\"container\" data-e-type=\"container\" data-settings=\"{&quot;background_background&quot;:&quot;classic&quot;}\">\n\t\t\t\t\t<div class=\"e-con-inner\">\n\t\t<div class=\"elementor-element elementor-element-7af20b34 e-con-full e-flex e-con e-child\" data-id=\"7af20b34\" data-element_type=\"container\" data-e-type=\"container\">\n\t\t\t\t<div class=\"elementor-element elementor-element-5ad62365 elementor-widget__width-initial elementor-widget elementor-widget-text-editor\" data-id=\"5ad62365\" data-element_type=\"widget\" data-e-type=\"widget\" data-widget_type=\"text-editor.default\">\n\t\t\t\t<div class=\"elementor-widget-container\">\n\t\t\t\t\t\t\t\t\t<p><span style=\"font-weight: 400;\">La <strong>formation de groupe Mirus TIME<\/strong> \u2013 pour une transition r\u00e9ussie et en toute s\u00e9curit\u00e9 vers Mirus TIME.<\/span><\/p>\t\t\t\t\t\t\t\t<\/div>\n\t\t\t\t<\/div>\n\t\t\t\t<div class=\"elementor-element elementor-element-56cf7365 elementor-widget elementor-widget-heading\" data-id=\"56cf7365\" data-element_type=\"widget\" data-e-type=\"widget\" data-widget_type=\"heading.default\">\n\t\t\t\t<div class=\"elementor-widget-container\">\n\t\t\t\t\t<h2 class=\"elementor-heading-title elementor-size-default\">Vous passez \u00e0 Mirus TIME et souhaitez impliquer toute votre \u00e9quipe ?\n\n<\/h2>\t\t\t\t<\/div>\n\t\t\t\t<\/div>\n\t\t\t\t<div class=\"elementor-element elementor-element-15561cce elementor-widget__width-initial elementor-widget elementor-widget-text-editor\" data-id=\"15561cce\" data-element_type=\"widget\" data-e-type=\"widget\" data-widget_type=\"text-editor.default\">\n\t\t\t\t<div class=\"elementor-widget-container\">\n\t\t\t\t\t\t\t\t\t<p><span style=\"font-weight: 400;\">Votre entreprise doit obligatoirement passer \u00e0 <\/span><b>Mirus TIME<\/b>&nbsp;?<span style=\"font-weight: 400;\"> Avec la formation de groupe Mirus TIME, pr\u00e9parez toute votre \u00e9quipe de mani\u00e8re cibl\u00e9e \u00e0 la transition, afin que tous les participants puissent utiliser la nouvelle solution au quotidien de mani\u00e8re s\u00fbre et efficace.<\/span><\/p>\t\t\t\t\t\t\t\t<\/div>\n\t\t\t\t<\/div>\n\t\t\t\t<div class=\"elementor-element elementor-element-1c13162a elementor-widget elementor-widget-heading\" data-id=\"1c13162a\" data-element_type=\"widget\" data-e-type=\"widget\" data-widget_type=\"heading.default\">\n\t\t\t\t<div class=\"elementor-widget-container\">\n\t\t\t\t\t<h2 class=\"elementor-heading-title elementor-size-default\">\u00c0 qui s\u2019adresse la formation de groupe ?\n<\/h2>\t\t\t\t<\/div>\n\t\t\t\t<\/div>\n\t\t\t\t<div class=\"elementor-element elementor-element-5cc64b9f elementor-widget__width-initial elementor-widget elementor-widget-text-editor\" data-id=\"5cc64b9f\" data-element_type=\"widget\" data-e-type=\"widget\" data-widget_type=\"text-editor.default\">\n\t\t\t\t<div class=\"elementor-widget-container\">\n\t\t\t\t\t\t\t\t\t<p><span style=\"font-weight: 400;\">La formation de groupe Mirus TIME s\u2019adresse aux \u00e9quipes qui doivent \u00eatre form\u00e9es ensemble dans le cadre de la migration de Mirus TIME&nbsp;:<\/span><\/p><ul><li style=\"font-weight: 400;\" aria-level=\"1\"><span style=\"font-weight: 400;\">Aux responsables RH, aux planificateurs et aux chefs de service qui, \u00e0 l\u2019avenir, g\u00e9reront les plans de service, les mod\u00e8les de temps de travail et les absences directement dans Mirus TIME.<\/span><\/li><li style=\"font-weight: 400;\" aria-level=\"1\"><span style=\"font-weight: 400;\">Aux collaborateurs qui contr\u00f4lent les temps de travail, v\u00e9rifient les soldes et mettent \u00e0 disposition les donn\u00e9es pour le d\u00e9compte des salaires ou le controlling.<\/span><span style=\"font-weight: 400;\"><br><\/span><\/li><li><span style=\"font-weight: 400;\">Aux utilisateurs existants qui souhaitent retrouver leurs processus habituels dans la nouvelle interface de Mirus TIME et les utiliser de mani\u00e8re optimis\u00e9e.<\/span><span style=\"font-weight: 400;\"><br><\/span><\/li><\/ul>\t\t\t\t\t\t\t\t<\/div>\n\t\t\t\t<\/div>\n\t\t\t\t<div class=\"elementor-element elementor-element-29c239e elementor-widget elementor-widget-heading\" data-id=\"29c239e\" data-element_type=\"widget\" data-e-type=\"widget\" data-widget_type=\"heading.default\">\n\t\t\t\t<div class=\"elementor-widget-container\">\n\t\t\t\t\t<h2 class=\"elementor-heading-title elementor-size-default\">Pourquoi une formation de groupe est-elle n\u00e9cessaire ?\n\n<\/h2>\t\t\t\t<\/div>\n\t\t\t\t<\/div>\n\t\t\t\t<div class=\"elementor-element elementor-element-1566395e elementor-widget__width-initial elementor-widget elementor-widget-text-editor\" data-id=\"1566395e\" data-element_type=\"widget\" data-e-type=\"widget\" data-widget_type=\"text-editor.default\">\n\t\t\t\t<div class=\"elementor-widget-container\">\n\t\t\t\t\t\t\t\t\t<ul><li style=\"font-weight: 400;\" aria-level=\"1\"><span style=\"font-weight: 400;\">Pour que votre passage \u00e0 Mirus TIME soit une r\u00e9ussite non seulement technique, mais aussi organisationnelle, et que toutes les personnes cl\u00e9s aient le m\u00eame niveau de connaissances.<\/span><\/li><li style=\"font-weight: 400;\" aria-level=\"1\"><span style=\"font-weight: 400;\"><span style=\"font-weight: 400;\">Parce que Mirus TIME offre de nouvelles fonctions telles que les plans de service en temps r\u00e9el, le calcul automatis\u00e9 des heures selon la CCT L-GAV et la loi sur le travail, ainsi que les soldes en temps r\u00e9el, qui doivent \u00eatre utilis\u00e9s correctement d\u00e8s le d\u00e9part.<\/span><\/span><\/li><li style=\"font-weight: 400;\" aria-level=\"1\">Pour \u00e9viter les erreurs, les ruptures de support et les doublons : la formation de groupe montre comment reproduire vos processus existants de mani\u00e8re coh\u00e9rente dans Mirus TIME \u2013 de la planification \u00e0 la transmission au traitement des salaires.<\/li><\/ul>\t\t\t\t\t\t\t\t<\/div>\n\t\t\t\t<\/div>\n\t\t\t\t<div class=\"elementor-element elementor-element-4fa6d451 elementor-widget elementor-widget-heading\" data-id=\"4fa6d451\" data-element_type=\"widget\" data-e-type=\"widget\" data-widget_type=\"heading.default\">\n\t\t\t\t<div class=\"elementor-widget-container\">\n\t\t\t\t\t<h2 class=\"elementor-heading-title elementor-size-default\">Comment se d\u00e9roule une formation de groupe Mirus TIME ?\n<\/h2>\t\t\t\t<\/div>\n\t\t\t\t<\/div>\n\t\t\t\t<div class=\"elementor-element elementor-element-539b1510 elementor-widget__width-initial elementor-widget elementor-widget-text-editor\" data-id=\"539b1510\" data-element_type=\"widget\" data-e-type=\"widget\" data-widget_type=\"text-editor.default\">\n\t\t\t\t<div class=\"elementor-widget-container\">\n\t\t\t\t\t\t\t\t\t<ul><li style=\"font-weight: 400;\" aria-level=\"1\"><span style=\"font-weight: 400;\">Votre planification existante est reprise et transf\u00e9r\u00e9e \u00e0 la logique et aux masques de Mirus TIME, afin que vos collaborateurs retrouvent les processus habituels dans le nouvel environnement.<\/span><span style=\"font-weight: 400;\"><br><\/span><\/li><li style=\"font-weight: 400;\" aria-level=\"1\"><span style=\"font-weight: 400;\">\u00c0 l\u2019aide d\u2019exemples et d\u2019exercices pratiques, les participants apprennent \u00e0 \u00e9tablir des plans de service, \u00e0 utiliser des mod\u00e8les de temps de travail, \u00e0 interpr\u00e9ter les avertissements et \u00e0 transmettre correctement les temps pour le d\u00e9compte des salaires.<br><\/span><\/li><li style=\"font-weight: 400;\" aria-level=\"1\"><span style=\"font-weight: 400;\"><span style=\"font-weight: 400;\">Selon les besoins, la formation de groupe peut \u00eatre ax\u00e9e sur des points sp\u00e9cifiques tels que la planification conforme \u00e0 la CCT\/LTr, le calcul du travail de nuit ou l\u2019interaction avec d\u2019autres modules Mirus.<br><\/span><\/span><\/li><li style=\"font-weight: 400;\" aria-level=\"1\"><span style=\"font-weight: 400;\">Sur demande, nous organisons votre formation de groupe Mirus TIME directement au sein de votre \u00e9tablissement \u2013 une solution id\u00e9ale lorsque plusieurs collaborateurs passent simultan\u00e9ment \u00e0 Mirus TIME. <\/span><span style=\"font-weight: 400;\">Alternativement, les formations de groupe peuvent se d\u00e9rouler dans l\u2019une de nos succursales (par exemple \u00e0 Davos GR ou dans d\u2019autres sites de Mirus Software AG).<br><\/span><br>La formation de groupe pour le passage \u00e0 Mirus TIME est organis\u00e9e avec plusieurs entreprises participantes de votre secteur \u2013 vous profitez ainsi en plus d\u2019un \u00e9change d\u2019exp\u00e9riences avec d\u2019autres utilisateurs.<p><strong>S\u00e9lectionnez simplement la date souhait\u00e9e ci-dessous et inscrivez-vous ! <\/strong><\/p><h3><span style=\"font-weight: 400;\">Conditions d&rsquo;annulation :<\/span><\/h3><p><span style=\"font-weight: 400;\">Jusqu&rsquo;\u00e0 quatre semaines avant le d\u00e9but du cours, vous pouvez annuler gratuitement votre inscription ou la reporter \u00e0 une autre date.<\/span><\/p><p><span style=\"font-weight: 400;\">Jusqu&rsquo;\u00e0 15 jours avant le d\u00e9but du cours, nous vous offrons la possibilit\u00e9 de changer de date.<\/span><\/p><p><span style=\"font-weight: 400;\">Dans les deux derni\u00e8res semaines pr\u00e9ce\u00e9dent le cours, veuillez noter que nous ne pouvons plus effectuer de modifications.<br><br><\/span><\/p><strong>Tarifs des cours collectifs :<\/strong><br>\u2013 1re personne CHF 990.<br>\u2013 Chaque personne suppl\u00e9mentaire CHF 800.<\/li><\/ul>\t\t\t\t\t\t\t\t<\/div>\n\t\t\t\t<\/div>\n\t\t\t\t<\/div>\n\t\t<div class=\"elementor-element elementor-element-2582ccb e-con-full e-flex e-con e-child\" data-id=\"2582ccb\" data-element_type=\"container\" data-e-type=\"container\" data-settings=\"{&quot;background_background&quot;:&quot;classic&quot;}\">\n\t\t\t\t<div class=\"elementor-element elementor-element-b8fb124 elementor-widget__width-inherit elementor-widget elementor-widget-ameliaeventslistbooking\" data-id=\"b8fb124\" data-element_type=\"widget\" data-e-type=\"widget\" data-widget_type=\"ameliaeventslistbooking.default\">\n\t\t\t\t<div class=\"elementor-widget-container\">\n\t\t\t\t\t<script>\n  if (typeof hasAmeliaEvent === 'undefined') {\n    var hasAmeliaEvent = true;\n  }\n  if (typeof hasEventApiCall === 'undefined' && ('' === '' && '' !== '1')) {\n    var hasEventApiCall = true;\n  }\n  var hasEventShortcode = (typeof hasEventShortcode === 'undefined') ? false : true;\n  var ameliaShortcodeData = (typeof ameliaShortcodeData === 'undefined') ? [] : ameliaShortcodeData;\n  ameliaShortcodeData.push(\n    {\n      'hasApiCall': (typeof hasEventApiCall !== 'undefined') && hasEventApiCall,\n      'trigger': '',\n      'trigger_type': '',\n      'triggered_form': 'elf',\n      'in_dialog': '',\n      'counter': '1000',\n      'employee': '',\n      'eventId': '',\n      'eventRecurring': 0,\n      'eventTag': \"{FR}\",\n      'locationId': \"2,3,4,5,6,7,8,9,10\"\n    }\n  );\n  var ameliaShortcodeDataTriggered = (typeof ameliaShortcodeDataTriggered === 'undefined') ? [] : ameliaShortcodeDataTriggered;\n  if (ameliaShortcodeData[ameliaShortcodeData.length - 1].trigger !== '') {\n    if (ameliaShortcodeDataTriggered.filter(a => a.counter === ameliaShortcodeData[ameliaShortcodeData.length - 1].counter).length === 0) {\n      ameliaShortcodeDataTriggered.push(ameliaShortcodeData.pop());\n    } else {\n      ameliaShortcodeData.pop()\n    }\n  }\n  if (typeof hasEventApiCall !== 'undefined' && hasEventApiCall) {\n    hasEventApiCall = false;\n  }\n<\/script>\n\n<div\n  id=\"amelia-v2-booking-1000\"\n  class=\"amelia-v2-booking\"\n>\n    <events-list-form-wrapper><\/div>\n\t\t\t\t<\/div>\n\t\t\t\t<\/div>\n\t\t\t\t<\/div>\n\t\t\t\t\t<\/div>\n\t\t\t\t<\/div>\n\t\t\t\t<\/div>\n\t\t","protected":false},"excerpt":{"rendered":"<p>Votre entreprise utilise actuellement Mirus 3 ou Mirus 4 et doit obligatoirement passer \u00e0 Mirus TIME. La formation de groupe Mirus TIME pr\u00e9pare sp\u00e9cifiquement toute votre \u00e9quipe \u00e0 la transition, afin que tous les participants puissent utiliser la nouvelle solution de mani\u00e8re s\u00fbre et efficace au quotidien. <\/p>\n","protected":false},"author":5,"featured_media":7640,"parent":8314,"menu_order":0,"comment_status":"closed","ping_status":"closed","template":"","meta":{"_acf_changed":false,"inline_featured_image":false,"footnotes":""},"event":[],"class_list":["post-12613","page","type-page","status-publish","has-post-thumbnail","hentry"],"acf":[],"yoast_head":"<!-- This site is optimized with the Yoast SEO plugin v27.1.1 - https:\/\/yoast.com\/product\/yoast-seo-wordpress\/ -->\n<title>[Formation continue] Formation de groupe Mirus Time | Mirus<\/title>\n<meta name=\"robots\" content=\"index, follow, max-snippet:-1, max-image-preview:large, max-video-preview:-1\" \/>\n<link rel=\"canonical\" href=\"https:\/\/mirus.ch\/fr\/connaissance\/formation-continue\/formation-continue-formation-de-groupe-mirus-time\/\" \/>\n<meta property=\"og:locale\" content=\"fr_FR\" \/>\n<meta property=\"og:type\" content=\"article\" \/>\n<meta property=\"og:title\" content=\"[Formation continue] Formation de groupe Mirus Time | Mirus\" \/>\n<meta property=\"og:description\" content=\"Votre entreprise utilise actuellement Mirus 3 ou Mirus 4 et doit obligatoirement passer \u00e0 Mirus TIME. La formation de groupe Mirus TIME pr\u00e9pare sp\u00e9cifiquement toute votre \u00e9quipe \u00e0 la transition, afin que tous les participants puissent utiliser la nouvelle solution de mani\u00e8re s\u00fbre et efficace au quotidien.\" \/>\n<meta property=\"og:url\" content=\"https:\/\/mirus.ch\/fr\/connaissance\/formation-continue\/formation-continue-formation-de-groupe-mirus-time\/\" \/>\n<meta property=\"og:site_name\" content=\"Mirus\" \/>\n<meta property=\"article:modified_time\" content=\"2026-04-08T14:17:47+00:00\" \/>\n<meta property=\"og:image\" content=\"https:\/\/mirus.ch\/wp-content\/uploads\/2025\/06\/weiterbildung_0001_2.jpg\" \/>\n\t<meta property=\"og:image:width\" content=\"1200\" \/>\n\t<meta property=\"og:image:height\" content=\"900\" \/>\n\t<meta property=\"og:image:type\" content=\"image\/jpeg\" \/>\n<meta name=\"twitter:card\" content=\"summary_large_image\" \/>\n<meta name=\"twitter:label1\" content=\"Dur\u00e9e de lecture estim\u00e9e\" \/>\n\t<meta name=\"twitter:data1\" content=\"4 minutes\" \/>\n<script type=\"application\/ld+json\" class=\"yoast-schema-graph\">{\"@context\":\"https:\/\/schema.org\",\"@graph\":[{\"@type\":\"WebPage\",\"@id\":\"https:\/\/mirus.ch\/fr\/connaissance\/formation-continue\/formation-continue-formation-de-groupe-mirus-time\/\",\"url\":\"https:\/\/mirus.ch\/fr\/connaissance\/formation-continue\/formation-continue-formation-de-groupe-mirus-time\/\",\"name\":\"[Formation continue] Formation de groupe Mirus Time | Mirus\",\"isPartOf\":{\"@id\":\"https:\/\/mirus.ch\/fr\/#website\"},\"primaryImageOfPage\":{\"@id\":\"https:\/\/mirus.ch\/fr\/connaissance\/formation-continue\/formation-continue-formation-de-groupe-mirus-time\/#primaryimage\"},\"image\":{\"@id\":\"https:\/\/mirus.ch\/fr\/connaissance\/formation-continue\/formation-continue-formation-de-groupe-mirus-time\/#primaryimage\"},\"thumbnailUrl\":\"https:\/\/mirus.ch\/wp-content\/uploads\/2025\/06\/weiterbildung_0001_2.jpg\",\"datePublished\":\"2026-01-09T13:53:15+00:00\",\"dateModified\":\"2026-04-08T14:17:47+00:00\",\"breadcrumb\":{\"@id\":\"https:\/\/mirus.ch\/fr\/connaissance\/formation-continue\/formation-continue-formation-de-groupe-mirus-time\/#breadcrumb\"},\"inLanguage\":\"fr-FR\",\"potentialAction\":[{\"@type\":\"ReadAction\",\"target\":[\"https:\/\/mirus.ch\/fr\/connaissance\/formation-continue\/formation-continue-formation-de-groupe-mirus-time\/\"]}]},{\"@type\":\"ImageObject\",\"inLanguage\":\"fr-FR\",\"@id\":\"https:\/\/mirus.ch\/fr\/connaissance\/formation-continue\/formation-continue-formation-de-groupe-mirus-time\/#primaryimage\",\"url\":\"https:\/\/mirus.ch\/wp-content\/uploads\/2025\/06\/weiterbildung_0001_2.jpg\",\"contentUrl\":\"https:\/\/mirus.ch\/wp-content\/uploads\/2025\/06\/weiterbildung_0001_2.jpg\",\"width\":1200,\"height\":900,\"caption\":\"Weiterbildung 1\"},{\"@type\":\"BreadcrumbList\",\"@id\":\"https:\/\/mirus.ch\/fr\/connaissance\/formation-continue\/formation-continue-formation-de-groupe-mirus-time\/#breadcrumb\",\"itemListElement\":[{\"@type\":\"ListItem\",\"position\":1,\"name\":\"Home\",\"item\":\"https:\/\/mirus.ch\/fr\/home\/\"},{\"@type\":\"ListItem\",\"position\":2,\"name\":\"Actualit\u00e9s\",\"item\":\"https:\/\/mirus.ch\/fr\/aktuelles\/\"},{\"@type\":\"ListItem\",\"position\":3,\"name\":\"Formation continue\",\"item\":\"https:\/\/mirus.ch\/fr\/connaissance\/formation-continue\/\"},{\"@type\":\"ListItem\",\"position\":4,\"name\":\"[Formation continue] Formation de groupe Mirus Time\"}]},{\"@type\":\"WebSite\",\"@id\":\"https:\/\/mirus.ch\/fr\/#website\",\"url\":\"https:\/\/mirus.ch\/fr\/\",\"name\":\"Mirus Software AG\",\"description\":\"Software und Service mit Herzblut\",\"publisher\":{\"@id\":\"https:\/\/mirus.ch\/fr\/#organization\"},\"alternateName\":\"Mirus Schweiz\",\"potentialAction\":[{\"@type\":\"SearchAction\",\"target\":{\"@type\":\"EntryPoint\",\"urlTemplate\":\"https:\/\/mirus.ch\/fr\/?s={search_term_string}\"},\"query-input\":{\"@type\":\"PropertyValueSpecification\",\"valueRequired\":true,\"valueName\":\"search_term_string\"}}],\"inLanguage\":\"fr-FR\"},{\"@type\":\"Organization\",\"@id\":\"https:\/\/mirus.ch\/fr\/#organization\",\"name\":\"Mirus software AG\",\"url\":\"https:\/\/mirus.ch\/fr\/\",\"logo\":{\"@type\":\"ImageObject\",\"inLanguage\":\"fr-FR\",\"@id\":\"https:\/\/mirus.ch\/fr\/#\/schema\/logo\/image\/\",\"url\":\"https:\/\/mirus.ch\/wp-content\/uploads\/2025\/07\/mirus-logo-rgb-turquise.png\",\"contentUrl\":\"https:\/\/mirus.ch\/wp-content\/uploads\/2025\/07\/mirus-logo-rgb-turquise.png\",\"width\":529,\"height\":123,\"caption\":\"Mirus software AG\"},\"image\":{\"@id\":\"https:\/\/mirus.ch\/fr\/#\/schema\/logo\/image\/\"},\"sameAs\":[\"https:\/\/www.linkedin.com\/company\/mirussoftwareag\/\"]}]}<\/script>\n<!-- \/ Yoast SEO plugin. -->","yoast_head_json":{"title":"[Formation continue] Formation de groupe Mirus Time | Mirus","robots":{"index":"index","follow":"follow","max-snippet":"max-snippet:-1","max-image-preview":"max-image-preview:large","max-video-preview":"max-video-preview:-1"},"canonical":"https:\/\/mirus.ch\/fr\/connaissance\/formation-continue\/formation-continue-formation-de-groupe-mirus-time\/","og_locale":"fr_FR","og_type":"article","og_title":"[Formation continue] Formation de groupe Mirus Time | Mirus","og_description":"Votre entreprise utilise actuellement Mirus 3 ou Mirus 4 et doit obligatoirement passer \u00e0 Mirus TIME. La formation de groupe Mirus TIME pr\u00e9pare sp\u00e9cifiquement toute votre \u00e9quipe \u00e0 la transition, afin que tous les participants puissent utiliser la nouvelle solution de mani\u00e8re s\u00fbre et efficace au quotidien.","og_url":"https:\/\/mirus.ch\/fr\/connaissance\/formation-continue\/formation-continue-formation-de-groupe-mirus-time\/","og_site_name":"Mirus","article_modified_time":"2026-04-08T14:17:47+00:00","og_image":[{"width":1200,"height":900,"url":"https:\/\/mirus.ch\/wp-content\/uploads\/2025\/06\/weiterbildung_0001_2.jpg","type":"image\/jpeg"}],"twitter_card":"summary_large_image","twitter_misc":{"Dur\u00e9e de lecture estim\u00e9e":"4 minutes"},"schema":{"@context":"https:\/\/schema.org","@graph":[{"@type":"WebPage","@id":"https:\/\/mirus.ch\/fr\/connaissance\/formation-continue\/formation-continue-formation-de-groupe-mirus-time\/","url":"https:\/\/mirus.ch\/fr\/connaissance\/formation-continue\/formation-continue-formation-de-groupe-mirus-time\/","name":"[Formation continue] Formation de groupe Mirus Time | Mirus","isPartOf":{"@id":"https:\/\/mirus.ch\/fr\/#website"},"primaryImageOfPage":{"@id":"https:\/\/mirus.ch\/fr\/connaissance\/formation-continue\/formation-continue-formation-de-groupe-mirus-time\/#primaryimage"},"image":{"@id":"https:\/\/mirus.ch\/fr\/connaissance\/formation-continue\/formation-continue-formation-de-groupe-mirus-time\/#primaryimage"},"thumbnailUrl":"https:\/\/mirus.ch\/wp-content\/uploads\/2025\/06\/weiterbildung_0001_2.jpg","datePublished":"2026-01-09T13:53:15+00:00","dateModified":"2026-04-08T14:17:47+00:00","breadcrumb":{"@id":"https:\/\/mirus.ch\/fr\/connaissance\/formation-continue\/formation-continue-formation-de-groupe-mirus-time\/#breadcrumb"},"inLanguage":"fr-FR","potentialAction":[{"@type":"ReadAction","target":["https:\/\/mirus.ch\/fr\/connaissance\/formation-continue\/formation-continue-formation-de-groupe-mirus-time\/"]}]},{"@type":"ImageObject","inLanguage":"fr-FR","@id":"https:\/\/mirus.ch\/fr\/connaissance\/formation-continue\/formation-continue-formation-de-groupe-mirus-time\/#primaryimage","url":"https:\/\/mirus.ch\/wp-content\/uploads\/2025\/06\/weiterbildung_0001_2.jpg","contentUrl":"https:\/\/mirus.ch\/wp-content\/uploads\/2025\/06\/weiterbildung_0001_2.jpg","width":1200,"height":900,"caption":"Weiterbildung 1"},{"@type":"BreadcrumbList","@id":"https:\/\/mirus.ch\/fr\/connaissance\/formation-continue\/formation-continue-formation-de-groupe-mirus-time\/#breadcrumb","itemListElement":[{"@type":"ListItem","position":1,"name":"Home","item":"https:\/\/mirus.ch\/fr\/home\/"},{"@type":"ListItem","position":2,"name":"Actualit\u00e9s","item":"https:\/\/mirus.ch\/fr\/aktuelles\/"},{"@type":"ListItem","position":3,"name":"Formation continue","item":"https:\/\/mirus.ch\/fr\/connaissance\/formation-continue\/"},{"@type":"ListItem","position":4,"name":"[Formation continue] Formation de groupe Mirus Time"}]},{"@type":"WebSite","@id":"https:\/\/mirus.ch\/fr\/#website","url":"https:\/\/mirus.ch\/fr\/","name":"Mirus Software AG","description":"Software und Service mit Herzblut","publisher":{"@id":"https:\/\/mirus.ch\/fr\/#organization"},"alternateName":"Mirus Schweiz","potentialAction":[{"@type":"SearchAction","target":{"@type":"EntryPoint","urlTemplate":"https:\/\/mirus.ch\/fr\/?s={search_term_string}"},"query-input":{"@type":"PropertyValueSpecification","valueRequired":true,"valueName":"search_term_string"}}],"inLanguage":"fr-FR"},{"@type":"Organization","@id":"https:\/\/mirus.ch\/fr\/#organization","name":"Mirus software AG","url":"https:\/\/mirus.ch\/fr\/","logo":{"@type":"ImageObject","inLanguage":"fr-FR","@id":"https:\/\/mirus.ch\/fr\/#\/schema\/logo\/image\/","url":"https:\/\/mirus.ch\/wp-content\/uploads\/2025\/07\/mirus-logo-rgb-turquise.png","contentUrl":"https:\/\/mirus.ch\/wp-content\/uploads\/2025\/07\/mirus-logo-rgb-turquise.png","width":529,"height":123,"caption":"Mirus software AG"},"image":{"@id":"https:\/\/mirus.ch\/fr\/#\/schema\/logo\/image\/"},"sameAs":["https:\/\/www.linkedin.com\/company\/mirussoftwareag\/"]}]}},"_links":{"self":[{"href":"https:\/\/mirus.ch\/fr\/wp-json\/wp\/v2\/pages\/12613","targetHints":{"allow":["GET"]}}],"collection":[{"href":"https:\/\/mirus.ch\/fr\/wp-json\/wp\/v2\/pages"}],"about":[{"href":"https:\/\/mirus.ch\/fr\/wp-json\/wp\/v2\/types\/page"}],"author":[{"embeddable":true,"href":"https:\/\/mirus.ch\/fr\/wp-json\/wp\/v2\/users\/5"}],"replies":[{"embeddable":true,"href":"https:\/\/mirus.ch\/fr\/wp-json\/wp\/v2\/comments?post=12613"}],"version-history":[{"count":22,"href":"https:\/\/mirus.ch\/fr\/wp-json\/wp\/v2\/pages\/12613\/revisions"}],"predecessor-version":[{"id":13372,"href":"https:\/\/mirus.ch\/fr\/wp-json\/wp\/v2\/pages\/12613\/revisions\/13372"}],"up":[{"embeddable":true,"href":"https:\/\/mirus.ch\/fr\/wp-json\/wp\/v2\/pages\/8314"}],"wp:featuredmedia":[{"embeddable":true,"href":"https:\/\/mirus.ch\/fr\/wp-json\/wp\/v2\/media\/7640"}],"wp:attachment":[{"href":"https:\/\/mirus.ch\/fr\/wp-json\/wp\/v2\/media?parent=12613"}],"wp:term":[{"taxonomy":"event","embeddable":true,"href":"https:\/\/mirus.ch\/fr\/wp-json\/wp\/v2\/event?post=12613"}],"curies":[{"name":"wp","href":"https:\/\/api.w.org\/{rel}","templated":true}]}}