{"id":8349,"date":"2025-03-05T15:57:40","date_gmt":"2025-03-05T15:57:40","guid":{"rendered":"https:\/\/mirus.ch\/mentions-legales\/"},"modified":"2026-03-12T10:52:06","modified_gmt":"2026-03-12T10:52:06","slug":"mentions-legales","status":"publish","type":"page","link":"https:\/\/mirus.ch\/fr\/mentions-legales\/","title":{"rendered":"Mentions l\u00e9gales"},"content":{"rendered":"\t\t<div data-elementor-type=\"wp-page\" data-elementor-id=\"8349\" class=\"elementor elementor-8349 elementor-258\" data-elementor-post-type=\"page\">\n\t\t\t\t<div class=\"elementor-element elementor-element-8f765a9 e-flex e-con-boxed e-con e-parent\" data-id=\"8f765a9\" data-element_type=\"container\" data-e-type=\"container\" data-settings=\"{&quot;background_background&quot;:&quot;classic&quot;}\">\n\t\t\t\t\t<div class=\"e-con-inner\">\n\t\t<div class=\"elementor-element elementor-element-514557fa e-flex e-con-boxed e-con e-child\" data-id=\"514557fa\" data-element_type=\"container\" data-e-type=\"container\">\n\t\t\t\t\t<div class=\"e-con-inner\">\n\t\t\t\t<div class=\"elementor-element elementor-element-5d3de9f1 elementor-widget elementor-widget-heading\" data-id=\"5d3de9f1\" data-element_type=\"widget\" data-e-type=\"widget\" data-widget_type=\"heading.default\">\n\t\t\t\t<div class=\"elementor-widget-container\">\n\t\t\t\t\t<h2 class=\"elementor-heading-title elementor-size-default\">Mentions l\u00e9gales<\/h2>\t\t\t\t<\/div>\n\t\t\t\t<\/div>\n\t\t\t\t<div class=\"elementor-element elementor-element-1a692824 elementor-widget elementor-widget-text-editor\" data-id=\"1a692824\" data-element_type=\"widget\" data-e-type=\"widget\" data-widget_type=\"text-editor.default\">\n\t\t\t\t<div class=\"elementor-widget-container\">\n\t\t\t\t\t\t\t\t\t<p><strong>Mirus Software AG<\/strong><\/p><p>Tobelm\u00fchlestrasse 11<br>7270 Davos Platz<br>T +41 81 415 66 88<br>F +41 81 415 66 78<br><a href=\"mailto:info@mirus.ch\">info(at)mirus.ch<\/a><\/p><p><strong>Registre du commerce<\/strong><\/p><p>Grisons<\/p><p><strong>Num\u00e9ro d\u2019enregistrement au registre du commerce<\/strong><\/p><p>CH-350.4.000.112-5<\/p><p><strong>IDE\/TVA<\/strong><\/p><p>CHE-107.535.739<\/p><p><strong>Id\u00e9e &amp; Concept<\/strong><\/p><p><a href=\"https:\/\/www.schmid-marketing.com\/\" target=\"_blank\" rel=\"noopener\">MSM Consulting<\/a><\/p><p><strong>Design &amp; Graphique<\/strong><\/p><p><a href=\"https:\/\/www.agentur-b.at\/\">AgenturB<\/a><\/p><p><strong>Cr\u00e9ation de contenu<\/strong><\/p><p>content.ed<\/p><p><strong>Conception d&rsquo;images<\/strong><\/p><p><a href=\"https:\/\/www.agentur-b.at\/\">AgenturB<\/a><\/p><p><strong>Programmation<\/strong><\/p><p>Softvations GmbH<\/p><p><strong>Gestion de marque<\/strong><\/p><p><a href=\"https:\/\/www.schmid-marketing.com\/\" target=\"_blank\" rel=\"noopener\">MSM Consulting<\/a><br><a href=\"https:\/\/www.linkedin.com\/in\/martin-schmid-muenchen\/\" target=\"_blank\" rel=\"noopener\">Martin Schmid<\/a><\/p>\t\t\t\t\t\t\t\t<\/div>\n\t\t\t\t<\/div>\n\t\t\t\t\t<\/div>\n\t\t\t\t<\/div>\n\t\t<div class=\"elementor-element elementor-element-1d7dcf32 e-con-full e-flex e-con e-child\" data-id=\"1d7dcf32\" data-element_type=\"container\" data-e-type=\"container\">\n\t\t\t\t<\/div>\n\t\t\t\t\t<\/div>\n\t\t\t\t<\/div>\n\t\t\t\t<\/div>\n\t\t","protected":false},"excerpt":{"rendered":"<p>Mentions l\u00e9gales Mirus Software AG Tobelm\u00fchlestrasse 117270 Davos PlatzT +41 81 415 66 88F +41 81 415 66 78info(at)mirus.ch Registre du commerce Grisons Num\u00e9ro d\u2019enregistrement au registre du commerce CH-350.4.000.112-5 IDE\/TVA CHE-107.535.739 Id\u00e9e &amp; Concept MSM Consulting Design &amp; Graphique AgenturB Cr\u00e9ation de contenu content.ed Conception d&rsquo;images AgenturB Programmation Softvations GmbH Gestion de marque MSM [&hellip;]<\/p>\n","protected":false},"author":1,"featured_media":0,"parent":0,"menu_order":0,"comment_status":"closed","ping_status":"closed","template":"","meta":{"_acf_changed":false,"inline_featured_image":false,"footnotes":""},"event":[],"class_list":["post-8349","page","type-page","status-publish","hentry"],"acf":[],"yoast_head":"<!-- This site is optimized with the Yoast SEO plugin v27.1.1 - https:\/\/yoast.com\/product\/yoast-seo-wordpress\/ -->\n<title>Mentions l\u00e9gales | Mirus<\/title>\n<meta name=\"robots\" content=\"index, follow, max-snippet:-1, max-image-preview:large, max-video-preview:-1\" \/>\n<link rel=\"canonical\" href=\"https:\/\/mirus.ch\/fr\/mentions-legales\/\" \/>\n<meta property=\"og:locale\" content=\"fr_FR\" \/>\n<meta property=\"og:type\" content=\"article\" \/>\n<meta property=\"og:title\" content=\"Mentions l\u00e9gales | Mirus\" \/>\n<meta property=\"og:description\" content=\"Mentions l\u00e9gales Mirus Software AG Tobelm\u00fchlestrasse 117270 Davos PlatzT +41 81 415 66 88F +41 81 415 66 78info(at)mirus.ch Registre du commerce Grisons Num\u00e9ro d\u2019enregistrement au registre du commerce CH-350.4.000.112-5 IDE\/TVA CHE-107.535.739 Id\u00e9e &amp; Concept MSM Consulting Design &amp; Graphique AgenturB Cr\u00e9ation de contenu content.ed Conception d&rsquo;images AgenturB Programmation Softvations GmbH Gestion de marque MSM [&hellip;]\" \/>\n<meta property=\"og:url\" content=\"https:\/\/mirus.ch\/fr\/mentions-legales\/\" \/>\n<meta property=\"og:site_name\" content=\"Mirus\" \/>\n<meta property=\"article:modified_time\" content=\"2026-03-12T10:52:06+00:00\" \/>\n<meta name=\"twitter:card\" content=\"summary_large_image\" \/>\n<script type=\"application\/ld+json\" class=\"yoast-schema-graph\">{\"@context\":\"https:\/\/schema.org\",\"@graph\":[{\"@type\":\"WebPage\",\"@id\":\"https:\/\/mirus.ch\/fr\/mentions-legales\/\",\"url\":\"https:\/\/mirus.ch\/fr\/mentions-legales\/\",\"name\":\"Mentions l\u00e9gales | Mirus\",\"isPartOf\":{\"@id\":\"https:\/\/mirus.ch\/fr\/#website\"},\"datePublished\":\"2025-03-05T15:57:40+00:00\",\"dateModified\":\"2026-03-12T10:52:06+00:00\",\"breadcrumb\":{\"@id\":\"https:\/\/mirus.ch\/fr\/mentions-legales\/#breadcrumb\"},\"inLanguage\":\"fr-FR\",\"potentialAction\":[{\"@type\":\"ReadAction\",\"target\":[\"https:\/\/mirus.ch\/fr\/mentions-legales\/\"]}]},{\"@type\":\"BreadcrumbList\",\"@id\":\"https:\/\/mirus.ch\/fr\/mentions-legales\/#breadcrumb\",\"itemListElement\":[{\"@type\":\"ListItem\",\"position\":1,\"name\":\"Home\",\"item\":\"https:\/\/mirus.ch\/fr\/home\/\"},{\"@type\":\"ListItem\",\"position\":2,\"name\":\"Mentions l\u00e9gales\"}]},{\"@type\":\"WebSite\",\"@id\":\"https:\/\/mirus.ch\/fr\/#website\",\"url\":\"https:\/\/mirus.ch\/fr\/\",\"name\":\"Mirus Software AG\",\"description\":\"Software und Service mit Herzblut\",\"publisher\":{\"@id\":\"https:\/\/mirus.ch\/fr\/#organization\"},\"alternateName\":\"Mirus Schweiz\",\"potentialAction\":[{\"@type\":\"SearchAction\",\"target\":{\"@type\":\"EntryPoint\",\"urlTemplate\":\"https:\/\/mirus.ch\/fr\/?s={search_term_string}\"},\"query-input\":{\"@type\":\"PropertyValueSpecification\",\"valueRequired\":true,\"valueName\":\"search_term_string\"}}],\"inLanguage\":\"fr-FR\"},{\"@type\":\"Organization\",\"@id\":\"https:\/\/mirus.ch\/fr\/#organization\",\"name\":\"Mirus software AG\",\"url\":\"https:\/\/mirus.ch\/fr\/\",\"logo\":{\"@type\":\"ImageObject\",\"inLanguage\":\"fr-FR\",\"@id\":\"https:\/\/mirus.ch\/fr\/#\/schema\/logo\/image\/\",\"url\":\"https:\/\/mirus.ch\/wp-content\/uploads\/2025\/07\/mirus-logo-rgb-turquise.png\",\"contentUrl\":\"https:\/\/mirus.ch\/wp-content\/uploads\/2025\/07\/mirus-logo-rgb-turquise.png\",\"width\":529,\"height\":123,\"caption\":\"Mirus software AG\"},\"image\":{\"@id\":\"https:\/\/mirus.ch\/fr\/#\/schema\/logo\/image\/\"},\"sameAs\":[\"https:\/\/www.linkedin.com\/company\/mirussoftwareag\/\"]}]}<\/script>\n<!-- \/ Yoast SEO plugin. -->","yoast_head_json":{"title":"Mentions l\u00e9gales | Mirus","robots":{"index":"index","follow":"follow","max-snippet":"max-snippet:-1","max-image-preview":"max-image-preview:large","max-video-preview":"max-video-preview:-1"},"canonical":"https:\/\/mirus.ch\/fr\/mentions-legales\/","og_locale":"fr_FR","og_type":"article","og_title":"Mentions l\u00e9gales | Mirus","og_description":"Mentions l\u00e9gales Mirus Software AG Tobelm\u00fchlestrasse 117270 Davos PlatzT +41 81 415 66 88F +41 81 415 66 78info(at)mirus.ch Registre du commerce Grisons Num\u00e9ro d\u2019enregistrement au registre du commerce CH-350.4.000.112-5 IDE\/TVA CHE-107.535.739 Id\u00e9e &amp; Concept MSM Consulting Design &amp; Graphique AgenturB Cr\u00e9ation de contenu content.ed Conception d&rsquo;images AgenturB Programmation Softvations GmbH Gestion de marque MSM [&hellip;]","og_url":"https:\/\/mirus.ch\/fr\/mentions-legales\/","og_site_name":"Mirus","article_modified_time":"2026-03-12T10:52:06+00:00","twitter_card":"summary_large_image","schema":{"@context":"https:\/\/schema.org","@graph":[{"@type":"WebPage","@id":"https:\/\/mirus.ch\/fr\/mentions-legales\/","url":"https:\/\/mirus.ch\/fr\/mentions-legales\/","name":"Mentions l\u00e9gales | Mirus","isPartOf":{"@id":"https:\/\/mirus.ch\/fr\/#website"},"datePublished":"2025-03-05T15:57:40+00:00","dateModified":"2026-03-12T10:52:06+00:00","breadcrumb":{"@id":"https:\/\/mirus.ch\/fr\/mentions-legales\/#breadcrumb"},"inLanguage":"fr-FR","potentialAction":[{"@type":"ReadAction","target":["https:\/\/mirus.ch\/fr\/mentions-legales\/"]}]},{"@type":"BreadcrumbList","@id":"https:\/\/mirus.ch\/fr\/mentions-legales\/#breadcrumb","itemListElement":[{"@type":"ListItem","position":1,"name":"Home","item":"https:\/\/mirus.ch\/fr\/home\/"},{"@type":"ListItem","position":2,"name":"Mentions l\u00e9gales"}]},{"@type":"WebSite","@id":"https:\/\/mirus.ch\/fr\/#website","url":"https:\/\/mirus.ch\/fr\/","name":"Mirus Software AG","description":"Software und Service mit Herzblut","publisher":{"@id":"https:\/\/mirus.ch\/fr\/#organization"},"alternateName":"Mirus Schweiz","potentialAction":[{"@type":"SearchAction","target":{"@type":"EntryPoint","urlTemplate":"https:\/\/mirus.ch\/fr\/?s={search_term_string}"},"query-input":{"@type":"PropertyValueSpecification","valueRequired":true,"valueName":"search_term_string"}}],"inLanguage":"fr-FR"},{"@type":"Organization","@id":"https:\/\/mirus.ch\/fr\/#organization","name":"Mirus software AG","url":"https:\/\/mirus.ch\/fr\/","logo":{"@type":"ImageObject","inLanguage":"fr-FR","@id":"https:\/\/mirus.ch\/fr\/#\/schema\/logo\/image\/","url":"https:\/\/mirus.ch\/wp-content\/uploads\/2025\/07\/mirus-logo-rgb-turquise.png","contentUrl":"https:\/\/mirus.ch\/wp-content\/uploads\/2025\/07\/mirus-logo-rgb-turquise.png","width":529,"height":123,"caption":"Mirus software AG"},"image":{"@id":"https:\/\/mirus.ch\/fr\/#\/schema\/logo\/image\/"},"sameAs":["https:\/\/www.linkedin.com\/company\/mirussoftwareag\/"]}]}},"_links":{"self":[{"href":"https:\/\/mirus.ch\/fr\/wp-json\/wp\/v2\/pages\/8349","targetHints":{"allow":["GET"]}}],"collection":[{"href":"https:\/\/mirus.ch\/fr\/wp-json\/wp\/v2\/pages"}],"about":[{"href":"https:\/\/mirus.ch\/fr\/wp-json\/wp\/v2\/types\/page"}],"author":[{"embeddable":true,"href":"https:\/\/mirus.ch\/fr\/wp-json\/wp\/v2\/users\/1"}],"replies":[{"embeddable":true,"href":"https:\/\/mirus.ch\/fr\/wp-json\/wp\/v2\/comments?post=8349"}],"version-history":[{"count":4,"href":"https:\/\/mirus.ch\/fr\/wp-json\/wp\/v2\/pages\/8349\/revisions"}],"predecessor-version":[{"id":13080,"href":"https:\/\/mirus.ch\/fr\/wp-json\/wp\/v2\/pages\/8349\/revisions\/13080"}],"wp:attachment":[{"href":"https:\/\/mirus.ch\/fr\/wp-json\/wp\/v2\/media?parent=8349"}],"wp:term":[{"taxonomy":"event","embeddable":true,"href":"https:\/\/mirus.ch\/fr\/wp-json\/wp\/v2\/event?post=8349"}],"curies":[{"name":"wp","href":"https:\/\/api.w.org\/{rel}","templated":true}]}}