{"id":8351,"date":"2025-06-17T10:32:50","date_gmt":"2025-06-17T10:32:50","guid":{"rendered":"https:\/\/mirus.ch\/formation-continue\/formation-continue-mirus-connaissances-de-base-cct-l\/"},"modified":"2025-10-21T16:46:43","modified_gmt":"2025-10-21T16:46:43","slug":"formation-continue-mirus-connaissances-de-base-cct-l","status":"publish","type":"page","link":"https:\/\/mirus.ch\/fr\/connaissance\/formation-continue\/formation-continue-mirus-connaissances-de-base-cct-l\/","title":{"rendered":"[Formation continue] Workshop CCNT Connaissances de base"},"content":{"rendered":"\t\t<div data-elementor-type=\"wp-page\" data-elementor-id=\"8351\" class=\"elementor elementor-8351 elementor-7146\" data-elementor-post-type=\"page\">\n\t\t\t\t<div class=\"elementor-element elementor-element-40b55f3e e-flex e-con-boxed e-con e-parent\" data-id=\"40b55f3e\" data-element_type=\"container\" data-e-type=\"container\">\n\t\t\t\t\t<div class=\"e-con-inner\">\n\t\t<div class=\"elementor-element elementor-element-7856b8aa e-con-full e-flex e-con e-child\" data-id=\"7856b8aa\" data-element_type=\"container\" data-e-type=\"container\">\n\t\t\t\t<div class=\"elementor-element elementor-element-a7f1131 elementor-widget elementor-widget-heading\" data-id=\"a7f1131\" data-element_type=\"widget\" data-e-type=\"widget\" data-widget_type=\"heading.default\">\n\t\t\t\t<div class=\"elementor-widget-container\">\n\t\t\t\t\t<h1 class=\"elementor-heading-title elementor-size-default\"> Atelier Mirus <br>Connaissances de base CCNT <\/h1>\t\t\t\t<\/div>\n\t\t\t\t<\/div>\n\t\t\t\t<\/div>\n\t\t\t\t<div class=\"elementor-element elementor-element-4d699a44 elementor-widget elementor-widget-image\" data-id=\"4d699a44\" data-element_type=\"widget\" data-e-type=\"widget\" data-widget_type=\"image.default\">\n\t\t\t\t<div class=\"elementor-widget-container\">\n\t\t\t\t\t\t\t\t\t\t\t\t\t\t\t<img fetchpriority=\"high\" decoding=\"async\" width=\"1920\" height=\"835\" src=\"https:\/\/mirus.ch\/wp-content\/uploads\/2025\/06\/csm_MS_Head_Kurse_ca7d8e77f0.jpg\" class=\"attachment-full size-full wp-image-5452\" alt=\"Kursteilnehmer und Trainer sind zu sehen\" srcset=\"https:\/\/mirus.ch\/wp-content\/uploads\/2025\/06\/csm_MS_Head_Kurse_ca7d8e77f0.jpg 1920w, https:\/\/mirus.ch\/wp-content\/uploads\/2025\/06\/csm_MS_Head_Kurse_ca7d8e77f0-300x130.jpg 300w, https:\/\/mirus.ch\/wp-content\/uploads\/2025\/06\/csm_MS_Head_Kurse_ca7d8e77f0-1024x445.jpg 1024w, https:\/\/mirus.ch\/wp-content\/uploads\/2025\/06\/csm_MS_Head_Kurse_ca7d8e77f0-768x334.jpg 768w, https:\/\/mirus.ch\/wp-content\/uploads\/2025\/06\/csm_MS_Head_Kurse_ca7d8e77f0-1536x668.jpg 1536w\" sizes=\"(max-width: 1920px) 100vw, 1920px\" \/>\t\t\t\t\t\t\t\t\t\t\t\t\t\t\t<\/div>\n\t\t\t\t<\/div>\n\t\t\t\t\t<\/div>\n\t\t\t\t<\/div>\n\t\t<div class=\"elementor-element elementor-element-f6a6b53 e-flex e-con-boxed e-con e-parent\" data-id=\"f6a6b53\" data-element_type=\"container\" data-e-type=\"container\" data-settings=\"{&quot;background_background&quot;:&quot;classic&quot;}\">\n\t\t\t\t\t<div class=\"e-con-inner\">\n\t\t<div class=\"elementor-element elementor-element-246206d3 e-con-full e-flex e-con e-child\" data-id=\"246206d3\" data-element_type=\"container\" data-e-type=\"container\">\n\t\t\t\t<div class=\"elementor-element elementor-element-4a23d9fc elementor-widget elementor-widget-heading\" data-id=\"4a23d9fc\" data-element_type=\"widget\" data-e-type=\"widget\" data-widget_type=\"heading.default\">\n\t\t\t\t<div class=\"elementor-widget-container\">\n\t\t\t\t\t<h2 class=\"elementor-heading-title elementor-size-default\">Programme<\/h2>\t\t\t\t<\/div>\n\t\t\t\t<\/div>\n\t\t\t\t<div class=\"elementor-element elementor-element-5d496f45 elementor-widget__width-initial elementor-widget elementor-widget-text-editor\" data-id=\"5d496f45\" data-element_type=\"widget\" data-e-type=\"widget\" data-widget_type=\"text-editor.default\">\n\t\t\t\t<div class=\"elementor-widget-container\">\n\t\t\t\t\t\t\t\t\t<p>13h00 \u2013 17h00 ou 09h00 \u2013 13h00 (courte pause caf\u00e9 \u00e0 chaque fois)<\/p>\t\t\t\t\t\t\t\t<\/div>\n\t\t\t\t<\/div>\n\t\t\t\t<div class=\"elementor-element elementor-element-5809869d elementor-widget elementor-widget-heading\" data-id=\"5809869d\" data-element_type=\"widget\" data-e-type=\"widget\" data-widget_type=\"heading.default\">\n\t\t\t\t<div class=\"elementor-widget-container\">\n\t\t\t\t\t<h2 class=\"elementor-heading-title elementor-size-default\">Co\u00fbts<\/h2>\t\t\t\t<\/div>\n\t\t\t\t<\/div>\n\t\t\t\t<div class=\"elementor-element elementor-element-4044e333 elementor-widget__width-initial elementor-widget elementor-widget-text-editor\" data-id=\"4044e333\" data-element_type=\"widget\" data-e-type=\"widget\" data-widget_type=\"text-editor.default\">\n\t\t\t\t<div class=\"elementor-widget-container\">\n\t\t\t\t\t\t\t\t\t<p>CHF 470.- 1\u00e8re personne, cours et pause caf\u00e9 compris<br>CHF 350.- 2e personne, cours et pause caf\u00e9 compris  <\/p><p>En cas d\u2019inscription simultan\u00e9e \u00e0 la partie 2 de l\u2019atelier, Connaissances de base LTr<br>CHF 770.00 1\u00e8re personne, cours et pause caf\u00e9 compris<br>CHF 590.00 2e personne, cours et pause caf\u00e9 compris  <\/p><p>Le cours a lieu \u00e0 partir de 10 participants. Nombre maximal de participants&nbsp;: 15&nbsp;personnes. <\/p>\t\t\t\t\t\t\t\t<\/div>\n\t\t\t\t<\/div>\n\t\t\t\t<div class=\"elementor-element elementor-element-5092edf8 elementor-widget elementor-widget-heading\" data-id=\"5092edf8\" data-element_type=\"widget\" data-e-type=\"widget\" data-widget_type=\"heading.default\">\n\t\t\t\t<div class=\"elementor-widget-container\">\n\t\t\t\t\t<h2 class=\"elementor-heading-title elementor-size-default\">Intervenante<\/h2>\t\t\t\t<\/div>\n\t\t\t\t<\/div>\n\t\t\t\t<div class=\"elementor-element elementor-element-4c430fc6 elementor-widget__width-initial elementor-widget elementor-widget-text-editor\" data-id=\"4c430fc6\" data-element_type=\"widget\" data-e-type=\"widget\" data-widget_type=\"text-editor.default\">\n\t\t\t\t<div class=\"elementor-widget-container\">\n\t\t\t\t\t\t\t\t\t<p>Astrid Filippi<br>Conseill\u00e8re client\u00e8le, sp\u00e9cialiste en droit \/ Consultante<\/p>\t\t\t\t\t\t\t\t<\/div>\n\t\t\t\t<\/div>\n\t\t\t\t<div class=\"elementor-element elementor-element-6dc29d6b elementor-widget elementor-widget-heading\" data-id=\"6dc29d6b\" data-element_type=\"widget\" data-e-type=\"widget\" data-widget_type=\"heading.default\">\n\t\t\t\t<div class=\"elementor-widget-container\">\n\t\t\t\t\t<h2 class=\"elementor-heading-title elementor-size-default\">Objectif d\u2019apprentissage <\/h2>\t\t\t\t<\/div>\n\t\t\t\t<\/div>\n\t\t\t\t<div class=\"elementor-element elementor-element-2d0a556d elementor-widget__width-initial elementor-widget elementor-widget-text-editor\" data-id=\"2d0a556d\" data-element_type=\"widget\" data-e-type=\"widget\" data-widget_type=\"text-editor.default\">\n\t\t\t\t<div class=\"elementor-widget-container\">\n\t\t\t\t\t\t\t\t\t<ul class=\"list-normal\">\n<li>Conna\u00eetre les connaissances de base de la CCNT et leur mise en \u0153uvre<\/li>\n<li>Dispositions relatives \u00e0 la sortie\/d\u00e9compte final selon les prescriptions de la CCNT<\/li>\n<\/ul><br>\t\t\t\t\t\t\t\t<\/div>\n\t\t\t\t<\/div>\n\t\t\t\t<div class=\"elementor-element elementor-element-2965e954 elementor-widget elementor-widget-heading\" data-id=\"2965e954\" data-element_type=\"widget\" data-e-type=\"widget\" data-widget_type=\"heading.default\">\n\t\t\t\t<div class=\"elementor-widget-container\">\n\t\t\t\t\t<h2 class=\"elementor-heading-title elementor-size-default\">Th\u00e8mes du cours<\/h2>\t\t\t\t<\/div>\n\t\t\t\t<\/div>\n\t\t\t\t<div class=\"elementor-element elementor-element-9b60d24 elementor-widget__width-initial elementor-widget elementor-widget-text-editor\" data-id=\"9b60d24\" data-element_type=\"widget\" data-e-type=\"widget\" data-widget_type=\"text-editor.default\">\n\t\t\t\t<div class=\"elementor-widget-container\">\n\t\t\t\t\t\t\t\t\t<p>(exclusivement CCNT) <\/p><ul class=\"list-normal\"><li>Dispositions contractuelles <\/li><li>D\u00e9but et fin du contrat de travail<\/li><li>Salaire \/ salaire minimum<\/li><li>Temps de travail et temps libre<\/li><li>Indemnit\u00e9s de salaire et assurances sociales<\/li><li>Dispositions g\u00e9n\u00e9rales<\/li><\/ul>\t\t\t\t\t\t\t\t<\/div>\n\t\t\t\t<\/div>\n\t\t\t\t<div class=\"elementor-element elementor-element-44d3cca elementor-widget elementor-widget-heading\" data-id=\"44d3cca\" data-element_type=\"widget\" data-e-type=\"widget\" data-widget_type=\"heading.default\">\n\t\t\t\t<div class=\"elementor-widget-container\">\n\t\t\t\t\t<h2 class=\"elementor-heading-title elementor-size-default\">Groupe cible <\/h2>\t\t\t\t<\/div>\n\t\t\t\t<\/div>\n\t\t\t\t<div class=\"elementor-element elementor-element-529637e elementor-widget__width-initial elementor-widget elementor-widget-text-editor\" data-id=\"529637e\" data-element_type=\"widget\" data-e-type=\"widget\" data-widget_type=\"text-editor.default\">\n\t\t\t\t<div class=\"elementor-widget-container\">\n\t\t\t\t\t\t\t\t\t<ul class=\"list-normal\"><li>Responsables RH<\/li><li>Chefs de d\u00e9partement<\/li><li>Collaborateurs <\/li><\/ul>\t\t\t\t\t\t\t\t<\/div>\n\t\t\t\t<\/div>\n\t\t\t\t<div class=\"elementor-element elementor-element-679a8ec0 elementor-widget elementor-widget-heading\" data-id=\"679a8ec0\" data-element_type=\"widget\" data-e-type=\"widget\" data-widget_type=\"heading.default\">\n\t\t\t\t<div class=\"elementor-widget-container\">\n\t\t\t\t\t<h3 class=\"elementor-heading-title elementor-size-default\">Conditions d'annulation&nbsp;: <\/h3>\t\t\t\t<\/div>\n\t\t\t\t<\/div>\n\t\t\t\t<div class=\"elementor-element elementor-element-309eb774 elementor-widget__width-initial elementor-widget elementor-widget-text-editor\" data-id=\"309eb774\" data-element_type=\"widget\" data-e-type=\"widget\" data-widget_type=\"text-editor.default\">\n\t\t\t\t<div class=\"elementor-widget-container\">\n\t\t\t\t\t\t\t\t\t<p><small>Jusqu&rsquo;\u00e0 <strong>quatre semaines<\/strong> avant le d\u00e9but du cours, vous pouvez annuler gratuitement votre inscription ou la reporter \u00e0 une autre date.<\/small><\/p><p><small>Jusqu&rsquo;\u00e0 <strong>15 jours<\/strong> avant le d\u00e9but du cours, nous vous offrons la possibilit\u00e9 de changer de date.<\/small><\/p><p><small>Nous ne pouvons plus effectuer de modifications dans les <strong>deux derni\u00e8res semaines <\/strong>pr\u00e9c\u00e9dant le d\u00e9but du cours.<\/small><\/p>\t\t\t\t\t\t\t\t<\/div>\n\t\t\t\t<\/div>\n\t\t\t\t<\/div>\n\t\t<div class=\"elementor-element elementor-element-61e55fb e-grid e-con-full elementor-hidden-mobile e-con e-child\" data-id=\"61e55fb\" data-element_type=\"container\" data-e-type=\"container\">\n\t\t\t\t<div class=\"elementor-element elementor-element-27bffed elementor-widget elementor-widget-text-editor\" data-id=\"27bffed\" data-element_type=\"widget\" data-e-type=\"widget\" data-widget_type=\"text-editor.default\">\n\t\t\t\t<div class=\"elementor-widget-container\">\n\t\t\t\t\t\t\t\t\t<p>Cours<\/p>\t\t\t\t\t\t\t\t<\/div>\n\t\t\t\t<\/div>\n\t\t\t\t<div class=\"elementor-element elementor-element-1e9a609 elementor-widget elementor-widget-text-editor\" data-id=\"1e9a609\" data-element_type=\"widget\" data-e-type=\"widget\" data-widget_type=\"text-editor.default\">\n\t\t\t\t<div class=\"elementor-widget-container\">\n\t\t\t\t\t\t\t\t\t<p>Date<\/p>\t\t\t\t\t\t\t\t<\/div>\n\t\t\t\t<\/div>\n\t\t\t\t<div class=\"elementor-element elementor-element-c785a60 elementor-widget elementor-widget-text-editor\" data-id=\"c785a60\" data-element_type=\"widget\" data-e-type=\"widget\" data-widget_type=\"text-editor.default\">\n\t\t\t\t<div class=\"elementor-widget-container\">\n\t\t\t\t\t\t\t\t\t<p>Heure<\/p>\t\t\t\t\t\t\t\t<\/div>\n\t\t\t\t<\/div>\n\t\t\t\t<div class=\"elementor-element elementor-element-fa88533 elementor-widget elementor-widget-text-editor\" data-id=\"fa88533\" data-element_type=\"widget\" data-e-type=\"widget\" data-widget_type=\"text-editor.default\">\n\t\t\t\t<div class=\"elementor-widget-container\">\n\t\t\t\t\t\t\t\t\t<p>Lieu<\/p>\t\t\t\t\t\t\t\t<\/div>\n\t\t\t\t<\/div>\n\t\t\t\t<div class=\"elementor-element elementor-element-319dd4e elementor-widget elementor-widget-text-editor\" data-id=\"319dd4e\" data-element_type=\"widget\" data-e-type=\"widget\" data-widget_type=\"text-editor.default\">\n\t\t\t\t<div class=\"elementor-widget-container\">\n\t\t\t\t\t\t\t\t\t<p>Prix<\/p>\t\t\t\t\t\t\t\t<\/div>\n\t\t\t\t<\/div>\n\t\t\t\t<div class=\"elementor-element elementor-element-bd02329 elementor-widget elementor-widget-text-editor\" data-id=\"bd02329\" data-element_type=\"widget\" data-e-type=\"widget\" data-widget_type=\"text-editor.default\">\n\t\t\t\t<div class=\"elementor-widget-container\">\n\t\t\t\t\t\t\t\t\t<p>Places disponibles<\/p>\t\t\t\t\t\t\t\t<\/div>\n\t\t\t\t<\/div>\n\t\t\t\t<div class=\"elementor-element elementor-element-1e442de elementor-widget elementor-widget-text-editor\" data-id=\"1e442de\" data-element_type=\"widget\" data-e-type=\"widget\" data-widget_type=\"text-editor.default\">\n\t\t\t\t<div class=\"elementor-widget-container\">\n\t\t\t\t\t\t\t\t\t<p>Langue<\/p>\t\t\t\t\t\t\t\t<\/div>\n\t\t\t\t<\/div>\n\t\t\t\t<div class=\"elementor-element elementor-element-da1c81f elementor-widget elementor-widget-text-editor\" data-id=\"da1c81f\" data-element_type=\"widget\" data-e-type=\"widget\" data-widget_type=\"text-editor.default\">\n\t\t\t\t<div class=\"elementor-widget-container\">\n\t\t\t\t\t\t\t\t\t<p>\u2013<\/p>\t\t\t\t\t\t\t\t<\/div>\n\t\t\t\t<\/div>\n\t\t\t\t<\/div>\n\t\t\t\t<div class=\"elementor-element elementor-element-3cfda70a elementor-grid-1 elementor-grid-tablet-1 elementor-grid-mobile-1 elementor-widget elementor-widget-loop-grid\" data-id=\"3cfda70a\" data-element_type=\"widget\" data-e-type=\"widget\" data-settings=\"{&quot;template_id&quot;:8457,&quot;columns&quot;:1,&quot;columns_tablet&quot;:1,&quot;_skin&quot;:&quot;post&quot;,&quot;columns_mobile&quot;:&quot;1&quot;,&quot;edit_handle_selector&quot;:&quot;[data-elementor-type=\\&quot;loop-item\\&quot;]&quot;,&quot;row_gap&quot;:{&quot;unit&quot;:&quot;px&quot;,&quot;size&quot;:&quot;&quot;,&quot;sizes&quot;:[]},&quot;row_gap_tablet&quot;:{&quot;unit&quot;:&quot;px&quot;,&quot;size&quot;:&quot;&quot;,&quot;sizes&quot;:[]},&quot;row_gap_mobile&quot;:{&quot;unit&quot;:&quot;px&quot;,&quot;size&quot;:&quot;&quot;,&quot;sizes&quot;:[]}}\" data-widget_type=\"loop-grid.post\">\n\t\t\t\t<div class=\"elementor-widget-container\">\n\t\t\t\t\t\t\t<div class=\"e-loop-nothing-found-message\">\n\t\t\t\t\t<div class=\"e-loop-nothing-found-message__text\">\n\t\t\t\t Aucune date n'est actuellement disponible \t\t\t<\/div>\n\t\t\t<\/div>\n\t\t\t\t\t\t<\/div>\n\t\t\t\t<\/div>\n\t\t\t\t\t<\/div>\n\t\t\t\t<\/div>\n\t\t\t\t<\/div>\n\t\t","protected":false},"excerpt":{"rendered":"<p>Atelier Mirus Connaissances de base CCNT Programme 13h00 \u2013 17h00 ou 09h00 \u2013 13h00 (courte pause caf\u00e9 \u00e0 chaque fois) Co\u00fbts CHF 470.- 1\u00e8re personne, cours et pause caf\u00e9 comprisCHF 350.- 2e personne, cours et pause caf\u00e9 compris En cas d\u2019inscription simultan\u00e9e \u00e0 la partie 2 de l\u2019atelier, Connaissances de base LTrCHF 770.00 1\u00e8re personne, [&hellip;]<\/p>\n","protected":false},"author":3,"featured_media":0,"parent":8314,"menu_order":0,"comment_status":"closed","ping_status":"closed","template":"","meta":{"_acf_changed":false,"inline_featured_image":false,"footnotes":""},"event":[],"class_list":["post-8351","page","type-page","status-publish","hentry"],"acf":[],"yoast_head":"<!-- This site is optimized with the Yoast SEO plugin v27.1.1 - https:\/\/yoast.com\/product\/yoast-seo-wordpress\/ -->\n<title>[Formation continue] Workshop CCNT Connaissances de base | Mirus<\/title>\n<meta name=\"robots\" content=\"index, follow, max-snippet:-1, max-image-preview:large, max-video-preview:-1\" \/>\n<link rel=\"canonical\" href=\"https:\/\/mirus.ch\/fr\/connaissance\/formation-continue\/formation-continue-mirus-connaissances-de-base-cct-l\/\" \/>\n<meta property=\"og:locale\" content=\"fr_FR\" \/>\n<meta property=\"og:type\" content=\"article\" \/>\n<meta property=\"og:title\" content=\"[Formation continue] Workshop CCNT Connaissances de base | Mirus\" \/>\n<meta property=\"og:description\" content=\"Atelier Mirus Connaissances de base CCNT Programme 13h00 \u2013 17h00 ou 09h00 \u2013 13h00 (courte pause caf\u00e9 \u00e0 chaque fois) Co\u00fbts CHF 470.- 1\u00e8re personne, cours et pause caf\u00e9 comprisCHF 350.- 2e personne, cours et pause caf\u00e9 compris En cas d\u2019inscription simultan\u00e9e \u00e0 la partie 2 de l\u2019atelier, Connaissances de base LTrCHF 770.00 1\u00e8re personne, [&hellip;]\" \/>\n<meta property=\"og:url\" content=\"https:\/\/mirus.ch\/fr\/connaissance\/formation-continue\/formation-continue-mirus-connaissances-de-base-cct-l\/\" \/>\n<meta property=\"og:site_name\" content=\"Mirus\" \/>\n<meta property=\"article:modified_time\" content=\"2025-10-21T16:46:43+00:00\" \/>\n<meta property=\"og:image\" content=\"https:\/\/mirus.ch\/wp-content\/uploads\/2025\/06\/csm_MS_Head_Kurse_ca7d8e77f0.jpg\" \/>\n\t<meta property=\"og:image:width\" content=\"1920\" \/>\n\t<meta property=\"og:image:height\" content=\"835\" \/>\n\t<meta property=\"og:image:type\" content=\"image\/jpeg\" \/>\n<meta name=\"twitter:card\" content=\"summary_large_image\" \/>\n<meta name=\"twitter:label1\" content=\"Dur\u00e9e de lecture estim\u00e9e\" \/>\n\t<meta name=\"twitter:data1\" content=\"1 minute\" \/>\n<script type=\"application\/ld+json\" class=\"yoast-schema-graph\">{\"@context\":\"https:\/\/schema.org\",\"@graph\":[{\"@type\":\"WebPage\",\"@id\":\"https:\/\/mirus.ch\/fr\/connaissance\/formation-continue\/formation-continue-mirus-connaissances-de-base-cct-l\/\",\"url\":\"https:\/\/mirus.ch\/fr\/connaissance\/formation-continue\/formation-continue-mirus-connaissances-de-base-cct-l\/\",\"name\":\"[Formation continue] Workshop CCNT Connaissances de base | Mirus\",\"isPartOf\":{\"@id\":\"https:\/\/mirus.ch\/fr\/#website\"},\"primaryImageOfPage\":{\"@id\":\"https:\/\/mirus.ch\/fr\/connaissance\/formation-continue\/formation-continue-mirus-connaissances-de-base-cct-l\/#primaryimage\"},\"image\":{\"@id\":\"https:\/\/mirus.ch\/fr\/connaissance\/formation-continue\/formation-continue-mirus-connaissances-de-base-cct-l\/#primaryimage\"},\"thumbnailUrl\":\"https:\/\/mirus.ch\/wp-content\/uploads\/2025\/06\/csm_MS_Head_Kurse_ca7d8e77f0.jpg\",\"datePublished\":\"2025-06-17T10:32:50+00:00\",\"dateModified\":\"2025-10-21T16:46:43+00:00\",\"breadcrumb\":{\"@id\":\"https:\/\/mirus.ch\/fr\/connaissance\/formation-continue\/formation-continue-mirus-connaissances-de-base-cct-l\/#breadcrumb\"},\"inLanguage\":\"fr-FR\",\"potentialAction\":[{\"@type\":\"ReadAction\",\"target\":[\"https:\/\/mirus.ch\/fr\/connaissance\/formation-continue\/formation-continue-mirus-connaissances-de-base-cct-l\/\"]}]},{\"@type\":\"ImageObject\",\"inLanguage\":\"fr-FR\",\"@id\":\"https:\/\/mirus.ch\/fr\/connaissance\/formation-continue\/formation-continue-mirus-connaissances-de-base-cct-l\/#primaryimage\",\"url\":\"https:\/\/mirus.ch\/wp-content\/uploads\/2025\/06\/csm_MS_Head_Kurse_ca7d8e77f0.jpg\",\"contentUrl\":\"https:\/\/mirus.ch\/wp-content\/uploads\/2025\/06\/csm_MS_Head_Kurse_ca7d8e77f0.jpg\"},{\"@type\":\"BreadcrumbList\",\"@id\":\"https:\/\/mirus.ch\/fr\/connaissance\/formation-continue\/formation-continue-mirus-connaissances-de-base-cct-l\/#breadcrumb\",\"itemListElement\":[{\"@type\":\"ListItem\",\"position\":1,\"name\":\"Home\",\"item\":\"https:\/\/mirus.ch\/fr\/home\/\"},{\"@type\":\"ListItem\",\"position\":2,\"name\":\"Actualit\u00e9s\",\"item\":\"https:\/\/mirus.ch\/fr\/aktuelles\/\"},{\"@type\":\"ListItem\",\"position\":3,\"name\":\"Formation continue\",\"item\":\"https:\/\/mirus.ch\/fr\/connaissance\/formation-continue\/\"},{\"@type\":\"ListItem\",\"position\":4,\"name\":\"[Formation continue] Workshop CCNT Connaissances de base\"}]},{\"@type\":\"WebSite\",\"@id\":\"https:\/\/mirus.ch\/fr\/#website\",\"url\":\"https:\/\/mirus.ch\/fr\/\",\"name\":\"Mirus Software AG\",\"description\":\"Software und Service mit Herzblut\",\"publisher\":{\"@id\":\"https:\/\/mirus.ch\/fr\/#organization\"},\"alternateName\":\"Mirus Schweiz\",\"potentialAction\":[{\"@type\":\"SearchAction\",\"target\":{\"@type\":\"EntryPoint\",\"urlTemplate\":\"https:\/\/mirus.ch\/fr\/?s={search_term_string}\"},\"query-input\":{\"@type\":\"PropertyValueSpecification\",\"valueRequired\":true,\"valueName\":\"search_term_string\"}}],\"inLanguage\":\"fr-FR\"},{\"@type\":\"Organization\",\"@id\":\"https:\/\/mirus.ch\/fr\/#organization\",\"name\":\"Mirus software AG\",\"url\":\"https:\/\/mirus.ch\/fr\/\",\"logo\":{\"@type\":\"ImageObject\",\"inLanguage\":\"fr-FR\",\"@id\":\"https:\/\/mirus.ch\/fr\/#\/schema\/logo\/image\/\",\"url\":\"https:\/\/mirus.ch\/wp-content\/uploads\/2025\/07\/mirus-logo-rgb-turquise.png\",\"contentUrl\":\"https:\/\/mirus.ch\/wp-content\/uploads\/2025\/07\/mirus-logo-rgb-turquise.png\",\"width\":529,\"height\":123,\"caption\":\"Mirus software AG\"},\"image\":{\"@id\":\"https:\/\/mirus.ch\/fr\/#\/schema\/logo\/image\/\"},\"sameAs\":[\"https:\/\/www.linkedin.com\/company\/mirussoftwareag\/\"]}]}<\/script>\n<!-- \/ Yoast SEO plugin. -->","yoast_head_json":{"title":"[Formation continue] Workshop CCNT Connaissances de base | Mirus","robots":{"index":"index","follow":"follow","max-snippet":"max-snippet:-1","max-image-preview":"max-image-preview:large","max-video-preview":"max-video-preview:-1"},"canonical":"https:\/\/mirus.ch\/fr\/connaissance\/formation-continue\/formation-continue-mirus-connaissances-de-base-cct-l\/","og_locale":"fr_FR","og_type":"article","og_title":"[Formation continue] Workshop CCNT Connaissances de base | Mirus","og_description":"Atelier Mirus Connaissances de base CCNT Programme 13h00 \u2013 17h00 ou 09h00 \u2013 13h00 (courte pause caf\u00e9 \u00e0 chaque fois) Co\u00fbts CHF 470.- 1\u00e8re personne, cours et pause caf\u00e9 comprisCHF 350.- 2e personne, cours et pause caf\u00e9 compris En cas d\u2019inscription simultan\u00e9e \u00e0 la partie 2 de l\u2019atelier, Connaissances de base LTrCHF 770.00 1\u00e8re personne, [&hellip;]","og_url":"https:\/\/mirus.ch\/fr\/connaissance\/formation-continue\/formation-continue-mirus-connaissances-de-base-cct-l\/","og_site_name":"Mirus","article_modified_time":"2025-10-21T16:46:43+00:00","og_image":[{"width":1920,"height":835,"url":"https:\/\/mirus.ch\/wp-content\/uploads\/2025\/06\/csm_MS_Head_Kurse_ca7d8e77f0.jpg","type":"image\/jpeg"}],"twitter_card":"summary_large_image","twitter_misc":{"Dur\u00e9e de lecture estim\u00e9e":"1 minute"},"schema":{"@context":"https:\/\/schema.org","@graph":[{"@type":"WebPage","@id":"https:\/\/mirus.ch\/fr\/connaissance\/formation-continue\/formation-continue-mirus-connaissances-de-base-cct-l\/","url":"https:\/\/mirus.ch\/fr\/connaissance\/formation-continue\/formation-continue-mirus-connaissances-de-base-cct-l\/","name":"[Formation continue] Workshop CCNT Connaissances de base | Mirus","isPartOf":{"@id":"https:\/\/mirus.ch\/fr\/#website"},"primaryImageOfPage":{"@id":"https:\/\/mirus.ch\/fr\/connaissance\/formation-continue\/formation-continue-mirus-connaissances-de-base-cct-l\/#primaryimage"},"image":{"@id":"https:\/\/mirus.ch\/fr\/connaissance\/formation-continue\/formation-continue-mirus-connaissances-de-base-cct-l\/#primaryimage"},"thumbnailUrl":"https:\/\/mirus.ch\/wp-content\/uploads\/2025\/06\/csm_MS_Head_Kurse_ca7d8e77f0.jpg","datePublished":"2025-06-17T10:32:50+00:00","dateModified":"2025-10-21T16:46:43+00:00","breadcrumb":{"@id":"https:\/\/mirus.ch\/fr\/connaissance\/formation-continue\/formation-continue-mirus-connaissances-de-base-cct-l\/#breadcrumb"},"inLanguage":"fr-FR","potentialAction":[{"@type":"ReadAction","target":["https:\/\/mirus.ch\/fr\/connaissance\/formation-continue\/formation-continue-mirus-connaissances-de-base-cct-l\/"]}]},{"@type":"ImageObject","inLanguage":"fr-FR","@id":"https:\/\/mirus.ch\/fr\/connaissance\/formation-continue\/formation-continue-mirus-connaissances-de-base-cct-l\/#primaryimage","url":"https:\/\/mirus.ch\/wp-content\/uploads\/2025\/06\/csm_MS_Head_Kurse_ca7d8e77f0.jpg","contentUrl":"https:\/\/mirus.ch\/wp-content\/uploads\/2025\/06\/csm_MS_Head_Kurse_ca7d8e77f0.jpg"},{"@type":"BreadcrumbList","@id":"https:\/\/mirus.ch\/fr\/connaissance\/formation-continue\/formation-continue-mirus-connaissances-de-base-cct-l\/#breadcrumb","itemListElement":[{"@type":"ListItem","position":1,"name":"Home","item":"https:\/\/mirus.ch\/fr\/home\/"},{"@type":"ListItem","position":2,"name":"Actualit\u00e9s","item":"https:\/\/mirus.ch\/fr\/aktuelles\/"},{"@type":"ListItem","position":3,"name":"Formation continue","item":"https:\/\/mirus.ch\/fr\/connaissance\/formation-continue\/"},{"@type":"ListItem","position":4,"name":"[Formation continue] Workshop CCNT Connaissances de base"}]},{"@type":"WebSite","@id":"https:\/\/mirus.ch\/fr\/#website","url":"https:\/\/mirus.ch\/fr\/","name":"Mirus Software AG","description":"Software und Service mit Herzblut","publisher":{"@id":"https:\/\/mirus.ch\/fr\/#organization"},"alternateName":"Mirus Schweiz","potentialAction":[{"@type":"SearchAction","target":{"@type":"EntryPoint","urlTemplate":"https:\/\/mirus.ch\/fr\/?s={search_term_string}"},"query-input":{"@type":"PropertyValueSpecification","valueRequired":true,"valueName":"search_term_string"}}],"inLanguage":"fr-FR"},{"@type":"Organization","@id":"https:\/\/mirus.ch\/fr\/#organization","name":"Mirus software AG","url":"https:\/\/mirus.ch\/fr\/","logo":{"@type":"ImageObject","inLanguage":"fr-FR","@id":"https:\/\/mirus.ch\/fr\/#\/schema\/logo\/image\/","url":"https:\/\/mirus.ch\/wp-content\/uploads\/2025\/07\/mirus-logo-rgb-turquise.png","contentUrl":"https:\/\/mirus.ch\/wp-content\/uploads\/2025\/07\/mirus-logo-rgb-turquise.png","width":529,"height":123,"caption":"Mirus software AG"},"image":{"@id":"https:\/\/mirus.ch\/fr\/#\/schema\/logo\/image\/"},"sameAs":["https:\/\/www.linkedin.com\/company\/mirussoftwareag\/"]}]}},"_links":{"self":[{"href":"https:\/\/mirus.ch\/fr\/wp-json\/wp\/v2\/pages\/8351","targetHints":{"allow":["GET"]}}],"collection":[{"href":"https:\/\/mirus.ch\/fr\/wp-json\/wp\/v2\/pages"}],"about":[{"href":"https:\/\/mirus.ch\/fr\/wp-json\/wp\/v2\/types\/page"}],"author":[{"embeddable":true,"href":"https:\/\/mirus.ch\/fr\/wp-json\/wp\/v2\/users\/3"}],"replies":[{"embeddable":true,"href":"https:\/\/mirus.ch\/fr\/wp-json\/wp\/v2\/comments?post=8351"}],"version-history":[{"count":4,"href":"https:\/\/mirus.ch\/fr\/wp-json\/wp\/v2\/pages\/8351\/revisions"}],"predecessor-version":[{"id":11366,"href":"https:\/\/mirus.ch\/fr\/wp-json\/wp\/v2\/pages\/8351\/revisions\/11366"}],"up":[{"embeddable":true,"href":"https:\/\/mirus.ch\/fr\/wp-json\/wp\/v2\/pages\/8314"}],"wp:attachment":[{"href":"https:\/\/mirus.ch\/fr\/wp-json\/wp\/v2\/media?parent=8351"}],"wp:term":[{"taxonomy":"event","embeddable":true,"href":"https:\/\/mirus.ch\/fr\/wp-json\/wp\/v2\/event?post=8351"}],"curies":[{"name":"wp","href":"https:\/\/api.w.org\/{rel}","templated":true}]}}