{"id":8420,"date":"2025-03-05T13:27:15","date_gmt":"2025-03-05T13:27:15","guid":{"rendered":"https:\/\/mirus.ch\/a-propos-de-mirus\/"},"modified":"2025-08-05T10:43:25","modified_gmt":"2025-08-05T10:43:25","slug":"a-propos-de-mirus","status":"publish","type":"page","link":"https:\/\/mirus.ch\/fr\/entreprise\/a-propos-de-mirus\/","title":{"rendered":"\u00c0 propos de Mirus"},"content":{"rendered":"\t\t<div data-elementor-type=\"wp-page\" data-elementor-id=\"8420\" class=\"elementor elementor-8420 elementor-122\" data-elementor-post-type=\"page\">\n\t\t\t\t<div class=\"elementor-element elementor-element-a03aad1 e-flex e-con-boxed e-con e-parent\" data-id=\"a03aad1\" data-element_type=\"container\" data-e-type=\"container\" data-settings=\"{&quot;background_background&quot;:&quot;classic&quot;}\">\n\t\t\t\t\t<div class=\"e-con-inner\">\n\t\t<div class=\"elementor-element elementor-element-7e91b531 e-con-full e-flex e-con e-child\" data-id=\"7e91b531\" data-element_type=\"container\" data-e-type=\"container\">\n\t\t\t\t<div class=\"elementor-element elementor-element-31ccb9f1 elementor-widget elementor-widget-heading\" data-id=\"31ccb9f1\" data-element_type=\"widget\" data-e-type=\"widget\" data-widget_type=\"heading.default\">\n\t\t\t\t<div class=\"elementor-widget-container\">\n\t\t\t\t\t<h1 class=\"elementor-heading-title elementor-size-default\">Votre partenaire h\u00f4telier pour les logiciels et les services\n<\/h1>\t\t\t\t<\/div>\n\t\t\t\t<\/div>\n\t\t\t\t<div class=\"elementor-element elementor-element-17bde67 elementor-widget elementor-widget-text-editor\" data-id=\"17bde67\" data-element_type=\"widget\" data-e-type=\"widget\" data-widget_type=\"text-editor.default\">\n\t\t\t\t<div class=\"elementor-widget-container\">\n\t\t\t\t\t\t\t\t\t<p><span style=\"font-weight: 400;\">La <strong>Mirus Software AG<\/strong> est un prestataire de services RH de premier plan et un fournisseur de solutions web sp\u00e9cialement con\u00e7ues pour le secteur de l&rsquo;h\u00f4tellerie. Avec des sites \u00e0 Davos, Thalwil, Puidoux et \u017dilina, nous accompagnons avec succ\u00e8s <strong>depuis plus de trois d\u00e9cennies<\/strong> plus de 4 500 clients en Suisse, principalement issus de l&rsquo;h\u00f4tellerie, de la restauration et du tourisme. <\/span><\/p>\t\t\t\t\t\t\t\t<\/div>\n\t\t\t\t<\/div>\n\t\t\t\t<div class=\"elementor-element elementor-element-4f78d6fb elementor-widget elementor-widget-button\" data-id=\"4f78d6fb\" data-element_type=\"widget\" data-e-type=\"widget\" data-widget_type=\"button.default\">\n\t\t\t\t<div class=\"elementor-widget-container\">\n\t\t\t\t\t\t\t\t\t<div class=\"elementor-button-wrapper\">\n\t\t\t\t\t<a class=\"elementor-button elementor-button-link elementor-size-sm\" href=\"https:\/\/mirus.ch\/fr\/entreprise\/equipe\/\">\n\t\t\t\t\t\t<span class=\"elementor-button-content-wrapper\">\n\t\t\t\t\t\t\t\t\t<span class=\"elementor-button-text\">D\u00e9couvrir l'\u00e9quipe<\/span>\n\t\t\t\t\t<\/span>\n\t\t\t\t\t<\/a>\n\t\t\t\t<\/div>\n\t\t\t\t\t\t\t\t<\/div>\n\t\t\t\t<\/div>\n\t\t\t\t<\/div>\n\t\t\t\t\t<\/div>\n\t\t\t\t<\/div>\n\t\t<div class=\"elementor-element elementor-element-7e73ee27 e-flex e-con-boxed e-con e-parent\" data-id=\"7e73ee27\" data-element_type=\"container\" data-e-type=\"container\" data-settings=\"{&quot;background_background&quot;:&quot;classic&quot;}\">\n\t\t\t\t\t<div class=\"e-con-inner\">\n\t\t<div class=\"elementor-element elementor-element-724d8ca6 e-con-full e-flex e-con e-child\" data-id=\"724d8ca6\" data-element_type=\"container\" data-e-type=\"container\" data-settings=\"{&quot;background_background&quot;:&quot;gradient&quot;}\">\n\t\t<div class=\"elementor-element elementor-element-3d74ac2b e-con-full e-flex e-con e-child\" data-id=\"3d74ac2b\" data-element_type=\"container\" data-e-type=\"container\" data-settings=\"{&quot;background_background&quot;:&quot;gradient&quot;}\">\n\t\t\t\t<div class=\"elementor-element elementor-element-6cf91ce elementor-widget elementor-widget-heading\" data-id=\"6cf91ce\" data-element_type=\"widget\" data-e-type=\"widget\" data-widget_type=\"heading.default\">\n\t\t\t\t<div class=\"elementor-widget-container\">\n\t\t\t\t\t<h2 class=\"elementor-heading-title elementor-size-default\">Moins de bureaucratie, plus d'hospitalit\u00e9\n<\/h2>\t\t\t\t<\/div>\n\t\t\t\t<\/div>\n\t\t\t\t<div class=\"elementor-element elementor-element-389f175d elementor-widget elementor-widget-text-editor\" data-id=\"389f175d\" data-element_type=\"widget\" data-e-type=\"widget\" data-widget_type=\"text-editor.default\">\n\t\t\t\t<div class=\"elementor-widget-container\">\n\t\t\t\t\t\t\t\t\t<p><span style=\"font-weight: 400;\">Nous comprenons parfaitement les d\u00e9fis du secteur et d\u00e9veloppons des solutions logicielles pratiques, ax\u00e9es sur le service, qui facilitent consid\u00e9rablement le quotidien dans l&rsquo;h\u00f4tellerie. Nos offres vont de la Gestion des salaires moderne aux syst\u00e8mes enti\u00e8rement int\u00e9gr\u00e9s pour la planification des effectifs et le suivi du temps de travail, en passant par la comptabilit\u00e9 financi\u00e8re, le tout bas\u00e9 sur le web, s\u00e9curis\u00e9 et intuitif. <\/span><\/p>\t\t\t\t\t\t\t\t<\/div>\n\t\t\t\t<\/div>\n\t\t\t\t<\/div>\n\t\t<div class=\"elementor-element elementor-element-2589230f e-con-full e-flex e-con e-child\" data-id=\"2589230f\" data-element_type=\"container\" data-e-type=\"container\" data-settings=\"{&quot;background_background&quot;:&quot;classic&quot;}\">\n\t\t\t\t<\/div>\n\t\t\t\t<\/div>\n\t\t<div class=\"elementor-element elementor-element-b015a11 e-con-full e-flex e-con e-child\" data-id=\"b015a11\" data-element_type=\"container\" data-e-type=\"container\" data-settings=\"{&quot;background_background&quot;:&quot;gradient&quot;}\">\n\t\t<div class=\"elementor-element elementor-element-5e5a1d61 e-con-full e-flex e-con e-child\" data-id=\"5e5a1d61\" data-element_type=\"container\" data-e-type=\"container\" data-settings=\"{&quot;background_background&quot;:&quot;classic&quot;}\">\n\t\t\t\t<\/div>\n\t\t<div class=\"elementor-element elementor-element-3b4476c5 e-con-full e-flex e-con e-child\" data-id=\"3b4476c5\" data-element_type=\"container\" data-e-type=\"container\" data-settings=\"{&quot;background_background&quot;:&quot;gradient&quot;}\">\n\t\t\t\t<div class=\"elementor-element elementor-element-52983b27 elementor-widget elementor-widget-heading\" data-id=\"52983b27\" data-element_type=\"widget\" data-e-type=\"widget\" data-widget_type=\"heading.default\">\n\t\t\t\t<div class=\"elementor-widget-container\">\n\t\t\t\t\t<h2 class=\"elementor-heading-title elementor-size-default\">L'innovation rencontre l'exp\u00e9rience du secteur \n<\/h2>\t\t\t\t<\/div>\n\t\t\t\t<\/div>\n\t\t\t\t<div class=\"elementor-element elementor-element-cb47aed elementor-widget elementor-widget-text-editor\" data-id=\"cb47aed\" data-element_type=\"widget\" data-e-type=\"widget\" data-widget_type=\"text-editor.default\">\n\t\t\t\t<div class=\"elementor-widget-container\">\n\t\t\t\t\t\t\t\t\t<p><span style=\"font-weight: 400;\">En tant que partenaire de savoir-faire, nous misons sur l&rsquo;innovation continue et le d\u00e9veloppement technologique. Nos solutions sont de plus en plus bas\u00e9es sur l&rsquo;IA et s&rsquo;adaptent avec flexibilit\u00e9 aux exigences dynamiques du secteur de l&rsquo;h\u00f4tellerie. Nos clients profitent ainsi de notre compr\u00e9hension approfondie du secteur, que nous avons d\u00e9velopp\u00e9e en 30 ans.  <\/span><\/p>\t\t\t\t\t\t\t\t<\/div>\n\t\t\t\t<\/div>\n\t\t\t\t<\/div>\n\t\t\t\t<\/div>\n\t\t\t\t\t<\/div>\n\t\t\t\t<\/div>\n\t\t<div class=\"elementor-element elementor-element-2dc583d4 e-flex e-con-boxed e-con e-parent\" data-id=\"2dc583d4\" data-element_type=\"container\" data-e-type=\"container\" data-settings=\"{&quot;background_background&quot;:&quot;gradient&quot;}\">\n\t\t\t\t\t<div class=\"e-con-inner\">\n\t\t<div class=\"elementor-element elementor-element-3dd5ebd5 e-con-full e-flex e-con e-child\" data-id=\"3dd5ebd5\" data-element_type=\"container\" data-e-type=\"container\">\n\t\t<div class=\"elementor-element elementor-element-51abdb40 e-con-full e-flex e-con e-child\" data-id=\"51abdb40\" data-element_type=\"container\" data-e-type=\"container\">\n\t\t\t\t<div class=\"elementor-element elementor-element-4fc9c21a elementor-widget elementor-widget-heading\" data-id=\"4fc9c21a\" data-element_type=\"widget\" data-e-type=\"widget\" data-widget_type=\"heading.default\">\n\t\t\t\t<div class=\"elementor-widget-container\">\n\t\t\t\t\t<h3 class=\"elementor-heading-title elementor-size-default\">Partenaire Premium de HOtellerieSuisse<\/h3>\t\t\t\t<\/div>\n\t\t\t\t<\/div>\n\t\t\t\t<div class=\"elementor-element elementor-element-42a98840 elementor-widget elementor-widget-heading\" data-id=\"42a98840\" data-element_type=\"widget\" data-e-type=\"widget\" data-widget_type=\"heading.default\">\n\t\t\t\t<div class=\"elementor-widget-container\">\n\t\t\t\t\t<h2 class=\"elementor-heading-title elementor-size-default\">Par des h\u00f4teliers pour des h\u00f4teliers &amp; Co.<\/h2>\t\t\t\t<\/div>\n\t\t\t\t<\/div>\n\t\t\t\t<\/div>\n\t\t<div class=\"elementor-element elementor-element-3dd5f048 e-con-full elementor-hidden-mobile e-flex e-con e-child\" data-id=\"3dd5f048\" data-element_type=\"container\" data-e-type=\"container\">\n\t\t\t\t<\/div>\n\t\t\t\t<\/div>\n\t\t\t\t<div class=\"elementor-element elementor-element-6478ac72 elementor-widget elementor-widget-video\" data-id=\"6478ac72\" data-element_type=\"widget\" data-e-type=\"widget\" data-settings=\"{&quot;youtube_url&quot;:&quot;https:\\\/\\\/www.youtube.com\\\/watch?v=FYXdmZvwzCY&quot;,&quot;show_image_overlay&quot;:&quot;yes&quot;,&quot;image_overlay&quot;:{&quot;url&quot;:&quot;&quot;,&quot;id&quot;:&quot;&quot;,&quot;size&quot;:&quot;&quot;,&quot;alt&quot;:&quot;&quot;,&quot;source&quot;:&quot;library&quot;},&quot;video_type&quot;:&quot;youtube&quot;,&quot;controls&quot;:&quot;yes&quot;}\" data-widget_type=\"video.default\">\n\t\t\t\t<div class=\"elementor-widget-container\">\n\t\t\t\t\t\t\t<div class=\"elementor-wrapper elementor-open-inline\">\n\t\t\t<div class=\"elementor-video\"><\/div>\t\t<\/div>\n\t\t\t\t\t\t<\/div>\n\t\t\t\t<\/div>\n\t\t\t\t\t<\/div>\n\t\t\t\t<\/div>\n\t\t<div class=\"elementor-element elementor-element-3e58a8ec e-flex e-con-boxed e-con e-parent\" data-id=\"3e58a8ec\" data-element_type=\"container\" data-e-type=\"container\" data-settings=\"{&quot;background_background&quot;:&quot;classic&quot;}\">\n\t\t\t\t\t<div class=\"e-con-inner\">\n\t\t<div class=\"elementor-element elementor-element-3f222580 e-flex e-con-boxed e-con e-child\" data-id=\"3f222580\" data-element_type=\"container\" data-e-type=\"container\">\n\t\t\t\t\t<div class=\"e-con-inner\">\n\t\t\t\t<div class=\"elementor-element elementor-element-3d02dc7b elementor-widget elementor-widget-heading\" data-id=\"3d02dc7b\" data-element_type=\"widget\" data-e-type=\"widget\" data-widget_type=\"heading.default\">\n\t\t\t\t<div class=\"elementor-widget-container\">\n\t\t\t\t\t<h3 class=\"elementor-heading-title elementor-size-default\">Nos valeurs<\/h3>\t\t\t\t<\/div>\n\t\t\t\t<\/div>\n\t\t\t\t<div class=\"elementor-element elementor-element-5d5c08eb elementor-widget elementor-widget-heading\" data-id=\"5d5c08eb\" data-element_type=\"widget\" data-e-type=\"widget\" data-widget_type=\"heading.default\">\n\t\t\t\t<div class=\"elementor-widget-container\">\n\t\t\t\t\t<h2 class=\"elementor-heading-title elementor-size-default\">Fiabilit\u00e9, proximit\u00e9 et orientation service\n<\/h2>\t\t\t\t<\/div>\n\t\t\t\t<\/div>\n\t\t\t\t<div class=\"elementor-element elementor-element-434fcb00 elementor-widget elementor-widget-text-editor\" data-id=\"434fcb00\" data-element_type=\"widget\" data-e-type=\"widget\" data-widget_type=\"text-editor.default\">\n\t\t\t\t<div class=\"elementor-widget-container\">\n\t\t\t\t\t\t\t\t\t<p><span style=\"font-weight: 400;\">Chez Mirus, l&rsquo;accompagnement personnalis\u00e9 et la collaboration en partenariat sont au centre de nos pr\u00e9occupations. Nous sommes fiers non seulement de fournir des logiciels, mais aussi de cr\u00e9er une r\u00e9elle valeur ajout\u00e9e gr\u00e2ce \u00e0 des conseils personnalis\u00e9s, un support rapide et des solutions durables qui ont un impact \u00e0 long terme.  <\/span><\/p><p><strong><span style=\"font-family: -apple-system, BlinkMacSystemFont, 'Segoe UI', Roboto, 'Helvetica Neue', Arial, 'Noto Sans', sans-serif, 'Apple Color Emoji', 'Segoe UI Emoji', 'Segoe UI Symbol', 'Noto Color Emoji';\">Avec Mirus Software AG, vous misez sur un partenaire exp\u00e9riment\u00e9 et innovant qui num\u00e9rise et optimise vos processus administratifs, pour plus d&rsquo;efficacit\u00e9, de transparence et de satisfaction de vos clients.<\/span><\/strong><\/p><p><span style=\"font-weight: 400;\"> <\/span><\/p>\t\t\t\t\t\t\t\t<\/div>\n\t\t\t\t<\/div>\n\t\t\t\t\t<\/div>\n\t\t\t\t<\/div>\n\t\t<div class=\"elementor-element elementor-element-65cb0f52 e-con-full e-flex e-con e-child\" data-id=\"65cb0f52\" data-element_type=\"container\" data-e-type=\"container\">\n\t\t\t\t<div class=\"elementor-element elementor-element-3aa0bcfe elementor-widget elementor-widget-button\" data-id=\"3aa0bcfe\" data-element_type=\"widget\" data-e-type=\"widget\" data-widget_type=\"button.default\">\n\t\t\t\t<div class=\"elementor-widget-container\">\n\t\t\t\t\t\t\t\t\t<div class=\"elementor-button-wrapper\">\n\t\t\t\t\t<a class=\"elementor-button elementor-button-link elementor-size-sm\" href=\"https:\/\/mirus.ch\/fr\/entreprise\/contact\/\">\n\t\t\t\t\t\t<span class=\"elementor-button-content-wrapper\">\n\t\t\t\t\t\t\t\t\t<span class=\"elementor-button-text\">Contactez-nous d\u00e8s maintenant<\/span>\n\t\t\t\t\t<\/span>\n\t\t\t\t\t<\/a>\n\t\t\t\t<\/div>\n\t\t\t\t\t\t\t\t<\/div>\n\t\t\t\t<\/div>\n\t\t\t\t<\/div>\n\t\t\t\t\t<\/div>\n\t\t\t\t<\/div>\n\t\t\t\t<\/div>\n\t\t","protected":false},"excerpt":{"rendered":"<p>Votre partenaire h\u00f4telier pour les logiciels et les services La Mirus Software AG est un prestataire de services RH de premier plan et un fournisseur de solutions web sp\u00e9cialement con\u00e7ues pour le secteur de l&rsquo;h\u00f4tellerie. Avec des sites \u00e0 Davos, Thalwil, Puidoux et \u017dilina, nous accompagnons avec succ\u00e8s depuis plus de trois d\u00e9cennies plus de [&hellip;]<\/p>\n","protected":false},"author":1,"featured_media":0,"parent":8377,"menu_order":0,"comment_status":"closed","ping_status":"closed","template":"","meta":{"_acf_changed":false,"inline_featured_image":false,"footnotes":""},"event":[],"class_list":["post-8420","page","type-page","status-publish","hentry"],"acf":[],"yoast_head":"<!-- This site is optimized with the Yoast SEO plugin v27.1.1 - https:\/\/yoast.com\/product\/yoast-seo-wordpress\/ -->\n<title>\u00c0 propos de Mirus | Mirus<\/title>\n<meta name=\"robots\" content=\"index, follow, max-snippet:-1, max-image-preview:large, max-video-preview:-1\" \/>\n<link rel=\"canonical\" href=\"https:\/\/mirus.ch\/fr\/entreprise\/a-propos-de-mirus\/\" \/>\n<meta property=\"og:locale\" content=\"fr_FR\" \/>\n<meta property=\"og:type\" content=\"article\" \/>\n<meta property=\"og:title\" content=\"\u00c0 propos de Mirus | Mirus\" \/>\n<meta property=\"og:description\" content=\"Votre partenaire h\u00f4telier pour les logiciels et les services La Mirus Software AG est un prestataire de services RH de premier plan et un fournisseur de solutions web sp\u00e9cialement con\u00e7ues pour le secteur de l&rsquo;h\u00f4tellerie. Avec des sites \u00e0 Davos, Thalwil, Puidoux et \u017dilina, nous accompagnons avec succ\u00e8s depuis plus de trois d\u00e9cennies plus de [&hellip;]\" \/>\n<meta property=\"og:url\" content=\"https:\/\/mirus.ch\/fr\/entreprise\/a-propos-de-mirus\/\" \/>\n<meta property=\"og:site_name\" content=\"Mirus\" \/>\n<meta property=\"article:modified_time\" content=\"2025-08-05T10:43:25+00:00\" \/>\n<meta name=\"twitter:card\" content=\"summary_large_image\" \/>\n<meta name=\"twitter:label1\" content=\"Dur\u00e9e de lecture estim\u00e9e\" \/>\n\t<meta name=\"twitter:data1\" content=\"2 minutes\" \/>\n<script type=\"application\/ld+json\" class=\"yoast-schema-graph\">{\"@context\":\"https:\/\/schema.org\",\"@graph\":[{\"@type\":\"WebPage\",\"@id\":\"https:\/\/mirus.ch\/fr\/entreprise\/a-propos-de-mirus\/\",\"url\":\"https:\/\/mirus.ch\/fr\/entreprise\/a-propos-de-mirus\/\",\"name\":\"\u00c0 propos de Mirus | Mirus\",\"isPartOf\":{\"@id\":\"https:\/\/mirus.ch\/fr\/#website\"},\"datePublished\":\"2025-03-05T13:27:15+00:00\",\"dateModified\":\"2025-08-05T10:43:25+00:00\",\"breadcrumb\":{\"@id\":\"https:\/\/mirus.ch\/fr\/entreprise\/a-propos-de-mirus\/#breadcrumb\"},\"inLanguage\":\"fr-FR\",\"potentialAction\":[{\"@type\":\"ReadAction\",\"target\":[\"https:\/\/mirus.ch\/fr\/entreprise\/a-propos-de-mirus\/\"]}]},{\"@type\":\"BreadcrumbList\",\"@id\":\"https:\/\/mirus.ch\/fr\/entreprise\/a-propos-de-mirus\/#breadcrumb\",\"itemListElement\":[{\"@type\":\"ListItem\",\"position\":1,\"name\":\"Home\",\"item\":\"https:\/\/mirus.ch\/fr\/home\/\"},{\"@type\":\"ListItem\",\"position\":2,\"name\":\"Entreprise\",\"item\":\"https:\/\/mirus.ch\/fr\/unternehmen\/\"},{\"@type\":\"ListItem\",\"position\":3,\"name\":\"\u00c0 propos de Mirus\"}]},{\"@type\":\"WebSite\",\"@id\":\"https:\/\/mirus.ch\/fr\/#website\",\"url\":\"https:\/\/mirus.ch\/fr\/\",\"name\":\"Mirus Software AG\",\"description\":\"Software und Service mit Herzblut\",\"publisher\":{\"@id\":\"https:\/\/mirus.ch\/fr\/#organization\"},\"alternateName\":\"Mirus Schweiz\",\"potentialAction\":[{\"@type\":\"SearchAction\",\"target\":{\"@type\":\"EntryPoint\",\"urlTemplate\":\"https:\/\/mirus.ch\/fr\/?s={search_term_string}\"},\"query-input\":{\"@type\":\"PropertyValueSpecification\",\"valueRequired\":true,\"valueName\":\"search_term_string\"}}],\"inLanguage\":\"fr-FR\"},{\"@type\":\"Organization\",\"@id\":\"https:\/\/mirus.ch\/fr\/#organization\",\"name\":\"Mirus software AG\",\"url\":\"https:\/\/mirus.ch\/fr\/\",\"logo\":{\"@type\":\"ImageObject\",\"inLanguage\":\"fr-FR\",\"@id\":\"https:\/\/mirus.ch\/fr\/#\/schema\/logo\/image\/\",\"url\":\"https:\/\/mirus.ch\/wp-content\/uploads\/2025\/07\/mirus-logo-rgb-turquise.png\",\"contentUrl\":\"https:\/\/mirus.ch\/wp-content\/uploads\/2025\/07\/mirus-logo-rgb-turquise.png\",\"width\":529,\"height\":123,\"caption\":\"Mirus software AG\"},\"image\":{\"@id\":\"https:\/\/mirus.ch\/fr\/#\/schema\/logo\/image\/\"},\"sameAs\":[\"https:\/\/www.linkedin.com\/company\/mirussoftwareag\/\"]}]}<\/script>\n<!-- \/ Yoast SEO plugin. -->","yoast_head_json":{"title":"\u00c0 propos de Mirus | Mirus","robots":{"index":"index","follow":"follow","max-snippet":"max-snippet:-1","max-image-preview":"max-image-preview:large","max-video-preview":"max-video-preview:-1"},"canonical":"https:\/\/mirus.ch\/fr\/entreprise\/a-propos-de-mirus\/","og_locale":"fr_FR","og_type":"article","og_title":"\u00c0 propos de Mirus | Mirus","og_description":"Votre partenaire h\u00f4telier pour les logiciels et les services La Mirus Software AG est un prestataire de services RH de premier plan et un fournisseur de solutions web sp\u00e9cialement con\u00e7ues pour le secteur de l&rsquo;h\u00f4tellerie. Avec des sites \u00e0 Davos, Thalwil, Puidoux et \u017dilina, nous accompagnons avec succ\u00e8s depuis plus de trois d\u00e9cennies plus de [&hellip;]","og_url":"https:\/\/mirus.ch\/fr\/entreprise\/a-propos-de-mirus\/","og_site_name":"Mirus","article_modified_time":"2025-08-05T10:43:25+00:00","twitter_card":"summary_large_image","twitter_misc":{"Dur\u00e9e de lecture estim\u00e9e":"2 minutes"},"schema":{"@context":"https:\/\/schema.org","@graph":[{"@type":"WebPage","@id":"https:\/\/mirus.ch\/fr\/entreprise\/a-propos-de-mirus\/","url":"https:\/\/mirus.ch\/fr\/entreprise\/a-propos-de-mirus\/","name":"\u00c0 propos de Mirus | Mirus","isPartOf":{"@id":"https:\/\/mirus.ch\/fr\/#website"},"datePublished":"2025-03-05T13:27:15+00:00","dateModified":"2025-08-05T10:43:25+00:00","breadcrumb":{"@id":"https:\/\/mirus.ch\/fr\/entreprise\/a-propos-de-mirus\/#breadcrumb"},"inLanguage":"fr-FR","potentialAction":[{"@type":"ReadAction","target":["https:\/\/mirus.ch\/fr\/entreprise\/a-propos-de-mirus\/"]}]},{"@type":"BreadcrumbList","@id":"https:\/\/mirus.ch\/fr\/entreprise\/a-propos-de-mirus\/#breadcrumb","itemListElement":[{"@type":"ListItem","position":1,"name":"Home","item":"https:\/\/mirus.ch\/fr\/home\/"},{"@type":"ListItem","position":2,"name":"Entreprise","item":"https:\/\/mirus.ch\/fr\/unternehmen\/"},{"@type":"ListItem","position":3,"name":"\u00c0 propos de Mirus"}]},{"@type":"WebSite","@id":"https:\/\/mirus.ch\/fr\/#website","url":"https:\/\/mirus.ch\/fr\/","name":"Mirus Software AG","description":"Software und Service mit Herzblut","publisher":{"@id":"https:\/\/mirus.ch\/fr\/#organization"},"alternateName":"Mirus Schweiz","potentialAction":[{"@type":"SearchAction","target":{"@type":"EntryPoint","urlTemplate":"https:\/\/mirus.ch\/fr\/?s={search_term_string}"},"query-input":{"@type":"PropertyValueSpecification","valueRequired":true,"valueName":"search_term_string"}}],"inLanguage":"fr-FR"},{"@type":"Organization","@id":"https:\/\/mirus.ch\/fr\/#organization","name":"Mirus software AG","url":"https:\/\/mirus.ch\/fr\/","logo":{"@type":"ImageObject","inLanguage":"fr-FR","@id":"https:\/\/mirus.ch\/fr\/#\/schema\/logo\/image\/","url":"https:\/\/mirus.ch\/wp-content\/uploads\/2025\/07\/mirus-logo-rgb-turquise.png","contentUrl":"https:\/\/mirus.ch\/wp-content\/uploads\/2025\/07\/mirus-logo-rgb-turquise.png","width":529,"height":123,"caption":"Mirus software AG"},"image":{"@id":"https:\/\/mirus.ch\/fr\/#\/schema\/logo\/image\/"},"sameAs":["https:\/\/www.linkedin.com\/company\/mirussoftwareag\/"]}]}},"_links":{"self":[{"href":"https:\/\/mirus.ch\/fr\/wp-json\/wp\/v2\/pages\/8420","targetHints":{"allow":["GET"]}}],"collection":[{"href":"https:\/\/mirus.ch\/fr\/wp-json\/wp\/v2\/pages"}],"about":[{"href":"https:\/\/mirus.ch\/fr\/wp-json\/wp\/v2\/types\/page"}],"author":[{"embeddable":true,"href":"https:\/\/mirus.ch\/fr\/wp-json\/wp\/v2\/users\/1"}],"replies":[{"embeddable":true,"href":"https:\/\/mirus.ch\/fr\/wp-json\/wp\/v2\/comments?post=8420"}],"version-history":[{"count":3,"href":"https:\/\/mirus.ch\/fr\/wp-json\/wp\/v2\/pages\/8420\/revisions"}],"predecessor-version":[{"id":9575,"href":"https:\/\/mirus.ch\/fr\/wp-json\/wp\/v2\/pages\/8420\/revisions\/9575"}],"up":[{"embeddable":true,"href":"https:\/\/mirus.ch\/fr\/wp-json\/wp\/v2\/pages\/8377"}],"wp:attachment":[{"href":"https:\/\/mirus.ch\/fr\/wp-json\/wp\/v2\/media?parent=8420"}],"wp:term":[{"taxonomy":"event","embeddable":true,"href":"https:\/\/mirus.ch\/fr\/wp-json\/wp\/v2\/event?post=8420"}],"curies":[{"name":"wp","href":"https:\/\/api.w.org\/{rel}","templated":true}]}}