{"id":8451,"date":"2025-06-17T07:38:21","date_gmt":"2025-06-17T07:38:21","guid":{"rendered":"https:\/\/mirus.ch\/formation-continue\/formation-continue-cours-mirus-finance-3-0\/"},"modified":"2025-10-21T16:45:56","modified_gmt":"2025-10-21T16:45:56","slug":"formation-continue-cours-mirus-finance-3-0","status":"publish","type":"page","link":"https:\/\/mirus.ch\/fr\/connaissance\/formation-continue\/formation-continue-cours-mirus-finance-3-0\/","title":{"rendered":"[Formation continue] Cours Mirus Finance 3.0"},"content":{"rendered":"\t\t<div data-elementor-type=\"wp-page\" data-elementor-id=\"8451\" class=\"elementor elementor-8451 elementor-7081\" data-elementor-post-type=\"page\">\n\t\t\t\t<div class=\"elementor-element elementor-element-4756bd7c e-flex e-con-boxed e-con e-parent\" data-id=\"4756bd7c\" data-element_type=\"container\" data-e-type=\"container\">\n\t\t\t\t\t<div class=\"e-con-inner\">\n\t\t<div class=\"elementor-element elementor-element-7c334efd e-con-full e-flex e-con e-child\" data-id=\"7c334efd\" data-element_type=\"container\" data-e-type=\"container\">\n\t\t\t\t<div class=\"elementor-element elementor-element-16de981 elementor-widget elementor-widget-heading\" data-id=\"16de981\" data-element_type=\"widget\" data-e-type=\"widget\" data-widget_type=\"heading.default\">\n\t\t\t\t<div class=\"elementor-widget-container\">\n\t\t\t\t\t<h1 class=\"elementor-heading-title elementor-size-default\"> Cours Mirus Finance 3.0 <\/h1>\t\t\t\t<\/div>\n\t\t\t\t<\/div>\n\t\t\t\t<\/div>\n\t\t\t\t<div class=\"elementor-element elementor-element-73efb605 elementor-widget elementor-widget-image\" data-id=\"73efb605\" data-element_type=\"widget\" data-e-type=\"widget\" data-widget_type=\"image.default\">\n\t\t\t\t<div class=\"elementor-widget-container\">\n\t\t\t\t\t\t\t\t\t\t\t\t\t\t\t<img fetchpriority=\"high\" decoding=\"async\" width=\"1920\" height=\"835\" src=\"https:\/\/mirus.ch\/wp-content\/uploads\/2025\/06\/csm_MS_Head_Kurse_ca7d8e77f0.jpg\" class=\"attachment-full size-full wp-image-5452\" alt=\"Kursteilnehmer und Trainer sind zu sehen\" srcset=\"https:\/\/mirus.ch\/wp-content\/uploads\/2025\/06\/csm_MS_Head_Kurse_ca7d8e77f0.jpg 1920w, https:\/\/mirus.ch\/wp-content\/uploads\/2025\/06\/csm_MS_Head_Kurse_ca7d8e77f0-300x130.jpg 300w, https:\/\/mirus.ch\/wp-content\/uploads\/2025\/06\/csm_MS_Head_Kurse_ca7d8e77f0-1024x445.jpg 1024w, https:\/\/mirus.ch\/wp-content\/uploads\/2025\/06\/csm_MS_Head_Kurse_ca7d8e77f0-768x334.jpg 768w, https:\/\/mirus.ch\/wp-content\/uploads\/2025\/06\/csm_MS_Head_Kurse_ca7d8e77f0-1536x668.jpg 1536w\" sizes=\"(max-width: 1920px) 100vw, 1920px\" \/>\t\t\t\t\t\t\t\t\t\t\t\t\t\t\t<\/div>\n\t\t\t\t<\/div>\n\t\t\t\t\t<\/div>\n\t\t\t\t<\/div>\n\t\t<div class=\"elementor-element elementor-element-7f4d91d0 e-flex e-con-boxed e-con e-parent\" data-id=\"7f4d91d0\" data-element_type=\"container\" data-e-type=\"container\" data-settings=\"{&quot;background_background&quot;:&quot;classic&quot;}\">\n\t\t\t\t\t<div class=\"e-con-inner\">\n\t\t<div class=\"elementor-element elementor-element-7af20b34 e-con-full e-flex e-con e-child\" data-id=\"7af20b34\" data-element_type=\"container\" data-e-type=\"container\">\n\t\t\t\t<div class=\"elementor-element elementor-element-5ad62365 elementor-widget__width-initial elementor-widget elementor-widget-text-editor\" data-id=\"5ad62365\" data-element_type=\"widget\" data-e-type=\"widget\" data-widget_type=\"text-editor.default\">\n\t\t\t\t<div class=\"elementor-widget-container\">\n\t\t\t\t\t\t\t\t\t<p>Vous travaillez dans une entreprise qui utilise notre programme de comptabilit\u00e9 financi\u00e8re. Mais vous n&rsquo;\u00eates pas encore utilisateur ? <\/p>\t\t\t\t\t\t\t\t<\/div>\n\t\t\t\t<\/div>\n\t\t\t\t<div class=\"elementor-element elementor-element-56cf7365 elementor-widget elementor-widget-heading\" data-id=\"56cf7365\" data-element_type=\"widget\" data-e-type=\"widget\" data-widget_type=\"heading.default\">\n\t\t\t\t<div class=\"elementor-widget-container\">\n\t\t\t\t\t<h2 class=\"elementor-heading-title elementor-size-default\">\u00c0 qui s'adresse ce cours ?<\/h2>\t\t\t\t<\/div>\n\t\t\t\t<\/div>\n\t\t\t\t<div class=\"elementor-element elementor-element-15561cce elementor-widget__width-initial elementor-widget elementor-widget-text-editor\" data-id=\"15561cce\" data-element_type=\"widget\" data-e-type=\"widget\" data-widget_type=\"text-editor.default\">\n\t\t\t\t<div class=\"elementor-widget-container\">\n\t\t\t\t\t\t\t\t\t<p>Les cours de base s&rsquo;adressent aux utilisateurs qui ont peu ou pas d&rsquo;exp\u00e9rience dans l&rsquo;utilisation de Mirus Finance 3.0 ou qui ont besoin d&rsquo;une remise \u00e0 niveau de l&rsquo;application, mais qui doivent actuellement ou \u00e0 l&rsquo;avenir travailler avec elle dans le cadre de leur fonction.<\/p>\t\t\t\t\t\t\t\t<\/div>\n\t\t\t\t<\/div>\n\t\t\t\t<div class=\"elementor-element elementor-element-1c13162a elementor-widget elementor-widget-heading\" data-id=\"1c13162a\" data-element_type=\"widget\" data-e-type=\"widget\" data-widget_type=\"heading.default\">\n\t\t\t\t<div class=\"elementor-widget-container\">\n\t\t\t\t\t<h2 class=\"elementor-heading-title elementor-size-default\">Pourquoi ce cours est-il n\u00e9cessaire ?<\/h2>\t\t\t\t<\/div>\n\t\t\t\t<\/div>\n\t\t\t\t<div class=\"elementor-element elementor-element-5cc64b9f elementor-widget__width-initial elementor-widget elementor-widget-text-editor\" data-id=\"5cc64b9f\" data-element_type=\"widget\" data-e-type=\"widget\" data-widget_type=\"text-editor.default\">\n\t\t\t\t<div class=\"elementor-widget-container\">\n\t\t\t\t\t\t\t\t\t<p>Pour pouvoir utiliser le programme le plus efficacement possible et pour pouvoir b\u00e9n\u00e9ficier de notre support gratuit, la participation au cours de base est obligatoire.<\/p>\t\t\t\t\t\t\t\t<\/div>\n\t\t\t\t<\/div>\n\t\t\t\t<div class=\"elementor-element elementor-element-29c239e elementor-widget elementor-widget-heading\" data-id=\"29c239e\" data-element_type=\"widget\" data-e-type=\"widget\" data-widget_type=\"heading.default\">\n\t\t\t\t<div class=\"elementor-widget-container\">\n\t\t\t\t\t<h2 class=\"elementor-heading-title elementor-size-default\">O\u00f9 ont lieu les cours&nbsp;?<\/h2>\t\t\t\t<\/div>\n\t\t\t\t<\/div>\n\t\t\t\t<div class=\"elementor-element elementor-element-1566395e elementor-widget__width-initial elementor-widget elementor-widget-text-editor\" data-id=\"1566395e\" data-element_type=\"widget\" data-e-type=\"widget\" data-widget_type=\"text-editor.default\">\n\t\t\t\t<div class=\"elementor-widget-container\">\n\t\t\t\t\t\t\t\t\t<p>Bien s\u00fbr, nous serions ravis si vous combiniez le cours avec une visite dans l&rsquo;une de nos succursales de Davos GR ou de Puidoux VD. Sur demande, des formations individuelles sont \u00e9galement organis\u00e9es directement dans votre entreprise. Nous serons heureux de discuter avec vous de vos besoins et exigences individuelles pour un cours sur place.  <\/p>\t\t\t\t\t\t\t\t<\/div>\n\t\t\t\t<\/div>\n\t\t\t\t<div class=\"elementor-element elementor-element-4fa6d451 elementor-widget elementor-widget-heading\" data-id=\"4fa6d451\" data-element_type=\"widget\" data-e-type=\"widget\" data-widget_type=\"heading.default\">\n\t\t\t\t<div class=\"elementor-widget-container\">\n\t\t\t\t\t<h2 class=\"elementor-heading-title elementor-size-default\">\u00cates-vous int\u00e9ress\u00e9(e) ?<\/h2>\t\t\t\t<\/div>\n\t\t\t\t<\/div>\n\t\t\t\t<div class=\"elementor-element elementor-element-539b1510 elementor-widget__width-initial elementor-widget elementor-widget-text-editor\" data-id=\"539b1510\" data-element_type=\"widget\" data-e-type=\"widget\" data-widget_type=\"text-editor.default\">\n\t\t\t\t<div class=\"elementor-widget-container\">\n\t\t\t\t\t\t\t\t\t<p>Contactez-nous au 081 415 66 88 ou par e-mail \u00e0 <a href=\"mailto:info@mirus.ch\">info(at)mirus.ch<\/a>. Nous nous r\u00e9jouissons de votre int\u00e9r\u00eat et de votre prise de contact. <\/p>\t\t\t\t\t\t\t\t<\/div>\n\t\t\t\t<\/div>\n\t\t\t\t<div class=\"elementor-element elementor-element-6cdb49f1 elementor-widget elementor-widget-heading\" data-id=\"6cdb49f1\" data-element_type=\"widget\" data-e-type=\"widget\" data-widget_type=\"heading.default\">\n\t\t\t\t<div class=\"elementor-widget-container\">\n\t\t\t\t\t<h3 class=\"elementor-heading-title elementor-size-default\">Conditions d'annulation&nbsp;: <\/h3>\t\t\t\t<\/div>\n\t\t\t\t<\/div>\n\t\t\t\t<div class=\"elementor-element elementor-element-28b8dd07 elementor-widget__width-initial elementor-widget elementor-widget-text-editor\" data-id=\"28b8dd07\" data-element_type=\"widget\" data-e-type=\"widget\" data-widget_type=\"text-editor.default\">\n\t\t\t\t<div class=\"elementor-widget-container\">\n\t\t\t\t\t\t\t\t\t<p><small>Jusqu&rsquo;\u00e0 <strong>quatre semaines<\/strong> avant le d\u00e9but du cours, vous pouvez annuler gratuitement votre inscription ou la reporter \u00e0 une autre date.<\/small><\/p><p><small>Jusqu&rsquo;\u00e0 <strong>15 jours<\/strong> avant le d\u00e9but du cours, nous vous offrons la possibilit\u00e9 de changer de date.<\/small><\/p><p><small>Nous ne pouvons plus effectuer de modifications <strong>deux derni\u00e8res semaines <\/strong>pr\u00e9c\u00e9dant le d\u00e9but du cours.<\/small><\/p>\t\t\t\t\t\t\t\t<\/div>\n\t\t\t\t<\/div>\n\t\t\t\t<\/div>\n\t\t<div class=\"elementor-element elementor-element-1e232970 e-grid e-con-full elementor-hidden-mobile e-con e-child\" data-id=\"1e232970\" data-element_type=\"container\" data-e-type=\"container\">\n\t\t\t\t<div class=\"elementor-element elementor-element-46473817 elementor-widget elementor-widget-text-editor\" data-id=\"46473817\" data-element_type=\"widget\" data-e-type=\"widget\" data-widget_type=\"text-editor.default\">\n\t\t\t\t<div class=\"elementor-widget-container\">\n\t\t\t\t\t\t\t\t\t<p>Cours<\/p>\t\t\t\t\t\t\t\t<\/div>\n\t\t\t\t<\/div>\n\t\t\t\t<div class=\"elementor-element elementor-element-562046f7 elementor-widget elementor-widget-text-editor\" data-id=\"562046f7\" data-element_type=\"widget\" data-e-type=\"widget\" data-widget_type=\"text-editor.default\">\n\t\t\t\t<div class=\"elementor-widget-container\">\n\t\t\t\t\t\t\t\t\t<p>Date<\/p>\t\t\t\t\t\t\t\t<\/div>\n\t\t\t\t<\/div>\n\t\t\t\t<div class=\"elementor-element elementor-element-53e15ab4 elementor-widget elementor-widget-text-editor\" data-id=\"53e15ab4\" data-element_type=\"widget\" data-e-type=\"widget\" data-widget_type=\"text-editor.default\">\n\t\t\t\t<div class=\"elementor-widget-container\">\n\t\t\t\t\t\t\t\t\t<p>Heure<\/p>\t\t\t\t\t\t\t\t<\/div>\n\t\t\t\t<\/div>\n\t\t\t\t<div class=\"elementor-element elementor-element-57faf742 elementor-widget elementor-widget-text-editor\" data-id=\"57faf742\" data-element_type=\"widget\" data-e-type=\"widget\" data-widget_type=\"text-editor.default\">\n\t\t\t\t<div class=\"elementor-widget-container\">\n\t\t\t\t\t\t\t\t\t<p>Lieu<\/p>\t\t\t\t\t\t\t\t<\/div>\n\t\t\t\t<\/div>\n\t\t\t\t<div class=\"elementor-element elementor-element-45a4ac51 elementor-widget elementor-widget-text-editor\" data-id=\"45a4ac51\" data-element_type=\"widget\" data-e-type=\"widget\" data-widget_type=\"text-editor.default\">\n\t\t\t\t<div class=\"elementor-widget-container\">\n\t\t\t\t\t\t\t\t\t<p>Prix<\/p>\t\t\t\t\t\t\t\t<\/div>\n\t\t\t\t<\/div>\n\t\t\t\t<div class=\"elementor-element elementor-element-22ae3a75 elementor-widget elementor-widget-text-editor\" data-id=\"22ae3a75\" data-element_type=\"widget\" data-e-type=\"widget\" data-widget_type=\"text-editor.default\">\n\t\t\t\t<div class=\"elementor-widget-container\">\n\t\t\t\t\t\t\t\t\t<p>Places disponibles<\/p>\t\t\t\t\t\t\t\t<\/div>\n\t\t\t\t<\/div>\n\t\t\t\t<div class=\"elementor-element elementor-element-1348603c elementor-widget elementor-widget-text-editor\" data-id=\"1348603c\" data-element_type=\"widget\" data-e-type=\"widget\" data-widget_type=\"text-editor.default\">\n\t\t\t\t<div class=\"elementor-widget-container\">\n\t\t\t\t\t\t\t\t\t<p>Langue<\/p>\t\t\t\t\t\t\t\t<\/div>\n\t\t\t\t<\/div>\n\t\t\t\t<div class=\"elementor-element elementor-element-6092e26c elementor-widget elementor-widget-text-editor\" data-id=\"6092e26c\" data-element_type=\"widget\" data-e-type=\"widget\" data-widget_type=\"text-editor.default\">\n\t\t\t\t<div class=\"elementor-widget-container\">\n\t\t\t\t\t\t\t\t\t<p>\u2013<\/p>\t\t\t\t\t\t\t\t<\/div>\n\t\t\t\t<\/div>\n\t\t\t\t<\/div>\n\t\t\t\t<div class=\"elementor-element elementor-element-6b1fe9f6 elementor-grid-1 elementor-grid-tablet-1 elementor-grid-mobile-1 elementor-widget elementor-widget-loop-grid\" data-id=\"6b1fe9f6\" data-element_type=\"widget\" data-e-type=\"widget\" data-settings=\"{&quot;template_id&quot;:8457,&quot;columns&quot;:1,&quot;columns_tablet&quot;:1,&quot;_skin&quot;:&quot;post&quot;,&quot;columns_mobile&quot;:&quot;1&quot;,&quot;edit_handle_selector&quot;:&quot;[data-elementor-type=\\&quot;loop-item\\&quot;]&quot;,&quot;row_gap&quot;:{&quot;unit&quot;:&quot;px&quot;,&quot;size&quot;:&quot;&quot;,&quot;sizes&quot;:[]},&quot;row_gap_tablet&quot;:{&quot;unit&quot;:&quot;px&quot;,&quot;size&quot;:&quot;&quot;,&quot;sizes&quot;:[]},&quot;row_gap_mobile&quot;:{&quot;unit&quot;:&quot;px&quot;,&quot;size&quot;:&quot;&quot;,&quot;sizes&quot;:[]}}\" data-widget_type=\"loop-grid.post\">\n\t\t\t\t<div class=\"elementor-widget-container\">\n\t\t\t\t\t\t\t<div class=\"e-loop-nothing-found-message\">\n\t\t\t\t\t<div class=\"e-loop-nothing-found-message__text\">\n\t\t\t\t Aucune date n'est actuellement disponible \t\t\t<\/div>\n\t\t\t<\/div>\n\t\t\t\t\t\t<\/div>\n\t\t\t\t<\/div>\n\t\t\t\t\t<\/div>\n\t\t\t\t<\/div>\n\t\t\t\t<\/div>\n\t\t","protected":false},"excerpt":{"rendered":"<p>Cours Mirus Finance 3.0 Vous travaillez dans une entreprise qui utilise notre programme de comptabilit\u00e9 financi\u00e8re. Mais vous n&rsquo;\u00eates pas encore utilisateur ? \u00c0 qui s&rsquo;adresse ce cours ? Les cours de base s&rsquo;adressent aux utilisateurs qui ont peu ou pas d&rsquo;exp\u00e9rience dans l&rsquo;utilisation de Mirus Finance 3.0 ou qui ont besoin d&rsquo;une remise \u00e0 [&hellip;]<\/p>\n","protected":false},"author":3,"featured_media":0,"parent":8314,"menu_order":0,"comment_status":"closed","ping_status":"closed","template":"","meta":{"_acf_changed":false,"inline_featured_image":false,"footnotes":""},"event":[],"class_list":["post-8451","page","type-page","status-publish","hentry"],"acf":[],"yoast_head":"<!-- This site is optimized with the Yoast SEO plugin v27.1.1 - https:\/\/yoast.com\/product\/yoast-seo-wordpress\/ -->\n<title>[Formation continue] Cours Mirus Finance 3.0 | Mirus<\/title>\n<meta name=\"robots\" content=\"index, follow, max-snippet:-1, max-image-preview:large, max-video-preview:-1\" \/>\n<link rel=\"canonical\" href=\"https:\/\/mirus.ch\/fr\/connaissance\/formation-continue\/formation-continue-cours-mirus-finance-3-0\/\" \/>\n<meta property=\"og:locale\" content=\"fr_FR\" \/>\n<meta property=\"og:type\" content=\"article\" \/>\n<meta property=\"og:title\" content=\"[Formation continue] Cours Mirus Finance 3.0 | Mirus\" \/>\n<meta property=\"og:description\" content=\"Cours Mirus Finance 3.0 Vous travaillez dans une entreprise qui utilise notre programme de comptabilit\u00e9 financi\u00e8re. Mais vous n&rsquo;\u00eates pas encore utilisateur ? \u00c0 qui s&rsquo;adresse ce cours ? Les cours de base s&rsquo;adressent aux utilisateurs qui ont peu ou pas d&rsquo;exp\u00e9rience dans l&rsquo;utilisation de Mirus Finance 3.0 ou qui ont besoin d&rsquo;une remise \u00e0 [&hellip;]\" \/>\n<meta property=\"og:url\" content=\"https:\/\/mirus.ch\/fr\/connaissance\/formation-continue\/formation-continue-cours-mirus-finance-3-0\/\" \/>\n<meta property=\"og:site_name\" content=\"Mirus\" \/>\n<meta property=\"article:modified_time\" content=\"2025-10-21T16:45:56+00:00\" \/>\n<meta property=\"og:image\" content=\"https:\/\/mirus.ch\/wp-content\/uploads\/2025\/06\/csm_MS_Head_Kurse_ca7d8e77f0.jpg\" \/>\n\t<meta property=\"og:image:width\" content=\"1920\" \/>\n\t<meta property=\"og:image:height\" content=\"835\" \/>\n\t<meta property=\"og:image:type\" content=\"image\/jpeg\" \/>\n<meta name=\"twitter:card\" content=\"summary_large_image\" \/>\n<meta name=\"twitter:label1\" content=\"Dur\u00e9e de lecture estim\u00e9e\" \/>\n\t<meta name=\"twitter:data1\" content=\"1 minute\" \/>\n<script type=\"application\/ld+json\" class=\"yoast-schema-graph\">{\"@context\":\"https:\/\/schema.org\",\"@graph\":[{\"@type\":\"WebPage\",\"@id\":\"https:\/\/mirus.ch\/fr\/connaissance\/formation-continue\/formation-continue-cours-mirus-finance-3-0\/\",\"url\":\"https:\/\/mirus.ch\/fr\/connaissance\/formation-continue\/formation-continue-cours-mirus-finance-3-0\/\",\"name\":\"[Formation continue] Cours Mirus Finance 3.0 | Mirus\",\"isPartOf\":{\"@id\":\"https:\/\/mirus.ch\/fr\/#website\"},\"primaryImageOfPage\":{\"@id\":\"https:\/\/mirus.ch\/fr\/connaissance\/formation-continue\/formation-continue-cours-mirus-finance-3-0\/#primaryimage\"},\"image\":{\"@id\":\"https:\/\/mirus.ch\/fr\/connaissance\/formation-continue\/formation-continue-cours-mirus-finance-3-0\/#primaryimage\"},\"thumbnailUrl\":\"https:\/\/mirus.ch\/wp-content\/uploads\/2025\/06\/csm_MS_Head_Kurse_ca7d8e77f0.jpg\",\"datePublished\":\"2025-06-17T07:38:21+00:00\",\"dateModified\":\"2025-10-21T16:45:56+00:00\",\"breadcrumb\":{\"@id\":\"https:\/\/mirus.ch\/fr\/connaissance\/formation-continue\/formation-continue-cours-mirus-finance-3-0\/#breadcrumb\"},\"inLanguage\":\"fr-FR\",\"potentialAction\":[{\"@type\":\"ReadAction\",\"target\":[\"https:\/\/mirus.ch\/fr\/connaissance\/formation-continue\/formation-continue-cours-mirus-finance-3-0\/\"]}]},{\"@type\":\"ImageObject\",\"inLanguage\":\"fr-FR\",\"@id\":\"https:\/\/mirus.ch\/fr\/connaissance\/formation-continue\/formation-continue-cours-mirus-finance-3-0\/#primaryimage\",\"url\":\"https:\/\/mirus.ch\/wp-content\/uploads\/2025\/06\/csm_MS_Head_Kurse_ca7d8e77f0.jpg\",\"contentUrl\":\"https:\/\/mirus.ch\/wp-content\/uploads\/2025\/06\/csm_MS_Head_Kurse_ca7d8e77f0.jpg\"},{\"@type\":\"BreadcrumbList\",\"@id\":\"https:\/\/mirus.ch\/fr\/connaissance\/formation-continue\/formation-continue-cours-mirus-finance-3-0\/#breadcrumb\",\"itemListElement\":[{\"@type\":\"ListItem\",\"position\":1,\"name\":\"Home\",\"item\":\"https:\/\/mirus.ch\/fr\/home\/\"},{\"@type\":\"ListItem\",\"position\":2,\"name\":\"Actualit\u00e9s\",\"item\":\"https:\/\/mirus.ch\/fr\/aktuelles\/\"},{\"@type\":\"ListItem\",\"position\":3,\"name\":\"Formation continue\",\"item\":\"https:\/\/mirus.ch\/fr\/connaissance\/formation-continue\/\"},{\"@type\":\"ListItem\",\"position\":4,\"name\":\"[Formation continue] Cours Mirus Finance 3.0\"}]},{\"@type\":\"WebSite\",\"@id\":\"https:\/\/mirus.ch\/fr\/#website\",\"url\":\"https:\/\/mirus.ch\/fr\/\",\"name\":\"Mirus Software AG\",\"description\":\"Software und Service mit Herzblut\",\"publisher\":{\"@id\":\"https:\/\/mirus.ch\/fr\/#organization\"},\"alternateName\":\"Mirus Schweiz\",\"potentialAction\":[{\"@type\":\"SearchAction\",\"target\":{\"@type\":\"EntryPoint\",\"urlTemplate\":\"https:\/\/mirus.ch\/fr\/?s={search_term_string}\"},\"query-input\":{\"@type\":\"PropertyValueSpecification\",\"valueRequired\":true,\"valueName\":\"search_term_string\"}}],\"inLanguage\":\"fr-FR\"},{\"@type\":\"Organization\",\"@id\":\"https:\/\/mirus.ch\/fr\/#organization\",\"name\":\"Mirus software AG\",\"url\":\"https:\/\/mirus.ch\/fr\/\",\"logo\":{\"@type\":\"ImageObject\",\"inLanguage\":\"fr-FR\",\"@id\":\"https:\/\/mirus.ch\/fr\/#\/schema\/logo\/image\/\",\"url\":\"https:\/\/mirus.ch\/wp-content\/uploads\/2025\/07\/mirus-logo-rgb-turquise.png\",\"contentUrl\":\"https:\/\/mirus.ch\/wp-content\/uploads\/2025\/07\/mirus-logo-rgb-turquise.png\",\"width\":529,\"height\":123,\"caption\":\"Mirus software AG\"},\"image\":{\"@id\":\"https:\/\/mirus.ch\/fr\/#\/schema\/logo\/image\/\"},\"sameAs\":[\"https:\/\/www.linkedin.com\/company\/mirussoftwareag\/\"]}]}<\/script>\n<!-- \/ Yoast SEO plugin. -->","yoast_head_json":{"title":"[Formation continue] Cours Mirus Finance 3.0 | Mirus","robots":{"index":"index","follow":"follow","max-snippet":"max-snippet:-1","max-image-preview":"max-image-preview:large","max-video-preview":"max-video-preview:-1"},"canonical":"https:\/\/mirus.ch\/fr\/connaissance\/formation-continue\/formation-continue-cours-mirus-finance-3-0\/","og_locale":"fr_FR","og_type":"article","og_title":"[Formation continue] Cours Mirus Finance 3.0 | Mirus","og_description":"Cours Mirus Finance 3.0 Vous travaillez dans une entreprise qui utilise notre programme de comptabilit\u00e9 financi\u00e8re. Mais vous n&rsquo;\u00eates pas encore utilisateur ? \u00c0 qui s&rsquo;adresse ce cours ? Les cours de base s&rsquo;adressent aux utilisateurs qui ont peu ou pas d&rsquo;exp\u00e9rience dans l&rsquo;utilisation de Mirus Finance 3.0 ou qui ont besoin d&rsquo;une remise \u00e0 [&hellip;]","og_url":"https:\/\/mirus.ch\/fr\/connaissance\/formation-continue\/formation-continue-cours-mirus-finance-3-0\/","og_site_name":"Mirus","article_modified_time":"2025-10-21T16:45:56+00:00","og_image":[{"width":1920,"height":835,"url":"https:\/\/mirus.ch\/wp-content\/uploads\/2025\/06\/csm_MS_Head_Kurse_ca7d8e77f0.jpg","type":"image\/jpeg"}],"twitter_card":"summary_large_image","twitter_misc":{"Dur\u00e9e de lecture estim\u00e9e":"1 minute"},"schema":{"@context":"https:\/\/schema.org","@graph":[{"@type":"WebPage","@id":"https:\/\/mirus.ch\/fr\/connaissance\/formation-continue\/formation-continue-cours-mirus-finance-3-0\/","url":"https:\/\/mirus.ch\/fr\/connaissance\/formation-continue\/formation-continue-cours-mirus-finance-3-0\/","name":"[Formation continue] Cours Mirus Finance 3.0 | Mirus","isPartOf":{"@id":"https:\/\/mirus.ch\/fr\/#website"},"primaryImageOfPage":{"@id":"https:\/\/mirus.ch\/fr\/connaissance\/formation-continue\/formation-continue-cours-mirus-finance-3-0\/#primaryimage"},"image":{"@id":"https:\/\/mirus.ch\/fr\/connaissance\/formation-continue\/formation-continue-cours-mirus-finance-3-0\/#primaryimage"},"thumbnailUrl":"https:\/\/mirus.ch\/wp-content\/uploads\/2025\/06\/csm_MS_Head_Kurse_ca7d8e77f0.jpg","datePublished":"2025-06-17T07:38:21+00:00","dateModified":"2025-10-21T16:45:56+00:00","breadcrumb":{"@id":"https:\/\/mirus.ch\/fr\/connaissance\/formation-continue\/formation-continue-cours-mirus-finance-3-0\/#breadcrumb"},"inLanguage":"fr-FR","potentialAction":[{"@type":"ReadAction","target":["https:\/\/mirus.ch\/fr\/connaissance\/formation-continue\/formation-continue-cours-mirus-finance-3-0\/"]}]},{"@type":"ImageObject","inLanguage":"fr-FR","@id":"https:\/\/mirus.ch\/fr\/connaissance\/formation-continue\/formation-continue-cours-mirus-finance-3-0\/#primaryimage","url":"https:\/\/mirus.ch\/wp-content\/uploads\/2025\/06\/csm_MS_Head_Kurse_ca7d8e77f0.jpg","contentUrl":"https:\/\/mirus.ch\/wp-content\/uploads\/2025\/06\/csm_MS_Head_Kurse_ca7d8e77f0.jpg"},{"@type":"BreadcrumbList","@id":"https:\/\/mirus.ch\/fr\/connaissance\/formation-continue\/formation-continue-cours-mirus-finance-3-0\/#breadcrumb","itemListElement":[{"@type":"ListItem","position":1,"name":"Home","item":"https:\/\/mirus.ch\/fr\/home\/"},{"@type":"ListItem","position":2,"name":"Actualit\u00e9s","item":"https:\/\/mirus.ch\/fr\/aktuelles\/"},{"@type":"ListItem","position":3,"name":"Formation continue","item":"https:\/\/mirus.ch\/fr\/connaissance\/formation-continue\/"},{"@type":"ListItem","position":4,"name":"[Formation continue] Cours Mirus Finance 3.0"}]},{"@type":"WebSite","@id":"https:\/\/mirus.ch\/fr\/#website","url":"https:\/\/mirus.ch\/fr\/","name":"Mirus Software AG","description":"Software und Service mit Herzblut","publisher":{"@id":"https:\/\/mirus.ch\/fr\/#organization"},"alternateName":"Mirus Schweiz","potentialAction":[{"@type":"SearchAction","target":{"@type":"EntryPoint","urlTemplate":"https:\/\/mirus.ch\/fr\/?s={search_term_string}"},"query-input":{"@type":"PropertyValueSpecification","valueRequired":true,"valueName":"search_term_string"}}],"inLanguage":"fr-FR"},{"@type":"Organization","@id":"https:\/\/mirus.ch\/fr\/#organization","name":"Mirus software AG","url":"https:\/\/mirus.ch\/fr\/","logo":{"@type":"ImageObject","inLanguage":"fr-FR","@id":"https:\/\/mirus.ch\/fr\/#\/schema\/logo\/image\/","url":"https:\/\/mirus.ch\/wp-content\/uploads\/2025\/07\/mirus-logo-rgb-turquise.png","contentUrl":"https:\/\/mirus.ch\/wp-content\/uploads\/2025\/07\/mirus-logo-rgb-turquise.png","width":529,"height":123,"caption":"Mirus software AG"},"image":{"@id":"https:\/\/mirus.ch\/fr\/#\/schema\/logo\/image\/"},"sameAs":["https:\/\/www.linkedin.com\/company\/mirussoftwareag\/"]}]}},"_links":{"self":[{"href":"https:\/\/mirus.ch\/fr\/wp-json\/wp\/v2\/pages\/8451","targetHints":{"allow":["GET"]}}],"collection":[{"href":"https:\/\/mirus.ch\/fr\/wp-json\/wp\/v2\/pages"}],"about":[{"href":"https:\/\/mirus.ch\/fr\/wp-json\/wp\/v2\/types\/page"}],"author":[{"embeddable":true,"href":"https:\/\/mirus.ch\/fr\/wp-json\/wp\/v2\/users\/3"}],"replies":[{"embeddable":true,"href":"https:\/\/mirus.ch\/fr\/wp-json\/wp\/v2\/comments?post=8451"}],"version-history":[{"count":4,"href":"https:\/\/mirus.ch\/fr\/wp-json\/wp\/v2\/pages\/8451\/revisions"}],"predecessor-version":[{"id":11361,"href":"https:\/\/mirus.ch\/fr\/wp-json\/wp\/v2\/pages\/8451\/revisions\/11361"}],"up":[{"embeddable":true,"href":"https:\/\/mirus.ch\/fr\/wp-json\/wp\/v2\/pages\/8314"}],"wp:attachment":[{"href":"https:\/\/mirus.ch\/fr\/wp-json\/wp\/v2\/media?parent=8451"}],"wp:term":[{"taxonomy":"event","embeddable":true,"href":"https:\/\/mirus.ch\/fr\/wp-json\/wp\/v2\/event?post=8451"}],"curies":[{"name":"wp","href":"https:\/\/api.w.org\/{rel}","templated":true}]}}