{"id":8396,"date":"2025-03-05T13:27:15","date_gmt":"2025-03-05T13:27:15","guid":{"rendered":"https:\/\/mirus.ch\/informazioni-su-mirus\/"},"modified":"2025-08-05T09:27:45","modified_gmt":"2025-08-05T09:27:45","slug":"informazioni-su-mirus","status":"publish","type":"page","link":"https:\/\/mirus.ch\/it\/azienda\/informazioni-su-mirus\/","title":{"rendered":"Informazioni su Mirus"},"content":{"rendered":"\t\t<div data-elementor-type=\"wp-page\" data-elementor-id=\"8396\" class=\"elementor elementor-8396 elementor-122\" data-elementor-post-type=\"page\">\n\t\t\t\t<div class=\"elementor-element elementor-element-a03aad1 e-flex e-con-boxed e-con e-parent\" data-id=\"a03aad1\" data-element_type=\"container\" data-e-type=\"container\" data-settings=\"{&quot;background_background&quot;:&quot;classic&quot;}\">\n\t\t\t\t\t<div class=\"e-con-inner\">\n\t\t<div class=\"elementor-element elementor-element-7e91b531 e-con-full e-flex e-con e-child\" data-id=\"7e91b531\" data-element_type=\"container\" data-e-type=\"container\">\n\t\t\t\t<div class=\"elementor-element elementor-element-31ccb9f1 elementor-widget elementor-widget-heading\" data-id=\"31ccb9f1\" data-element_type=\"widget\" data-e-type=\"widget\" data-widget_type=\"heading.default\">\n\t\t\t\t<div class=\"elementor-widget-container\">\n\t\t\t\t\t<h1 class=\"elementor-heading-title elementor-size-default\">Il vostro partner nel settore dell'ospitalit\u00e0 per software e servizi\n<\/h1>\t\t\t\t<\/div>\n\t\t\t\t<\/div>\n\t\t\t\t<div class=\"elementor-element elementor-element-17bde67 elementor-widget elementor-widget-text-editor\" data-id=\"17bde67\" data-element_type=\"widget\" data-e-type=\"widget\" data-widget_type=\"text-editor.default\">\n\t\t\t\t<div class=\"elementor-widget-container\">\n\t\t\t\t\t\t\t\t\t<p><span style=\"font-weight: 400;\">La <strong>Mirus Software AG<\/strong> \u00e8 un fornitore leader di servizi HR e soluzioni web-based, specializzato nel settore dell&#8217;ospitalit\u00e0. Con sedi a Davos, Thalwil, Puidoux e \u017dilina, assistiamo con successo <strong>da oltre tre decenni<\/strong> pi\u00f9 di 4.500 clienti in Svizzera, soprattutto nei settori dell&#8217;hotellerie, della ristorazione e del turismo. <\/span><\/p>\t\t\t\t\t\t\t\t<\/div>\n\t\t\t\t<\/div>\n\t\t\t\t<div class=\"elementor-element elementor-element-4f78d6fb elementor-widget elementor-widget-button\" data-id=\"4f78d6fb\" data-element_type=\"widget\" data-e-type=\"widget\" data-widget_type=\"button.default\">\n\t\t\t\t<div class=\"elementor-widget-container\">\n\t\t\t\t\t\t\t\t\t<div class=\"elementor-button-wrapper\">\n\t\t\t\t\t<a class=\"elementor-button elementor-button-link elementor-size-sm\" href=\"https:\/\/mirus.ch\/it\/azienda\/team\/\">\n\t\t\t\t\t\t<span class=\"elementor-button-content-wrapper\">\n\t\t\t\t\t\t\t\t\t<span class=\"elementor-button-text\">Conosci il team<\/span>\n\t\t\t\t\t<\/span>\n\t\t\t\t\t<\/a>\n\t\t\t\t<\/div>\n\t\t\t\t\t\t\t\t<\/div>\n\t\t\t\t<\/div>\n\t\t\t\t<\/div>\n\t\t\t\t\t<\/div>\n\t\t\t\t<\/div>\n\t\t<div class=\"elementor-element elementor-element-7e73ee27 e-flex e-con-boxed e-con e-parent\" data-id=\"7e73ee27\" data-element_type=\"container\" data-e-type=\"container\" data-settings=\"{&quot;background_background&quot;:&quot;classic&quot;}\">\n\t\t\t\t\t<div class=\"e-con-inner\">\n\t\t<div class=\"elementor-element elementor-element-724d8ca6 e-con-full e-flex e-con e-child\" data-id=\"724d8ca6\" data-element_type=\"container\" data-e-type=\"container\" data-settings=\"{&quot;background_background&quot;:&quot;gradient&quot;}\">\n\t\t<div class=\"elementor-element elementor-element-3d74ac2b e-con-full e-flex e-con e-child\" data-id=\"3d74ac2b\" data-element_type=\"container\" data-e-type=\"container\" data-settings=\"{&quot;background_background&quot;:&quot;gradient&quot;}\">\n\t\t\t\t<div class=\"elementor-element elementor-element-6cf91ce elementor-widget elementor-widget-heading\" data-id=\"6cf91ce\" data-element_type=\"widget\" data-e-type=\"widget\" data-widget_type=\"heading.default\">\n\t\t\t\t<div class=\"elementor-widget-container\">\n\t\t\t\t\t<h2 class=\"elementor-heading-title elementor-size-default\">Meno burocrazia, pi\u00f9 ospitalit\u00e0\n<\/h2>\t\t\t\t<\/div>\n\t\t\t\t<\/div>\n\t\t\t\t<div class=\"elementor-element elementor-element-389f175d elementor-widget elementor-widget-text-editor\" data-id=\"389f175d\" data-element_type=\"widget\" data-e-type=\"widget\" data-widget_type=\"text-editor.default\">\n\t\t\t\t<div class=\"elementor-widget-container\">\n\t\t\t\t\t\t\t\t\t<p><span style=\"font-weight: 400;\">Comprendiamo a fondo le sfide del settore e sviluppiamo soluzioni software pratiche, orientate al servizio, che semplificano notevolmente la vita quotidiana nel settore dell&#8217;ospitalit\u00e0. La nostra offerta spazia dalla moderna contabilit\u00e0 salariale a sistemi completamente integrati per la pianificazione dell&#8217;impiego del personale e la rilevazione dei tempi, fino alla contabilit\u00e0 finanziaria: tutto web-based, sicuro e intuitivo. <\/span><\/p>\t\t\t\t\t\t\t\t<\/div>\n\t\t\t\t<\/div>\n\t\t\t\t<\/div>\n\t\t<div class=\"elementor-element elementor-element-2589230f e-con-full e-flex e-con e-child\" data-id=\"2589230f\" data-element_type=\"container\" data-e-type=\"container\" data-settings=\"{&quot;background_background&quot;:&quot;classic&quot;}\">\n\t\t\t\t<\/div>\n\t\t\t\t<\/div>\n\t\t<div class=\"elementor-element elementor-element-b015a11 e-con-full e-flex e-con e-child\" data-id=\"b015a11\" data-element_type=\"container\" data-e-type=\"container\" data-settings=\"{&quot;background_background&quot;:&quot;gradient&quot;}\">\n\t\t<div class=\"elementor-element elementor-element-5e5a1d61 e-con-full e-flex e-con e-child\" data-id=\"5e5a1d61\" data-element_type=\"container\" data-e-type=\"container\" data-settings=\"{&quot;background_background&quot;:&quot;classic&quot;}\">\n\t\t\t\t<\/div>\n\t\t<div class=\"elementor-element elementor-element-3b4476c5 e-con-full e-flex e-con e-child\" data-id=\"3b4476c5\" data-element_type=\"container\" data-e-type=\"container\" data-settings=\"{&quot;background_background&quot;:&quot;gradient&quot;}\">\n\t\t\t\t<div class=\"elementor-element elementor-element-52983b27 elementor-widget elementor-widget-heading\" data-id=\"52983b27\" data-element_type=\"widget\" data-e-type=\"widget\" data-widget_type=\"heading.default\">\n\t\t\t\t<div class=\"elementor-widget-container\">\n\t\t\t\t\t<h2 class=\"elementor-heading-title elementor-size-default\">L'innovazione incontra l'esperienza nel settore \n<\/h2>\t\t\t\t<\/div>\n\t\t\t\t<\/div>\n\t\t\t\t<div class=\"elementor-element elementor-element-cb47aed elementor-widget elementor-widget-text-editor\" data-id=\"cb47aed\" data-element_type=\"widget\" data-e-type=\"widget\" data-widget_type=\"text-editor.default\">\n\t\t\t\t<div class=\"elementor-widget-container\">\n\t\t\t\t\t\t\t\t\t<p><span style=\"font-weight: 400;\">In qualit\u00e0 di partner di know-how, puntiamo sull&#8217;innovazione continua e sullo sviluppo tecnologico. Le nostre soluzioni sono sempre pi\u00f9 supportate dall&#8217;intelligenza artificiale e adattabili in modo flessibile per soddisfare le esigenze dinamiche del settore dell&#8217;ospitalit\u00e0. I nostri clienti beneficiano della nostra profonda conoscenza del settore, che abbiamo costruito in 30 anni.  <\/span><\/p>\t\t\t\t\t\t\t\t<\/div>\n\t\t\t\t<\/div>\n\t\t\t\t<\/div>\n\t\t\t\t<\/div>\n\t\t\t\t\t<\/div>\n\t\t\t\t<\/div>\n\t\t<div class=\"elementor-element elementor-element-2dc583d4 e-flex e-con-boxed e-con e-parent\" data-id=\"2dc583d4\" data-element_type=\"container\" data-e-type=\"container\" data-settings=\"{&quot;background_background&quot;:&quot;gradient&quot;}\">\n\t\t\t\t\t<div class=\"e-con-inner\">\n\t\t<div class=\"elementor-element elementor-element-3dd5ebd5 e-con-full e-flex e-con e-child\" data-id=\"3dd5ebd5\" data-element_type=\"container\" data-e-type=\"container\">\n\t\t<div class=\"elementor-element elementor-element-51abdb40 e-con-full e-flex e-con e-child\" data-id=\"51abdb40\" data-element_type=\"container\" data-e-type=\"container\">\n\t\t\t\t<div class=\"elementor-element elementor-element-4fc9c21a elementor-widget elementor-widget-heading\" data-id=\"4fc9c21a\" data-element_type=\"widget\" data-e-type=\"widget\" data-widget_type=\"heading.default\">\n\t\t\t\t<div class=\"elementor-widget-container\">\n\t\t\t\t\t<h3 class=\"elementor-heading-title elementor-size-default\">Premium Partner di HOtellerieSuisse<\/h3>\t\t\t\t<\/div>\n\t\t\t\t<\/div>\n\t\t\t\t<div class=\"elementor-element elementor-element-42a98840 elementor-widget elementor-widget-heading\" data-id=\"42a98840\" data-element_type=\"widget\" data-e-type=\"widget\" data-widget_type=\"heading.default\">\n\t\t\t\t<div class=\"elementor-widget-container\">\n\t\t\t\t\t<h2 class=\"elementor-heading-title elementor-size-default\">Da albergatori per albergatori  Co.<\/h2>\t\t\t\t<\/div>\n\t\t\t\t<\/div>\n\t\t\t\t<\/div>\n\t\t<div class=\"elementor-element elementor-element-3dd5f048 e-con-full elementor-hidden-mobile e-flex e-con e-child\" data-id=\"3dd5f048\" data-element_type=\"container\" data-e-type=\"container\">\n\t\t\t\t<\/div>\n\t\t\t\t<\/div>\n\t\t\t\t<div class=\"elementor-element elementor-element-6478ac72 elementor-widget elementor-widget-video\" data-id=\"6478ac72\" data-element_type=\"widget\" data-e-type=\"widget\" data-settings=\"{&quot;youtube_url&quot;:&quot;https:\\\/\\\/www.youtube.com\\\/watch?v=FYXdmZvwzCY&quot;,&quot;show_image_overlay&quot;:&quot;yes&quot;,&quot;image_overlay&quot;:{&quot;url&quot;:&quot;&quot;,&quot;id&quot;:&quot;&quot;,&quot;size&quot;:&quot;&quot;,&quot;alt&quot;:&quot;&quot;,&quot;source&quot;:&quot;library&quot;},&quot;video_type&quot;:&quot;youtube&quot;,&quot;controls&quot;:&quot;yes&quot;}\" data-widget_type=\"video.default\">\n\t\t\t\t<div class=\"elementor-widget-container\">\n\t\t\t\t\t\t\t<div class=\"elementor-wrapper elementor-open-inline\">\n\t\t\t<div class=\"elementor-video\"><\/div>\t\t<\/div>\n\t\t\t\t\t\t<\/div>\n\t\t\t\t<\/div>\n\t\t\t\t\t<\/div>\n\t\t\t\t<\/div>\n\t\t<div class=\"elementor-element elementor-element-3e58a8ec e-flex e-con-boxed e-con e-parent\" data-id=\"3e58a8ec\" data-element_type=\"container\" data-e-type=\"container\" data-settings=\"{&quot;background_background&quot;:&quot;classic&quot;}\">\n\t\t\t\t\t<div class=\"e-con-inner\">\n\t\t<div class=\"elementor-element elementor-element-3f222580 e-flex e-con-boxed e-con e-child\" data-id=\"3f222580\" data-element_type=\"container\" data-e-type=\"container\">\n\t\t\t\t\t<div class=\"e-con-inner\">\n\t\t\t\t<div class=\"elementor-element elementor-element-3d02dc7b elementor-widget elementor-widget-heading\" data-id=\"3d02dc7b\" data-element_type=\"widget\" data-e-type=\"widget\" data-widget_type=\"heading.default\">\n\t\t\t\t<div class=\"elementor-widget-container\">\n\t\t\t\t\t<h3 class=\"elementor-heading-title elementor-size-default\">I nostri valori<\/h3>\t\t\t\t<\/div>\n\t\t\t\t<\/div>\n\t\t\t\t<div class=\"elementor-element elementor-element-5d5c08eb elementor-widget elementor-widget-heading\" data-id=\"5d5c08eb\" data-element_type=\"widget\" data-e-type=\"widget\" data-widget_type=\"heading.default\">\n\t\t\t\t<div class=\"elementor-widget-container\">\n\t\t\t\t\t<h2 class=\"elementor-heading-title elementor-size-default\">Affidabilit\u00e0, vicinanza e orientamento al servizio\n<\/h2>\t\t\t\t<\/div>\n\t\t\t\t<\/div>\n\t\t\t\t<div class=\"elementor-element elementor-element-434fcb00 elementor-widget elementor-widget-text-editor\" data-id=\"434fcb00\" data-element_type=\"widget\" data-e-type=\"widget\" data-widget_type=\"text-editor.default\">\n\t\t\t\t<div class=\"elementor-widget-container\">\n\t\t\t\t\t\t\t\t\t<p><span style=\"font-weight: 400;\">In Mirus, l&#8217;assistenza personale e la collaborazione in partnership sono al centro dell&#8217;attenzione. Siamo orgogliosi di non limitarci a fornire software, ma di creare un valore aggiunto reale attraverso la consulenza individuale, il supporto rapido e soluzioni sostenibili che abbiano un impatto a lungo termine.  <\/span><\/p><p><strong><span style=\"font-family: -apple-system, BlinkMacSystemFont, 'Segoe UI', Roboto, 'Helvetica Neue', Arial, 'Noto Sans', sans-serif, 'Apple Color Emoji', 'Segoe UI Emoji', 'Segoe UI Symbol', 'Noto Color Emoji';\">Con Mirus Software AG, puntate su un partner esperto e innovativo che digitalizza e ottimizza i vostri processi amministrativi, per una maggiore efficienza, trasparenza e ospiti soddisfatti.<\/span><\/strong><\/p><p><span style=\"font-weight: 400;\"> <\/span><\/p>\t\t\t\t\t\t\t\t<\/div>\n\t\t\t\t<\/div>\n\t\t\t\t\t<\/div>\n\t\t\t\t<\/div>\n\t\t<div class=\"elementor-element elementor-element-65cb0f52 e-con-full e-flex e-con e-child\" data-id=\"65cb0f52\" data-element_type=\"container\" data-e-type=\"container\">\n\t\t\t\t<div class=\"elementor-element elementor-element-3aa0bcfe elementor-widget elementor-widget-button\" data-id=\"3aa0bcfe\" data-element_type=\"widget\" data-e-type=\"widget\" data-widget_type=\"button.default\">\n\t\t\t\t<div class=\"elementor-widget-container\">\n\t\t\t\t\t\t\t\t\t<div class=\"elementor-button-wrapper\">\n\t\t\t\t\t<a class=\"elementor-button elementor-button-link elementor-size-sm\" href=\"https:\/\/mirus.ch\/it\/azienda\/contatto\/\">\n\t\t\t\t\t\t<span class=\"elementor-button-content-wrapper\">\n\t\t\t\t\t\t\t\t\t<span class=\"elementor-button-text\">Contatta ora<\/span>\n\t\t\t\t\t<\/span>\n\t\t\t\t\t<\/a>\n\t\t\t\t<\/div>\n\t\t\t\t\t\t\t\t<\/div>\n\t\t\t\t<\/div>\n\t\t\t\t<\/div>\n\t\t\t\t\t<\/div>\n\t\t\t\t<\/div>\n\t\t\t\t<\/div>\n\t\t","protected":false},"excerpt":{"rendered":"<p>Il vostro partner nel settore dell&#8217;ospitalit\u00e0 per software e servizi La Mirus Software AG \u00e8 un fornitore leader di servizi HR e soluzioni web-based, specializzato nel settore dell&#8217;ospitalit\u00e0. Con sedi a Davos, Thalwil, Puidoux e \u017dilina, assistiamo con successo da oltre tre decenni pi\u00f9 di 4.500 clienti in Svizzera, soprattutto nei settori dell&#8217;hotellerie, della ristorazione [&hellip;]<\/p>\n","protected":false},"author":1,"featured_media":0,"parent":8389,"menu_order":0,"comment_status":"closed","ping_status":"closed","template":"","meta":{"_acf_changed":false,"inline_featured_image":false,"footnotes":""},"event":[],"class_list":["post-8396","page","type-page","status-publish","hentry"],"acf":[],"yoast_head":"<!-- This site is optimized with the Yoast SEO plugin v27.1.1 - https:\/\/yoast.com\/product\/yoast-seo-wordpress\/ -->\n<title>Informazioni su Mirus | Mirus<\/title>\n<meta name=\"robots\" content=\"index, follow, max-snippet:-1, max-image-preview:large, max-video-preview:-1\" \/>\n<link rel=\"canonical\" href=\"https:\/\/mirus.ch\/it\/azienda\/informazioni-su-mirus\/\" \/>\n<meta property=\"og:locale\" content=\"it_IT\" \/>\n<meta property=\"og:type\" content=\"article\" \/>\n<meta property=\"og:title\" content=\"Informazioni su Mirus | Mirus\" \/>\n<meta property=\"og:description\" content=\"Il vostro partner nel settore dell&#8217;ospitalit\u00e0 per software e servizi La Mirus Software AG \u00e8 un fornitore leader di servizi HR e soluzioni web-based, specializzato nel settore dell&#8217;ospitalit\u00e0. Con sedi a Davos, Thalwil, Puidoux e \u017dilina, assistiamo con successo da oltre tre decenni pi\u00f9 di 4.500 clienti in Svizzera, soprattutto nei settori dell&#8217;hotellerie, della ristorazione [&hellip;]\" \/>\n<meta property=\"og:url\" content=\"https:\/\/mirus.ch\/it\/azienda\/informazioni-su-mirus\/\" \/>\n<meta property=\"og:site_name\" content=\"Mirus\" \/>\n<meta property=\"article:modified_time\" content=\"2025-08-05T09:27:45+00:00\" \/>\n<meta name=\"twitter:card\" content=\"summary_large_image\" \/>\n<meta name=\"twitter:label1\" content=\"Tempo di lettura stimato\" \/>\n\t<meta name=\"twitter:data1\" content=\"1 minuto\" \/>\n<script type=\"application\/ld+json\" class=\"yoast-schema-graph\">{\"@context\":\"https:\/\/schema.org\",\"@graph\":[{\"@type\":\"WebPage\",\"@id\":\"https:\/\/mirus.ch\/it\/azienda\/informazioni-su-mirus\/\",\"url\":\"https:\/\/mirus.ch\/it\/azienda\/informazioni-su-mirus\/\",\"name\":\"Informazioni su Mirus | Mirus\",\"isPartOf\":{\"@id\":\"https:\/\/mirus.ch\/it\/#website\"},\"datePublished\":\"2025-03-05T13:27:15+00:00\",\"dateModified\":\"2025-08-05T09:27:45+00:00\",\"breadcrumb\":{\"@id\":\"https:\/\/mirus.ch\/it\/azienda\/informazioni-su-mirus\/#breadcrumb\"},\"inLanguage\":\"it-IT\",\"potentialAction\":[{\"@type\":\"ReadAction\",\"target\":[\"https:\/\/mirus.ch\/it\/azienda\/informazioni-su-mirus\/\"]}]},{\"@type\":\"BreadcrumbList\",\"@id\":\"https:\/\/mirus.ch\/it\/azienda\/informazioni-su-mirus\/#breadcrumb\",\"itemListElement\":[{\"@type\":\"ListItem\",\"position\":1,\"name\":\"Home\",\"item\":\"https:\/\/mirus.ch\/it\/home\/\"},{\"@type\":\"ListItem\",\"position\":2,\"name\":\"Azienda\",\"item\":\"https:\/\/mirus.ch\/it\/unternehmen\/\"},{\"@type\":\"ListItem\",\"position\":3,\"name\":\"Informazioni su Mirus\"}]},{\"@type\":\"WebSite\",\"@id\":\"https:\/\/mirus.ch\/it\/#website\",\"url\":\"https:\/\/mirus.ch\/it\/\",\"name\":\"Mirus Software AG\",\"description\":\"Software und Service mit Herzblut\",\"publisher\":{\"@id\":\"https:\/\/mirus.ch\/it\/#organization\"},\"alternateName\":\"Mirus Schweiz\",\"potentialAction\":[{\"@type\":\"SearchAction\",\"target\":{\"@type\":\"EntryPoint\",\"urlTemplate\":\"https:\/\/mirus.ch\/it\/?s={search_term_string}\"},\"query-input\":{\"@type\":\"PropertyValueSpecification\",\"valueRequired\":true,\"valueName\":\"search_term_string\"}}],\"inLanguage\":\"it-IT\"},{\"@type\":\"Organization\",\"@id\":\"https:\/\/mirus.ch\/it\/#organization\",\"name\":\"Mirus software AG\",\"url\":\"https:\/\/mirus.ch\/it\/\",\"logo\":{\"@type\":\"ImageObject\",\"inLanguage\":\"it-IT\",\"@id\":\"https:\/\/mirus.ch\/it\/#\/schema\/logo\/image\/\",\"url\":\"https:\/\/mirus.ch\/wp-content\/uploads\/2025\/07\/mirus-logo-rgb-turquise.png\",\"contentUrl\":\"https:\/\/mirus.ch\/wp-content\/uploads\/2025\/07\/mirus-logo-rgb-turquise.png\",\"width\":529,\"height\":123,\"caption\":\"Mirus software AG\"},\"image\":{\"@id\":\"https:\/\/mirus.ch\/it\/#\/schema\/logo\/image\/\"},\"sameAs\":[\"https:\/\/www.linkedin.com\/company\/mirussoftwareag\/\"]}]}<\/script>\n<!-- \/ Yoast SEO plugin. -->","yoast_head_json":{"title":"Informazioni su Mirus | Mirus","robots":{"index":"index","follow":"follow","max-snippet":"max-snippet:-1","max-image-preview":"max-image-preview:large","max-video-preview":"max-video-preview:-1"},"canonical":"https:\/\/mirus.ch\/it\/azienda\/informazioni-su-mirus\/","og_locale":"it_IT","og_type":"article","og_title":"Informazioni su Mirus | Mirus","og_description":"Il vostro partner nel settore dell&#8217;ospitalit\u00e0 per software e servizi La Mirus Software AG \u00e8 un fornitore leader di servizi HR e soluzioni web-based, specializzato nel settore dell&#8217;ospitalit\u00e0. Con sedi a Davos, Thalwil, Puidoux e \u017dilina, assistiamo con successo da oltre tre decenni pi\u00f9 di 4.500 clienti in Svizzera, soprattutto nei settori dell&#8217;hotellerie, della ristorazione [&hellip;]","og_url":"https:\/\/mirus.ch\/it\/azienda\/informazioni-su-mirus\/","og_site_name":"Mirus","article_modified_time":"2025-08-05T09:27:45+00:00","twitter_card":"summary_large_image","twitter_misc":{"Tempo di lettura stimato":"1 minuto"},"schema":{"@context":"https:\/\/schema.org","@graph":[{"@type":"WebPage","@id":"https:\/\/mirus.ch\/it\/azienda\/informazioni-su-mirus\/","url":"https:\/\/mirus.ch\/it\/azienda\/informazioni-su-mirus\/","name":"Informazioni su Mirus | Mirus","isPartOf":{"@id":"https:\/\/mirus.ch\/it\/#website"},"datePublished":"2025-03-05T13:27:15+00:00","dateModified":"2025-08-05T09:27:45+00:00","breadcrumb":{"@id":"https:\/\/mirus.ch\/it\/azienda\/informazioni-su-mirus\/#breadcrumb"},"inLanguage":"it-IT","potentialAction":[{"@type":"ReadAction","target":["https:\/\/mirus.ch\/it\/azienda\/informazioni-su-mirus\/"]}]},{"@type":"BreadcrumbList","@id":"https:\/\/mirus.ch\/it\/azienda\/informazioni-su-mirus\/#breadcrumb","itemListElement":[{"@type":"ListItem","position":1,"name":"Home","item":"https:\/\/mirus.ch\/it\/home\/"},{"@type":"ListItem","position":2,"name":"Azienda","item":"https:\/\/mirus.ch\/it\/unternehmen\/"},{"@type":"ListItem","position":3,"name":"Informazioni su Mirus"}]},{"@type":"WebSite","@id":"https:\/\/mirus.ch\/it\/#website","url":"https:\/\/mirus.ch\/it\/","name":"Mirus Software AG","description":"Software und Service mit Herzblut","publisher":{"@id":"https:\/\/mirus.ch\/it\/#organization"},"alternateName":"Mirus Schweiz","potentialAction":[{"@type":"SearchAction","target":{"@type":"EntryPoint","urlTemplate":"https:\/\/mirus.ch\/it\/?s={search_term_string}"},"query-input":{"@type":"PropertyValueSpecification","valueRequired":true,"valueName":"search_term_string"}}],"inLanguage":"it-IT"},{"@type":"Organization","@id":"https:\/\/mirus.ch\/it\/#organization","name":"Mirus software AG","url":"https:\/\/mirus.ch\/it\/","logo":{"@type":"ImageObject","inLanguage":"it-IT","@id":"https:\/\/mirus.ch\/it\/#\/schema\/logo\/image\/","url":"https:\/\/mirus.ch\/wp-content\/uploads\/2025\/07\/mirus-logo-rgb-turquise.png","contentUrl":"https:\/\/mirus.ch\/wp-content\/uploads\/2025\/07\/mirus-logo-rgb-turquise.png","width":529,"height":123,"caption":"Mirus software AG"},"image":{"@id":"https:\/\/mirus.ch\/it\/#\/schema\/logo\/image\/"},"sameAs":["https:\/\/www.linkedin.com\/company\/mirussoftwareag\/"]}]}},"_links":{"self":[{"href":"https:\/\/mirus.ch\/it\/wp-json\/wp\/v2\/pages\/8396","targetHints":{"allow":["GET"]}}],"collection":[{"href":"https:\/\/mirus.ch\/it\/wp-json\/wp\/v2\/pages"}],"about":[{"href":"https:\/\/mirus.ch\/it\/wp-json\/wp\/v2\/types\/page"}],"author":[{"embeddable":true,"href":"https:\/\/mirus.ch\/it\/wp-json\/wp\/v2\/users\/1"}],"replies":[{"embeddable":true,"href":"https:\/\/mirus.ch\/it\/wp-json\/wp\/v2\/comments?post=8396"}],"version-history":[{"count":3,"href":"https:\/\/mirus.ch\/it\/wp-json\/wp\/v2\/pages\/8396\/revisions"}],"predecessor-version":[{"id":9515,"href":"https:\/\/mirus.ch\/it\/wp-json\/wp\/v2\/pages\/8396\/revisions\/9515"}],"up":[{"embeddable":true,"href":"https:\/\/mirus.ch\/it\/wp-json\/wp\/v2\/pages\/8389"}],"wp:attachment":[{"href":"https:\/\/mirus.ch\/it\/wp-json\/wp\/v2\/media?parent=8396"}],"wp:term":[{"taxonomy":"event","embeddable":true,"href":"https:\/\/mirus.ch\/it\/wp-json\/wp\/v2\/event?post=8396"}],"curies":[{"name":"wp","href":"https:\/\/api.w.org\/{rel}","templated":true}]}}